{"id":27780,"date":"2021-02-08T15:28:17","date_gmt":"2021-02-08T15:28:17","guid":{"rendered":"https:\/\/glazeholding.com\/about\/"},"modified":"2021-03-10T13:42:23","modified_gmt":"2021-03-10T13:42:23","slug":"about","status":"publish","type":"page","link":"https:\/\/glazeholding.com\/da\/about\/","title":{"rendered":"Om"},"content":{"rendered":"<p>[et_pb_section fb_built=&#8221;1&#8243; custom_padding_last_edited=&#8221;on|desktop&#8221; _builder_version=&#8221;4.8.0&#8243; _module_preset=&#8221;default&#8221; custom_padding=&#8221;80px||80px||true|false&#8221; custom_padding_tablet=&#8221;50px||50px||true|false&#8221; custom_padding_phone=&#8221;50px||50px||true|false&#8221;][et_pb_row column_structure=&#8221;2_3,1_3&#8243; use_custom_gutter=&#8221;on&#8221; make_equal=&#8221;on&#8221; module_class=&#8221;column-reverse&#8221; _builder_version=&#8221;4.8.0&#8243; _module_preset=&#8221;default&#8221; custom_padding=&#8221;0px||0px||false|false&#8221; custom_css_main_element=&#8221;align-items:center;&#8221;][et_pb_column type=&#8221;2_3&#8243; _builder_version=&#8221;4.8.0&#8243; _module_preset=&#8221;default&#8221;][et_pb_text _builder_version=&#8221;4.8.0&#8243; _module_preset=&#8221;default&#8221; header_4_font=&#8221;|600|||||||&#8221; header_4_text_color=&#8221;#d91f27&#8243; header_4_font_size=&#8221;20px&#8221; header_4_line_height=&#8221;1.6em&#8221;]<\/p>\n<h4> VISION: ANERKENDT SOM EN F\u00d8RENDE BIDRAGSYDER TIL B\u00c6REDYGTIGE SAMFUND, DER ANVENDER RESSOURCER INTELLIGENT.<\/h4>\n<p> Vi er et strategisk forretningsudviklings- og IoT-l\u00f8sningsfirma, der specialiserer sig i at hj\u00e6lpe virksomheder med at skabe nye forretningsv\u00e6rdier ved at udnytte potentialet i IoT. Vi hj\u00e6lper jer med at skabe business cases, integrere skyens i jeres produkter, forbinde jeres fabrik og udvikle forbundne sensorl\u00f8sninger. Vi har en agil proces, og vi hj\u00e6lper jer med at gennemf\u00f8re pilotprojekter, skalering og implementation af fremtidssikre IoT-l\u00f8sninger. <br \/> Vi er teknologieksperter og har erfaring med de fem lag i IoT-teknologistakken (hardware, software, kommunikation, cloudplatforme og cloudapplikationer), og vi har lanceret flere IoT-l\u00f8sninger p\u00e5 markedet. <\/p>\n<p>[\/et_pb_text][\/et_pb_column][et_pb_column type=&#8221;1_3&#8243; _builder_version=&#8221;4.8.0&#8243; _module_preset=&#8221;default&#8221;][et_pb_image src=&#8221;https:\/\/glazeholding.com\/wp-content\/uploads\/2021\/01\/management-dk-1050&#215;700-1.jpg&#8221; title_text=&#8221;management-dk-1050&#215;700&#8243; _builder_version=&#8221;4.8.0&#8243; _module_preset=&#8221;default&#8221; box_shadow_style=&#8221;preset3&#8243;][\/et_pb_image][\/et_pb_column][\/et_pb_row][\/et_pb_section][et_pb_section fb_built=&#8221;1&#8243; custom_padding_last_edited=&#8221;on|desktop&#8221; _builder_version=&#8221;4.8.0&#8243; _module_preset=&#8221;default&#8221; background_color=&#8221;#f4f4f4&#8243; custom_padding=&#8221;80px||80px||true|false&#8221; custom_padding_tablet=&#8221;50px||50px||true|false&#8221; custom_padding_phone=&#8221;50px||50px||true|false&#8221;][et_pb_row column_structure=&#8221;1_2,1_2&#8243; use_custom_gutter=&#8221;on&#8221; gutter_width=&#8221;2&#8243; make_equal=&#8221;on&#8221; custom_padding_last_edited=&#8221;on|desktop&#8221; _builder_version=&#8221;4.8.0&#8243; background_size=&#8221;initial&#8221; background_position=&#8221;top_left&#8221; background_repeat=&#8221;repeat&#8221; custom_padding=&#8221;50px||0px||false|false&#8221; custom_padding_tablet=&#8221;30px||||false|false&#8221; custom_padding_phone=&#8221;&#8221;][et_pb_column type=&#8221;1_2&#8243; _builder_version=&#8221;4.8.0&#8243; background_position=&#8221;top_left&#8221; custom_padding=&#8221;20px|20px|20px|20px|true|true&#8221; custom_padding__hover=&#8221;|||&#8221;][et_pb_divider color=&#8221;#D91F27&#8243; divider_weight=&#8221;3px&#8221; disabled_on=&#8221;off|off|off&#8221; _builder_version=&#8221;4.8.0&#8243; background_color_gradient_direction=&#8221;90deg&#8221; max_width=&#8221;100px&#8221; module_alignment=&#8221;left&#8221; height=&#8221;5px&#8221; custom_margin=&#8221;||20px|&#8221; custom_padding=&#8221;||20px|&#8221; animation_style=&#8221;slide&#8221; animation_direction=&#8221;bottom&#8221; saved_tabs=&#8221;all&#8221; locked=&#8221;off&#8221;][\/et_pb_divider][et_pb_text admin_label=&#8221;About Section Title&#8221; _builder_version=&#8221;4.8.0&#8243; text_text_color=&#8221;#1f1f1f&#8221; text_font_size=&#8221;36px&#8221; header_font=&#8221;|600|||||||&#8221; header_2_font=&#8221;|600|||||||&#8221; header_2_font_size=&#8221;30px&#8221; header_2_line_height=&#8221;1.2em&#8221; background_size=&#8221;initial&#8221; background_position=&#8221;top_left&#8221; background_repeat=&#8221;repeat&#8221; custom_margin=&#8221;||25px||false|false&#8221; text_font_size_tablet=&#8221;24px&#8221; text_font_size_phone=&#8221;&#8221; text_font_size_last_edited=&#8221;on|phone&#8221; header_2_font_size_tablet=&#8221;&#8221; header_2_font_size_phone=&#8221;24px&#8221; header_2_font_size_last_edited=&#8221;on|desktop&#8221;]<\/p>\n<h2>FACTS OM GLAZE<\/h2>\n<p>[\/et_pb_text][et_pb_blurb title=&#8221;LANG HISTORIK&#8221; url=&#8221;#&#8221; use_icon=&#8221;on&#8221; font_icon=&#8221;%%202%%&#8221; icon_color=&#8221;#d91f27&#8243; icon_placement=&#8221;left&#8221; content_max_width=&#8221;100%&#8221; admin_label=&#8221;Service 01&#8243; _builder_version=&#8221;4.8.0&#8243; header_font=&#8221;|600|||||||&#8221; header_font_size=&#8221;17px&#8221; header_line_height=&#8221;1.3em&#8221; background_size=&#8221;initial&#8221; background_position=&#8221;top_left&#8221; background_repeat=&#8221;repeat&#8221; animation_style=&#8221;fold&#8221; animation_direction=&#8221;bottom&#8221; animation_intensity_fold=&#8221;30%&#8221; header_font_size_tablet=&#8221;&#8221; header_font_size_phone=&#8221;&#8221; header_font_size_last_edited=&#8221;on|desktop&#8221;]<\/p>\n<p><span>Siden \u00e5r 2000 har teamet bag Glaze udviklet intelligente produkter. <\/span><\/p>\n<p>[\/et_pb_blurb][et_pb_blurb title=&#8221; \u00d8RESUNDSREGIONEN&#8221; url=&#8221;#&#8221; use_icon=&#8221;on&#8221; font_icon=&#8221;%%202%%&#8221; icon_color=&#8221;#d91f27&#8243; icon_placement=&#8221;left&#8221; content_max_width=&#8221;100%&#8221; admin_label=&#8221;Service 01&#8243; _builder_version=&#8221;4.8.0&#8243; header_font=&#8221;|600|||||||&#8221; header_font_size=&#8221;17px&#8221; header_line_height=&#8221;1.3em&#8221; background_size=&#8221;initial&#8221; background_position=&#8221;top_left&#8221; background_repeat=&#8221;repeat&#8221; animation_style=&#8221;fold&#8221; animation_direction=&#8221;bottom&#8221; animation_intensity_fold=&#8221;30%&#8221; header_font_size_tablet=&#8221;&#8221; header_font_size_phone=&#8221;&#8221; header_font_size_last_edited=&#8221;on|desktop&#8221;]Vi er en organisation, der udnytter styrkerne i den svenske og danske ekspertise inden for produktudvikling. Og som s\u00e5dan har vi st\u00e6rke medico-, lyd- og telekom-kompetencer, udover naturligvis generelle IoT-kompetencer.[\/et_pb_blurb][et_pb_blurb title=&#8221;ST\u00c6RK ERFARING&#8221; url=&#8221;#&#8221; use_icon=&#8221;on&#8221; font_icon=&#8221;%%202%%&#8221; icon_color=&#8221;#d91f27&#8243; icon_placement=&#8221;left&#8221; content_max_width=&#8221;100%&#8221; admin_label=&#8221;Service 01&#8243; _builder_version=&#8221;4.8.0&#8243; header_font=&#8221;|600|||||||&#8221; header_font_size=&#8221;17px&#8221; header_line_height=&#8221;1.3em&#8221; background_size=&#8221;initial&#8221; background_position=&#8221;top_left&#8221; background_repeat=&#8221;repeat&#8221; animation_style=&#8221;fold&#8221; animation_direction=&#8221;bottom&#8221; animation_intensity_fold=&#8221;30%&#8221; header_font_size_tablet=&#8221;&#8221; header_font_size_phone=&#8221;&#8221; header_font_size_last_edited=&#8221;on|desktop&#8221;]Vores seniorr\u00e5dgivere har mange \u00e5rs erfaring inden for ledelse og h\u00e5ndtering af udvikling af intelligente produkter.[\/et_pb_blurb][et_pb_blurb title=&#8221;VI OMFAVNER IOT FRA IDE TIL PRODUKT&#8221; url=&#8221;#&#8221; use_icon=&#8221;on&#8221; font_icon=&#8221;%%202%%&#8221; icon_color=&#8221;#d91f27&#8243; icon_placement=&#8221;left&#8221; content_max_width=&#8221;100%&#8221; admin_label=&#8221;Service 01&#8243; _builder_version=&#8221;4.8.0&#8243; header_font=&#8221;|600|||||||&#8221; header_font_size=&#8221;17px&#8221; header_line_height=&#8221;1.3em&#8221; background_size=&#8221;initial&#8221; background_position=&#8221;top_left&#8221; background_repeat=&#8221;repeat&#8221; animation_style=&#8221;fold&#8221; animation_direction=&#8221;bottom&#8221; animation_intensity_fold=&#8221;30%&#8221; header_font_size_tablet=&#8221;&#8221; header_font_size_phone=&#8221;&#8221; header_font_size_last_edited=&#8221;on|desktop&#8221;]Embedded software, elektronik, IoT-cloud og forretningssystemintegration er komponenter i de fleste intelligente produkter. Vores DNA er at t\u00e6nke hele systemet som sammenh\u00e6ngende.[\/et_pb_blurb][\/et_pb_column][et_pb_column type=&#8221;1_2&#8243; _builder_version=&#8221;4.8.0&#8243; background_position=&#8221;top_left&#8221; custom_padding=&#8221;20px|20px|20px|20px|true|true&#8221; custom_padding__hover=&#8221;|||&#8221;][et_pb_divider color=&#8221;#D91F27&#8243; divider_weight=&#8221;3px&#8221; disabled_on=&#8221;off|off|off&#8221; _builder_version=&#8221;4.8.0&#8243; background_color_gradient_direction=&#8221;90deg&#8221; max_width=&#8221;100px&#8221; module_alignment=&#8221;left&#8221; height=&#8221;5px&#8221; custom_margin=&#8221;||20px|&#8221; custom_padding=&#8221;||20px|&#8221; animation_style=&#8221;slide&#8221; animation_direction=&#8221;bottom&#8221; saved_tabs=&#8221;all&#8221; locked=&#8221;off&#8221;][\/et_pb_divider][et_pb_text admin_label=&#8221;About Section Title&#8221; _builder_version=&#8221;4.8.0&#8243; text_text_color=&#8221;#1f1f1f&#8221; text_font_size=&#8221;36px&#8221; header_font=&#8221;|600|||||||&#8221; header_2_font=&#8221;|600|||||||&#8221; header_2_font_size=&#8221;30px&#8221; header_2_line_height=&#8221;1.2em&#8221; background_size=&#8221;initial&#8221; background_position=&#8221;top_left&#8221; background_repeat=&#8221;repeat&#8221; custom_margin=&#8221;||25px||false|false&#8221; text_font_size_tablet=&#8221;24px&#8221; text_font_size_phone=&#8221;&#8221; text_font_size_last_edited=&#8221;on|phone&#8221; header_2_font_size_tablet=&#8221;&#8221; header_2_font_size_phone=&#8221;24px&#8221; header_2_font_size_last_edited=&#8221;on|desktop&#8221;]<\/p>\n<h2>GLAZE UNITED<\/h2>\n<p>[\/et_pb_text][et_pb_text _builder_version=&#8221;4.8.0&#8243; _module_preset=&#8221;default&#8221;]<\/p>\n<p> <strong> Vi er et team af erfarne r\u00e5dgivere med en st\u00e6rk historik med styring af udvikling af intelligente produkter. <\/strong> <\/p>\n<p> Vi har en forretningsorienteret kultur som vi ogs\u00e5 anvender eksternt n\u00e5r vi arbejder med at navigere vores kunders produktudvikling &#8211; altid med vedvarende fokus p\u00e5 levedygtighed og kunders rentabilitet. Vores m\u00e5l er at levere produkter inden for den aftalte time-to-market, kvalitet og pris. <br \/> Vi kalder vores kultur Glaze United p\u00e5 grund af vores virksomheds samlede viden og kunnen, og vi udnytter vores kompetencer ved at t\u00e6nke og optr\u00e6de som \u00e9t team. <br \/> Vores kerne er samarbejde og positivt arbejdsmilj\u00f8. Vi skaber f\u00e6lles m\u00e5l og et arbejdsmilj\u00f8, der byder kreative, forskellige meninger velkommen og fremmer v\u00e6kst, og som igen g\u00f8r arbejdspladsen til et sjovt sted at v\u00e6re. <\/p>\n<p>[\/et_pb_text][\/et_pb_column][\/et_pb_row][\/et_pb_section][et_pb_section fb_built=&#8221;1&#8243; custom_padding_last_edited=&#8221;on|desktop&#8221; admin_label=&#8221;Our Team&#8221; _builder_version=&#8221;4.8.0&#8243; custom_padding=&#8221;80px||80px||true|false&#8221; custom_padding_tablet=&#8221;50px||50px||true|false&#8221; custom_padding_phone=&#8221;&#8221;][et_pb_row _builder_version=&#8221;3.25&#8243; background_size=&#8221;initial&#8221; background_position=&#8221;top_left&#8221; background_repeat=&#8221;repeat&#8221; custom_padding=&#8221;2px|||||&#8221; custom_width_px=&#8221;710px&#8221; locked=&#8221;off&#8221;][et_pb_column type=&#8221;4_4&#8243; _builder_version=&#8221;3.25&#8243; background_position=&#8221;top_left&#8221; custom_padding=&#8221;|||&#8221; custom_padding__hover=&#8221;|||&#8221;][et_pb_divider color=&#8221;#D91F27&#8243; divider_weight=&#8221;3px&#8221; disabled_on=&#8221;off|off|off&#8221; _builder_version=&#8221;4.7.7&#8243; background_color_gradient_direction=&#8221;90deg&#8221; max_width=&#8221;100px&#8221; module_alignment=&#8221;center&#8221; height=&#8221;5px&#8221; custom_margin=&#8221;||20px|&#8221; custom_padding=&#8221;||20px|&#8221; animation_style=&#8221;slide&#8221; animation_direction=&#8221;bottom&#8221; saved_tabs=&#8221;all&#8221; locked=&#8221;off&#8221;][\/et_pb_divider][et_pb_text admin_label=&#8221;Team Section Title&#8221; _builder_version=&#8221;4.8.0&#8243; text_text_color=&#8221;#ffffff&#8221; text_font_size=&#8221;20px&#8221; header_font=&#8221;|600|||||||&#8221; header_2_font=&#8221;|600|||||||&#8221; header_2_text_align=&#8221;center&#8221; header_2_font_size=&#8221;45px&#8221; header_2_line_height=&#8221;1.2em&#8221; background_size=&#8221;initial&#8221; background_position=&#8221;top_left&#8221; background_repeat=&#8221;repeat&#8221; text_orientation=&#8221;center&#8221; custom_margin=&#8221;0px||15px||false|false&#8221; text_font_size_tablet=&#8221;17px&#8221; text_font_size_phone=&#8221;&#8221; text_font_size_last_edited=&#8221;on|desktop&#8221; header_2_font_size_tablet=&#8221;35px&#8221; header_2_font_size_phone=&#8221;24px&#8221; header_2_font_size_last_edited=&#8221;on|desktop&#8221;]<\/p>\n<h2>LEDELSESPERSPEKTIVER<\/h2>\n<p>[\/et_pb_text][\/et_pb_column][\/et_pb_row][et_pb_row column_structure=&#8221;1_3,1_3,1_3&#8243; use_custom_gutter=&#8221;on&#8221; gutter_width=&#8221;2&#8243; _builder_version=&#8221;3.25&#8243; background_size=&#8221;initial&#8221; background_position=&#8221;top_left&#8221; background_repeat=&#8221;repeat&#8221; custom_padding=&#8221;44px|0px|0px|0px||&#8221;][et_pb_column type=&#8221;1_3&#8243; _builder_version=&#8221;3.25&#8243; custom_padding=&#8221;|||&#8221; custom_padding__hover=&#8221;|||&#8221;][et_pb_team_member name=&#8221;FLEMMING VON HOLCK&#8221; image_url=&#8221;https:\/\/glazeholding.com\/wp-content\/uploads\/2021\/01\/flemming-about-200&#215;200-1.png&#8221; admin_label=&#8221;Member 01&#8243; module_class=&#8221;single_team&#8221; _builder_version=&#8221;4.8.0&#8243; header_font=&#8221;|600|||||||&#8221; header_font_size=&#8221;20px&#8221; header_line_height=&#8221;2em&#8221; body_text_align=&#8221;center&#8221; background_size=&#8221;initial&#8221; background_position=&#8221;top_left&#8221; background_repeat=&#8221;repeat&#8221; text_orientation=&#8221;center&#8221; custom_padding=&#8221;20px|20px|20px|20px|true|true&#8221; animation_style=&#8221;fold&#8221; animation_direction=&#8221;bottom&#8221; animation_intensity_fold=&#8221;20%&#8221; border_radii=&#8221;on|3px|3px|3px|3px&#8221; box_shadow_style=&#8221;preset3&#8243;]&#8221;Mit fokus er at gro produkter fra id\u00e9er. At udvikle det bedste produkt under de givne omst\u00e6ndigheder. At levere gode produkter til tilfredse kunder. At finde de bedste mennesker til teamet. At coache teamet for at opn\u00e5 resultater. At styre prioriteter og mennesker. At tage ansvar og tilpasse sig \u00e6ndringer.&#8221; Flemming har fungeret som projektleder og r\u00e5dgiver i de sidste 20+ \u00e5r.[\/et_pb_team_member][\/et_pb_column][et_pb_column type=&#8221;1_3&#8243; _builder_version=&#8221;3.25&#8243; custom_padding=&#8221;|||&#8221; custom_padding__hover=&#8221;|||&#8221;][et_pb_team_member name=&#8221;JAKOB APPEL&#8221; image_url=&#8221;https:\/\/glazeholding.com\/wp-content\/uploads\/2021\/01\/jakob-about-200&#215;200-1.png&#8221; admin_label=&#8221;Member 01&#8243; module_class=&#8221;single_team&#8221; _builder_version=&#8221;4.8.0&#8243; header_font=&#8221;|600|||||||&#8221; header_font_size=&#8221;20px&#8221; header_line_height=&#8221;2em&#8221; body_text_align=&#8221;center&#8221; background_size=&#8221;initial&#8221; background_position=&#8221;top_left&#8221; background_repeat=&#8221;repeat&#8221; text_orientation=&#8221;center&#8221; custom_padding=&#8221;20px|20px|20px|20px|true|true&#8221; animation_style=&#8221;fold&#8221; animation_direction=&#8221;bottom&#8221; animation_intensity_fold=&#8221;20%&#8221; border_radii=&#8221;on|3px|3px|3px|3px&#8221; box_shadow_style=&#8221;preset3&#8243;]&#8221;Jeg \u00f8nsker, at Glaze bidrager til et mere levedygtigt samfund med intelligent brug af ressourcer. Dette vil skabe nye og rentable markeder for kunder. Jeg \u00f8nsker at samle det bedste team og udvide deres kompetencer, og skabe en fremragende arbejdsplads og atmosf\u00e6re. Vi i Glaze skal altid lytte og v\u00e6re \u00e5bne for nye ideer.&#8221; Jakob har fungeret som partner, grundl\u00e6gger og leder i de seneste 10 \u00e5r.[\/et_pb_team_member][\/et_pb_column][et_pb_column type=&#8221;1_3&#8243; _builder_version=&#8221;3.25&#8243; custom_padding=&#8221;|||&#8221; custom_padding__hover=&#8221;|||&#8221;][et_pb_team_member name=&#8221;LARS ISRAELSSON&#8221; image_url=&#8221;https:\/\/glazeholding.com\/wp-content\/uploads\/2021\/01\/lars-about-200&#215;200-1.png&#8221; admin_label=&#8221;Member 01&#8243; module_class=&#8221;single_team&#8221; _builder_version=&#8221;4.8.0&#8243; header_font=&#8221;|600|||||||&#8221; header_font_size=&#8221;20px&#8221; header_line_height=&#8221;2em&#8221; body_text_align=&#8221;center&#8221; background_size=&#8221;initial&#8221; background_position=&#8221;top_left&#8221; background_repeat=&#8221;repeat&#8221; text_orientation=&#8221;center&#8221; custom_padding=&#8221;20px|20px|20px|20px|true|true&#8221; animation_style=&#8221;fold&#8221; animation_direction=&#8221;bottom&#8221; animation_intensity_fold=&#8221;20%&#8221; border_radii=&#8221;on|3px|3px|3px|3px&#8221; box_shadow_style=&#8221;preset3&#8243;]&#8221;Jeg udvikler succesrige virksomheder selv i sv\u00e6re tider. Jeg tackler udfordringerne og skaber l\u00f8sninger til alles tilfredshed. Mit fokus er ogs\u00e5 at give inspiration til forretningsudvikling og at f\u00e5 folk til at \u00e5bne op og udforske veje til succes. At se tingene holistisk, samtidig med at de er praktiske og fokuserede.&#8221; Lars har grundlagt og ledet flere teknologi- og marketingfirmaer.[\/et_pb_team_member][\/et_pb_column][\/et_pb_row][\/et_pb_section]<\/p>\n","protected":false},"excerpt":{"rendered":"<p>VISION: ANERKENDT SOM EN F\u00d8RENDE BIDRAGSYDER TIL B\u00c6REDYGTIGE SAMFUND, DER ANVENDER RESSOURCER INTELLIGENT. Vi er et strategisk forretningsudviklings- og IoT-l\u00f8sningsfirma, der specialiserer sig i at hj\u00e6lpe virksomheder med at skabe nye forretningsv\u00e6rdier ved at udnytte potentialet i IoT. Vi hj\u00e6lper jer med at skabe business cases, integrere skyens i jeres produkter, forbinde jeres fabrik og [&hellip;]<\/p>\n","protected":false},"author":1,"featured_media":0,"parent":0,"menu_order":0,"comment_status":"closed","ping_status":"closed","template":"","meta":{"_et_pb_use_builder":"on","_et_pb_old_content":"","_et_gb_content_width":"","inline_featured_image":false,"footnotes":""},"class_list":["post-27780","page","type-page","status-publish","hentry"],"_links":{"self":[{"href":"https:\/\/glazeholding.com\/da\/wp-json\/wp\/v2\/pages\/27780","targetHints":{"allow":["GET"]}}],"collection":[{"href":"https:\/\/glazeholding.com\/da\/wp-json\/wp\/v2\/pages"}],"about":[{"href":"https:\/\/glazeholding.com\/da\/wp-json\/wp\/v2\/types\/page"}],"author":[{"embeddable":true,"href":"https:\/\/glazeholding.com\/da\/wp-json\/wp\/v2\/users\/1"}],"replies":[{"embeddable":true,"href":"https:\/\/glazeholding.com\/da\/wp-json\/wp\/v2\/comments?post=27780"}],"version-history":[{"count":23,"href":"https:\/\/glazeholding.com\/da\/wp-json\/wp\/v2\/pages\/27780\/revisions"}],"predecessor-version":[{"id":28524,"href":"https:\/\/glazeholding.com\/da\/wp-json\/wp\/v2\/pages\/27780\/revisions\/28524"}],"wp:attachment":[{"href":"https:\/\/glazeholding.com\/da\/wp-json\/wp\/v2\/media?parent=27780"}],"curies":[{"name":"wp","href":"https:\/\/api.w.org\/{rel}","templated":true}]}}