{"id":27834,"date":"2021-02-08T15:49:43","date_gmt":"2021-02-08T15:49:43","guid":{"rendered":"https:\/\/glazeholding.com\/industrial-edge-computing\/"},"modified":"2021-03-10T09:48:44","modified_gmt":"2021-03-10T09:48:44","slug":"industriel-edge-computing","status":"publish","type":"page","link":"https:\/\/glazeholding.com\/da\/industriel-edge-computing\/","title":{"rendered":"Industriel edge computing"},"content":{"rendered":"<p>[et_pb_section fb_built=&#8221;1&#8243; custom_padding_last_edited=&#8221;on|desktop&#8221; _builder_version=&#8221;4.8.0&#8243; _module_preset=&#8221;default&#8221; custom_padding=&#8221;80px||80px||false|false&#8221; custom_padding_tablet=&#8221;50px||50px||false|false&#8221; custom_padding_phone=&#8221;&#8221;][et_pb_row _builder_version=&#8221;3.25&#8243; background_size=&#8221;initial&#8221; background_position=&#8221;top_left&#8221; background_repeat=&#8221;repeat&#8221; custom_width_px=&#8221;710px&#8221;][et_pb_column type=&#8221;4_4&#8243; _builder_version=&#8221;3.25&#8243; background_position=&#8221;top_left&#8221; custom_padding=&#8221;|||&#8221; custom_padding__hover=&#8221;|||&#8221;][et_pb_divider color=&#8221;#D91F27&#8243; divider_weight=&#8221;3px&#8221; disabled_on=&#8221;off|off|off&#8221; _builder_version=&#8221;4.7.7&#8243; background_color_gradient_direction=&#8221;90deg&#8221; max_width=&#8221;100px&#8221; module_alignment=&#8221;center&#8221; height=&#8221;5px&#8221; custom_margin=&#8221;||20px|&#8221; custom_padding=&#8221;||20px|&#8221; animation_style=&#8221;slide&#8221; animation_direction=&#8221;bottom&#8221; saved_tabs=&#8221;all&#8221; locked=&#8221;off&#8221;][\/et_pb_divider][et_pb_text admin_label=&#8221;Project Section Title&#8221; _builder_version=&#8221;4.8.0&#8243; text_text_color=&#8221;#ffffff&#8221; text_font_size=&#8221;20px&#8221; header_font=&#8221;|600|||||||&#8221; header_2_font=&#8221;|600|||||||&#8221; header_2_text_align=&#8221;center&#8221; header_2_font_size=&#8221;45px&#8221; header_2_line_height=&#8221;1.2em&#8221; background_size=&#8221;initial&#8221; background_position=&#8221;top_left&#8221; background_repeat=&#8221;repeat&#8221; text_orientation=&#8221;center&#8221; custom_margin=&#8221;0px||15px||false|false&#8221; text_font_size_tablet=&#8221;17px&#8221; text_font_size_phone=&#8221;&#8221; text_font_size_last_edited=&#8221;on|desktop&#8221; header_2_font_size_tablet=&#8221;35px&#8221; header_2_font_size_phone=&#8221;24px&#8221; header_2_font_size_last_edited=&#8221;on|desktop&#8221;]<\/p>\n<h1>Industriel edge computing<\/h1>\n<p>[\/et_pb_text][\/et_pb_column][\/et_pb_row][et_pb_row _builder_version=&#8221;4.8.0&#8243; _module_preset=&#8221;default&#8221; custom_padding=&#8221;0px||0px||false|false&#8221;][et_pb_column type=&#8221;4_4&#8243; _builder_version=&#8221;4.8.0&#8243; _module_preset=&#8221;default&#8221;][et_pb_divider color=&#8221;#D91F27&#8243; divider_weight=&#8221;3px&#8221; disabled_on=&#8221;off|off|off&#8221; _builder_version=&#8221;4.7.7&#8243; background_color_gradient_direction=&#8221;90deg&#8221; max_width=&#8221;100px&#8221; module_alignment=&#8221;left&#8221; height=&#8221;5px&#8221; custom_margin=&#8221;||20px|&#8221; custom_padding=&#8221;||20px|&#8221; animation_style=&#8221;slide&#8221; animation_direction=&#8221;bottom&#8221; saved_tabs=&#8221;all&#8221; locked=&#8221;off&#8221;][\/et_pb_divider][et_pb_cta title=&#8221;Kort introduktion: &#8221; button_url=&#8221;#&#8221; admin_label=&#8221;Feature 01&#8243; _builder_version=&#8221;4.8.0&#8243; header_level=&#8221;h5&#8243; header_font=&#8221;|600|||||||&#8221; header_text_color=&#8221;#1f1f1f&#8221; header_font_size=&#8221;30px&#8221; header_line_height=&#8221;1.2em&#8221; use_background_color=&#8221;off&#8221; custom_button=&#8221;on&#8221; button_text_color=&#8221;#ffffff&#8221; button_border_width=&#8221;0px&#8221; button_letter_spacing=&#8221;2px&#8221; button_font=&#8221;|||on|||||&#8221; button_use_icon=&#8221;off&#8221; button_custom_padding=&#8221;10px|20px|10px|20px|true|true&#8221; text_orientation=&#8221;left&#8221; background_layout=&#8221;light&#8221; max_width_tablet=&#8221;&#8221; max_width_phone=&#8221;&#8221; max_width_last_edited=&#8221;on|desktop&#8221; module_alignment=&#8221;left&#8221; custom_margin=&#8221;|||&#8221; custom_padding=&#8221;|||&#8221; animation_style=&#8221;fold&#8221; animation_direction=&#8221;bottom&#8221; animation_intensity_fold=&#8221;15%&#8221; header_font_size_tablet=&#8221;&#8221; header_font_size_phone=&#8221;24px&#8221; header_font_size_last_edited=&#8221;on|desktop&#8221; button_text_color_hover=&#8221;#6eba01&#8243; button_border_color_hover=&#8221;#6eba01&#8243; button_border_radius_hover=&#8221;0&#8243; button_letter_spacing_hover=&#8221;2&#8243; button_bg_color_hover=&#8221;rgba(0,0,0,0)&#8221; saved_tabs=&#8221;all&#8221; locked=&#8221;off&#8221; button_text_size__hover_enabled=&#8221;off&#8221; button_one_text_size__hover_enabled=&#8221;off&#8221; button_two_text_size__hover_enabled=&#8221;off&#8221; button_text_color__hover_enabled=&#8221;on&#8221; button_one_text_color__hover_enabled=&#8221;off&#8221; button_two_text_color__hover_enabled=&#8221;off&#8221; button_border_width__hover_enabled=&#8221;on|desktop&#8221; button_one_border_width__hover_enabled=&#8221;off&#8221; button_two_border_width__hover_enabled=&#8221;off&#8221; button_border_color__hover_enabled=&#8221;on|hover&#8221; button_one_border_color__hover_enabled=&#8221;off&#8221; button_two_border_color__hover_enabled=&#8221;off&#8221; button_border_radius__hover_enabled=&#8221;on|desktop&#8221; button_border_radius__hover=&#8221;3px&#8221; button_one_border_radius__hover_enabled=&#8221;off&#8221; button_two_border_radius__hover_enabled=&#8221;off&#8221; button_letter_spacing__hover_enabled=&#8221;on|desktop&#8221; button_letter_spacing__hover=&#8221;2&#8243; button_one_letter_spacing__hover_enabled=&#8221;off&#8221; button_two_letter_spacing__hover_enabled=&#8221;off&#8221; button_bg_color__hover_enabled=&#8221;on|hover&#8221; button_one_bg_color__hover_enabled=&#8221;off&#8221; button_two_bg_color__hover_enabled=&#8221;off&#8221; button_bg_color__hover=&#8221;#808080&#8243; button_bg_enable_color__hover=&#8221;on&#8221;]<\/p>\n<p>IoT-enheder genererer vigtige oplysninger om virksomhedens drift og kunder. De overf\u00f8rer data ved hj\u00e6lp af specialprotokoller til lokale edge gateways (ogs\u00e5 kendt som field agents eller field gateways) og derefter over internettet. I det industrielle rum bringer IoT forbindelse til bygninger, maskiner og kritisk infrastruktur, der traditionelt ikke har v\u00e6ret forbundet. En virksomheds edge skal derfor inkorporere sikkerhedskomponenter for at sikre enhedsgodkendelse, netv\u00e6rksforbindelse, softwareopgraderinger, identitets- og adgangsstyring, forebyggelse af datatab og m\u00e5ske lokal behandling og filtrering af data. Baseret p\u00e5 vores indsigt og erfaringer inden for udvikling af indlejrede systemer og automationssystemer (ogs\u00e5 kaldet Operational Technology (OT)) kan vi integrere lokalt til eksisterende systemer, f.eks. MES, Scada, Historians, PLC&#8217;er og forskellige sensorer, eller vi kan etablere en helt ny edge-l\u00f8sning inklusiv udvikling af elektronik med vores partnere. Her f\u00f8lger <a class=\"service_popup_jn_2a\">vores anbefalede proces<\/a>, som illustrerer de forskellige faser man b\u00f8r unders\u00f8ge, n\u00e5r man skal i gang med at designe edge- og back-end-dataindsamling.<\/p>\n<p>[\/et_pb_cta][\/et_pb_column][\/et_pb_row][et_pb_row _builder_version=&#8221;4.8.0&#8243; _module_preset=&#8221;default&#8221; custom_padding=&#8221;50px||0px||false|false&#8221;][et_pb_column type=&#8221;4_4&#8243; _builder_version=&#8221;4.8.0&#8243; _module_preset=&#8221;default&#8221;][et_pb_divider color=&#8221;#D91F27&#8243; divider_weight=&#8221;3px&#8221; disabled_on=&#8221;off|off|off&#8221; _builder_version=&#8221;4.7.7&#8243; background_color_gradient_direction=&#8221;90deg&#8221; max_width=&#8221;100px&#8221; module_alignment=&#8221;left&#8221; height=&#8221;5px&#8221; custom_margin=&#8221;||20px|&#8221; custom_padding=&#8221;||20px|&#8221; animation_style=&#8221;slide&#8221; animation_direction=&#8221;bottom&#8221; saved_tabs=&#8221;all&#8221; locked=&#8221;off&#8221;][\/et_pb_divider][et_pb_cta title=&#8221;Uddybning: &#8221; button_url=&#8221;#&#8221; admin_label=&#8221;Feature 01&#8243; _builder_version=&#8221;4.8.0&#8243; header_level=&#8221;h5&#8243; header_font=&#8221;|600|||||||&#8221; header_text_color=&#8221;#1f1f1f&#8221; header_font_size=&#8221;30px&#8221; header_line_height=&#8221;1.2em&#8221; use_background_color=&#8221;off&#8221; custom_button=&#8221;on&#8221; button_text_color=&#8221;#ffffff&#8221; button_border_width=&#8221;0px&#8221; button_letter_spacing=&#8221;2px&#8221; button_font=&#8221;|||on|||||&#8221; button_use_icon=&#8221;off&#8221; button_custom_padding=&#8221;10px|20px|10px|20px|true|true&#8221; text_orientation=&#8221;left&#8221; background_layout=&#8221;light&#8221; max_width_tablet=&#8221;&#8221; max_width_phone=&#8221;&#8221; max_width_last_edited=&#8221;on|desktop&#8221; module_alignment=&#8221;left&#8221; custom_margin=&#8221;|||&#8221; custom_padding=&#8221;|||&#8221; animation_style=&#8221;fold&#8221; animation_direction=&#8221;bottom&#8221; animation_intensity_fold=&#8221;15%&#8221; header_font_size_tablet=&#8221;&#8221; header_font_size_phone=&#8221;24px&#8221; header_font_size_last_edited=&#8221;on|desktop&#8221; button_text_color_hover=&#8221;#6eba01&#8243; button_border_color_hover=&#8221;#6eba01&#8243; button_border_radius_hover=&#8221;0&#8243; button_letter_spacing_hover=&#8221;2&#8243; button_bg_color_hover=&#8221;rgba(0,0,0,0)&#8221; saved_tabs=&#8221;all&#8221; locked=&#8221;off&#8221; button_text_size__hover_enabled=&#8221;off&#8221; button_one_text_size__hover_enabled=&#8221;off&#8221; button_two_text_size__hover_enabled=&#8221;off&#8221; button_text_color__hover_enabled=&#8221;on&#8221; button_one_text_color__hover_enabled=&#8221;off&#8221; button_two_text_color__hover_enabled=&#8221;off&#8221; button_border_width__hover_enabled=&#8221;on|desktop&#8221; button_one_border_width__hover_enabled=&#8221;off&#8221; button_two_border_width__hover_enabled=&#8221;off&#8221; button_border_color__hover_enabled=&#8221;on|hover&#8221; button_one_border_color__hover_enabled=&#8221;off&#8221; button_two_border_color__hover_enabled=&#8221;off&#8221; button_border_radius__hover_enabled=&#8221;on|desktop&#8221; button_border_radius__hover=&#8221;3px&#8221; button_one_border_radius__hover_enabled=&#8221;off&#8221; button_two_border_radius__hover_enabled=&#8221;off&#8221; button_letter_spacing__hover_enabled=&#8221;on|desktop&#8221; button_letter_spacing__hover=&#8221;2&#8243; button_one_letter_spacing__hover_enabled=&#8221;off&#8221; button_two_letter_spacing__hover_enabled=&#8221;off&#8221; button_bg_color__hover_enabled=&#8221;on|hover&#8221; button_one_bg_color__hover_enabled=&#8221;off&#8221; button_two_bg_color__hover_enabled=&#8221;off&#8221; button_bg_color__hover=&#8221;#808080&#8243; button_bg_enable_color__hover=&#8221;on&#8221;][\/et_pb_cta][et_pb_image src=&#8221;https:\/\/glazeholding.com\/wp-content\/uploads\/2021\/02\/edge-scenario.jpg&#8221; title_text=&#8221;Glaze-IIoT-edge-scenario&#8221; align=&#8221;center&#8221; _builder_version=&#8221;4.8.0&#8243; _module_preset=&#8221;default&#8221; max_width=&#8221;570px&#8221; module_alignment=&#8221;center&#8221; box_shadow_style=&#8221;preset1&#8243; box_shadow_color=&#8221;rgba(0,0,0,0.2)&#8221;][\/et_pb_image][et_pb_text _builder_version=&#8221;4.8.0&#8243; _module_preset=&#8221;default&#8221; text_text_color=&#8221;#808080&#8243; custom_margin=&#8221;||0px||false|false&#8221;]<\/p>\n<p>Udfordringen er ikke at m\u00e5le data og g\u00f8re data tilg\u00e6ngelige for en cloud l\u00f8sning. N\u00e6sten hver sensor kan p\u00e5 en eller anden m\u00e5de levere data til en cloud. N\u00e6sten enhver sensorproducent tilbyder endda dataindsamling som en del af deres tjeneste.<\/p>\n<p>Udfordringen er at m\u00e5le og indsamle data vedvarende og p\u00e5lideligt p\u00e5 tv\u00e6rs af kunder og forskelligt hardware, at g\u00f8re dette med den kr\u00e6vede datakvalitet og at levere data til skyen i en form, der er omkostningseffektiv, struktureret og tolerant over for transmissionsproblemer, mens du har fuldt ejerskab af data.<\/p>\n<p>Hos Glaze har vi en baggrund med embedded devices og OT-udvikling, og vi kender vigtigheden af \u200b\u200bat have et stabilt system. Alt for ofte er embedded systemer eller OT overkonstruerede og bygger p\u00e5 teknologi, der er for\u00e6ldet, selv f\u00f8r systemet lanceres. P\u00e5 den anden side er det ogs\u00e5 vores erfaring, at det er vigtigt at h\u00e5ndtere alle relevante fejlsituationer p\u00e5 edgesiden. Typisk er 80% af softwaren i et integreret system fejl\/exceptionh\u00e5ndtering. Hvis reelle fejlsituationer fra den virkelige verden ikke h\u00e5ndteres korrekt, mislykkes systemet.<\/p>\n<p>Derfor anbefaler vi at:<\/p>\n<ul>\n<li>Bruge standard og gennemtestede komponenter, hvor det er muligt at<\/li>\n<li>Etablere proof-of-concept for systemfunktionalitet og business case tidligt<\/li>\n<li>Opretholde fleksibilitet ved hj\u00e6lp af standardgr\u00e6nseflader<\/li>\n<\/ul>\n<p>Brug af standardkomponenter g\u00f8r det muligt at have en fungerende prototype af systemet tidligt. Dette viser sig n\u00e6sten altid at v\u00e6re en god beslutning, da det tidligt afsl\u00f8rer systemets eller business casens mangler. Hos Glaze har vi erfaring med en lang r\u00e6kke OT- og deviceleverand\u00f8rer med standardgr\u00e6nseflader, der sandsynligvis passer til dit form\u00e5l. Vi anbefaler ogs\u00e5 at bruge standard edge gateways, der har indbygget mulighed for at integrere med de g\u00e6ngse protokoller s\u00e5 som MQTT, IO-Link, Modbus, OPC UA Server, Profibus, CANbus, DeviceNet, EtherCAT osv.<\/p>\n<p>[\/et_pb_text][\/et_pb_column][\/et_pb_row][et_pb_row _builder_version=&#8221;4.8.0&#8243; _module_preset=&#8221;default&#8221; custom_padding=&#8221;50px||0px||false|false&#8221;][et_pb_column type=&#8221;4_4&#8243; _builder_version=&#8221;4.8.0&#8243; _module_preset=&#8221;default&#8221;][et_pb_divider color=&#8221;#D91F27&#8243; divider_weight=&#8221;3px&#8221; disabled_on=&#8221;off|off|off&#8221; _builder_version=&#8221;4.7.7&#8243; background_color_gradient_direction=&#8221;90deg&#8221; max_width=&#8221;100px&#8221; module_alignment=&#8221;left&#8221; height=&#8221;5px&#8221; custom_margin=&#8221;||20px|&#8221; custom_padding=&#8221;||20px|&#8221; animation_style=&#8221;slide&#8221; animation_direction=&#8221;bottom&#8221; saved_tabs=&#8221;all&#8221; locked=&#8221;off&#8221;][\/et_pb_divider][et_pb_cta title=&#8221;For mere information&#8221; button_url=&#8221;#&#8221; admin_label=&#8221;Feature 01&#8243; _builder_version=&#8221;4.8.0&#8243; header_level=&#8221;h5&#8243; header_font=&#8221;|600|||||||&#8221; header_text_color=&#8221;#1f1f1f&#8221; header_font_size=&#8221;30px&#8221; header_line_height=&#8221;1.2em&#8221; use_background_color=&#8221;off&#8221; custom_button=&#8221;on&#8221; button_text_color=&#8221;#ffffff&#8221; button_border_width=&#8221;0px&#8221; button_letter_spacing=&#8221;2px&#8221; button_font=&#8221;|||on|||||&#8221; button_use_icon=&#8221;off&#8221; button_custom_padding=&#8221;10px|20px|10px|20px|true|true&#8221; text_orientation=&#8221;left&#8221; background_layout=&#8221;light&#8221; max_width_tablet=&#8221;&#8221; max_width_phone=&#8221;&#8221; max_width_last_edited=&#8221;on|desktop&#8221; module_alignment=&#8221;left&#8221; custom_margin=&#8221;|||&#8221; custom_padding=&#8221;|||&#8221; animation_style=&#8221;fold&#8221; animation_direction=&#8221;bottom&#8221; animation_intensity_fold=&#8221;15%&#8221; header_font_size_tablet=&#8221;&#8221; header_font_size_phone=&#8221;24px&#8221; header_font_size_last_edited=&#8221;on|desktop&#8221; button_text_color_hover=&#8221;#6eba01&#8243; button_border_color_hover=&#8221;#6eba01&#8243; button_border_radius_hover=&#8221;0&#8243; button_letter_spacing_hover=&#8221;2&#8243; button_bg_color_hover=&#8221;rgba(0,0,0,0)&#8221; saved_tabs=&#8221;all&#8221; locked=&#8221;off&#8221; button_text_size__hover_enabled=&#8221;off&#8221; button_one_text_size__hover_enabled=&#8221;off&#8221; button_two_text_size__hover_enabled=&#8221;off&#8221; button_text_color__hover_enabled=&#8221;on&#8221; button_one_text_color__hover_enabled=&#8221;off&#8221; button_two_text_color__hover_enabled=&#8221;off&#8221; button_border_width__hover_enabled=&#8221;on|desktop&#8221; button_one_border_width__hover_enabled=&#8221;off&#8221; button_two_border_width__hover_enabled=&#8221;off&#8221; button_border_color__hover_enabled=&#8221;on|hover&#8221; button_one_border_color__hover_enabled=&#8221;off&#8221; button_two_border_color__hover_enabled=&#8221;off&#8221; button_border_radius__hover_enabled=&#8221;on|desktop&#8221; button_border_radius__hover=&#8221;3px&#8221; button_one_border_radius__hover_enabled=&#8221;off&#8221; button_two_border_radius__hover_enabled=&#8221;off&#8221; button_letter_spacing__hover_enabled=&#8221;on|desktop&#8221; button_letter_spacing__hover=&#8221;2&#8243; button_one_letter_spacing__hover_enabled=&#8221;off&#8221; button_two_letter_spacing__hover_enabled=&#8221;off&#8221; button_bg_color__hover_enabled=&#8221;on|hover&#8221; button_one_bg_color__hover_enabled=&#8221;off&#8221; button_two_bg_color__hover_enabled=&#8221;off&#8221; button_bg_color__hover=&#8221;#808080&#8243; button_bg_enable_color__hover=&#8221;on&#8221;]<\/p>\n<p><span>Partner, Flemming von Holck, <\/span><a href=\"mailto:flemming.von.holck@glaze.dk\">flemming.von.holck@glaze.dk<\/a><span>, +45 30 66 30 61<\/span><\/p>\n<p>[\/et_pb_cta][\/et_pb_column][\/et_pb_row][\/et_pb_section]<\/p>\n","protected":false},"excerpt":{"rendered":"<p>Industriel edge computingIoT-enheder genererer vigtige oplysninger om virksomhedens drift og kunder. De overf\u00f8rer data ved hj\u00e6lp af specialprotokoller til lokale edge gateways (ogs\u00e5 kendt som field agents eller field gateways) og derefter over internettet. I det industrielle rum bringer IoT forbindelse til bygninger, maskiner og kritisk infrastruktur, der traditionelt ikke har v\u00e6ret forbundet. En virksomheds [&hellip;]<\/p>\n","protected":false},"author":1,"featured_media":0,"parent":0,"menu_order":0,"comment_status":"closed","ping_status":"closed","template":"","meta":{"_et_pb_use_builder":"on","_et_pb_old_content":"","_et_gb_content_width":"","inline_featured_image":false,"footnotes":""},"class_list":["post-27834","page","type-page","status-publish","hentry"],"_links":{"self":[{"href":"https:\/\/glazeholding.com\/da\/wp-json\/wp\/v2\/pages\/27834","targetHints":{"allow":["GET"]}}],"collection":[{"href":"https:\/\/glazeholding.com\/da\/wp-json\/wp\/v2\/pages"}],"about":[{"href":"https:\/\/glazeholding.com\/da\/wp-json\/wp\/v2\/types\/page"}],"author":[{"embeddable":true,"href":"https:\/\/glazeholding.com\/da\/wp-json\/wp\/v2\/users\/1"}],"replies":[{"embeddable":true,"href":"https:\/\/glazeholding.com\/da\/wp-json\/wp\/v2\/comments?post=27834"}],"version-history":[{"count":19,"href":"https:\/\/glazeholding.com\/da\/wp-json\/wp\/v2\/pages\/27834\/revisions"}],"predecessor-version":[{"id":28430,"href":"https:\/\/glazeholding.com\/da\/wp-json\/wp\/v2\/pages\/27834\/revisions\/28430"}],"wp:attachment":[{"href":"https:\/\/glazeholding.com\/da\/wp-json\/wp\/v2\/media?parent=27834"}],"curies":[{"name":"wp","href":"https:\/\/api.w.org\/{rel}","templated":true}]}}