{"id":27837,"date":"2021-02-08T16:01:39","date_gmt":"2021-02-08T16:01:39","guid":{"rendered":"https:\/\/glazeholding.com\/iot-cloud-developer\/"},"modified":"2022-01-23T19:32:33","modified_gmt":"2022-01-23T19:32:33","slug":"iot-cloud-developer","status":"publish","type":"page","link":"https:\/\/glazeholding.com\/da\/iot-cloud-developer\/","title":{"rendered":"IoT-Cloud Developer"},"content":{"rendered":"<p>[et_pb_section fb_built=&#8221;1&#8243; custom_padding_last_edited=&#8221;on|desktop&#8221; _builder_version=&#8221;4.8.0&#8243; _module_preset=&#8221;default&#8221; custom_padding=&#8221;80px||80px||true|false&#8221; custom_padding_tablet=&#8221;50px||50px||true|false&#8221; custom_padding_phone=&#8221;&#8221;][et_pb_row column_structure=&#8221;3_5,2_5&#8243; use_custom_gutter=&#8221;on&#8221; gutter_width=&#8221;2&#8243; make_equal=&#8221;on&#8221; module_class=&#8221;column-reverse&#8221; _builder_version=&#8221;4.8.0&#8243; _module_preset=&#8221;default&#8221; custom_padding=&#8221;0px||0px||false|false&#8221;][et_pb_column type=&#8221;3_5&#8243; _builder_version=&#8221;4.8.0&#8243; _module_preset=&#8221;default&#8221;][et_pb_text admin_label=&#8221;About Section Title&#8221; _builder_version=&#8221;4.8.0&#8243; text_font=&#8221;|600|||||||&#8221; text_text_color=&#8221;#1f1f1f&#8221; header_font=&#8221;|600|||||||&#8221; header_2_font=&#8221;|600|||||||&#8221; header_2_font_size=&#8221;30px&#8221; header_2_line_height=&#8221;1.2em&#8221; background_size=&#8221;initial&#8221; background_position=&#8221;top_left&#8221; background_repeat=&#8221;repeat&#8221; custom_margin=&#8221;0px||||false|false&#8221; text_font_size_tablet=&#8221;&#8221; text_font_size_phone=&#8221;&#8221; text_font_size_last_edited=&#8221;on|desktop&#8221; header_2_font_size_tablet=&#8221;&#8221; header_2_font_size_phone=&#8221;24px&#8221; header_2_font_size_last_edited=&#8221;on|desktop&#8221;]<\/p>\n<h1>IOT CLOUD DEVELOPER<\/h1>\n<div class=\"et_pb_module et_pb_text et_pb_text_2  et_pb_text_align_left et_pb_bg_layout_light\">\n<div class=\"et_pb_text_inner\">\n<p><b>Dr\u00f8mmer du om at udvikle morgendagens IoT-systemer og arbejde med de nyeste cloud-teknologier? <\/b><\/p>\n<ul>\n<li>Vil du arbejde med cloud, edge computing og skabe industrielle IoT-l\u00f8sninger for de f\u00f8rende virksomheder i Danmark og Sverige?<\/li>\n<li>Vil du designe og implementere micro-services og serverless arkitekturer?<\/li>\n<li>Trives du med agile projekter og med at fordybe dig i nye teknologier og problemstillinger?<\/li>\n<\/ul>\n<\/div>\n<\/div>\n<div class=\"et_pb_module et_pb_text et_pb_text_3  et_pb_text_align_left et_pb_bg_layout_light\">\n<div class=\"et_pb_text_inner\">\n<p>S\u00e5 b\u00f8r du overveje rollen som IoT-cloud udvikler hos Glaze:\u00a0<\/p>\n<\/div>\n<\/div>\n<p>[\/et_pb_text][et_pb_image src=&#8221;https:\/\/glazeholding.com\/wp-content\/uploads\/2021\/02\/4_stage_iot_solutions_architecture_0.jpeg&#8221; title_text=&#8221;4_stage_iot_solutions_architecture_0&#8243; _builder_version=&#8221;4.8.0&#8243; _module_preset=&#8221;default&#8221;][\/et_pb_image][et_pb_text _builder_version=&#8221;4.8.0&#8243; _module_preset=&#8221;default&#8221; text_text_color=&#8221;#1f1f1f&#8221; header_font=&#8221;|600|||||||&#8221; header_2_font=&#8221;|600|||||||&#8221; header_2_font_size=&#8221;30px&#8221; header_2_line_height=&#8221;1.2em&#8221; background_size=&#8221;initial&#8221; background_position=&#8221;top_left&#8221; background_repeat=&#8221;repeat&#8221; custom_margin=&#8221;0px||10px||false|false&#8221; text_font_size_tablet=&#8221;&#8221; text_font_size_phone=&#8221;&#8221; text_font_size_last_edited=&#8221;on|desktop&#8221; header_2_font_size_tablet=&#8221;&#8221; header_2_font_size_phone=&#8221;24px&#8221; header_2_font_size_last_edited=&#8221;on|desktop&#8221;]<\/p>\n<div class=\"et_pb_module et_pb_text et_pb_text_4  et_pb_text_align_left et_pb_bg_layout_light\">\n<div class=\"et_pb_text_inner\">\n<p>Du f\u00e5r en n\u00f8glerolle som enten udvikler i konsulentteamet, der udvikler IoT-l\u00f8sninger til vores kunder eller i Beacon Tower-teamet, Glazes egen Azure-baserede IoT-platform (www.beacontower.io).<\/p>\n<p>Du er en professionel og talentfuld udvikler, der trives med de udfordringer som findes inden for IoT-spektret. Du kan lide at s\u00e6tte dig ind i nye problemstillinger og vil arbejde b\u00e5de direkte med kunder og internt. Du har pr\u00f8vet kr\u00e6fter med at udvikle cloud-l\u00f8sninger og forst\u00e5r IoT-\u00f8kosystemet. Du vil samarbejde med nogle af de bedste IoT-cloud udviklere i Danmark og vokse sammen med dem.<\/p>\n<p>Den ideelle kandidat har god erfaring med forskellige sprog som .NET\/Go\/JavaScript\/Python og cloud-baseret infrastruktur, hvor Microsoft Azure er vores 1. prioritet. Du har interesse i at forst\u00e5 hvordan industrimaskiner og sensorer interagerer med skyen, og ogs\u00e5 i at implementere Edge Computing og forberedelse til Machine Learning.<\/p>\n<h2>Om os<\/h2>\n<p>Du vil v\u00e6re en del af et konsulentfirma, der har en virkelig unik profil. Dine kolleger er en del af det \u00f8verste niveau i branchen, og du skal \u00f8nske at blive udfordret. Vi er stolte af at arbejde sammen som et team, for at udnytte hinandens styrker og yde st\u00f8tte, n\u00e5r vi bruger vores svagere sider. For os er det vigtigt at v\u00e6re p\u00e5 forkant med teknologien og v\u00e6re i stand til at r\u00e5dgive vores kunder om, hvordan relevant teknologi kan udnyttes i deres forretning.<\/p>\n<p>Vi s\u00f8ger forst\u00e6rkninger til vores kontor i K\u00f8benhavn og tilbyder i \u00f8vrigt stor fleksibilitet i dagligdagen med mulighed for hjemmearbejde og individuel opgavetilrettel\u00e6ggelse.<\/p>\n<p>Se mere p\u00e5 <a href=\"https:\/\/www.beacontower.io\/da\"><b>www.beacontower.io\/da<\/b><\/a><\/p>\n<p>Kontakt gerne Managing Partner Jakob Appel p\u00e5\u00a0jakob.appel@glaze.dk eller +45 2617 1858\u00a0for mere info.<\/p>\n<p>Send dit CV til <a href=\"mailto:jobs@glaze.dk\" data-tid=\"e1311972\" data-click=\"mailto:jobs@glaze.dk\"><b>jobs@glaze.dk.<\/b><\/a><\/p>\n<\/div>\n<\/div>\n<p>[\/et_pb_text][\/et_pb_column][et_pb_column type=&#8221;2_5&#8243; _builder_version=&#8221;4.8.0&#8243; _module_preset=&#8221;default&#8221;][et_pb_image src=&#8221;https:\/\/glazeholding.com\/wp-content\/uploads\/2021\/02\/business-innovation.jpg&#8221; title_text=&#8221;business-innovation&#8221; _builder_version=&#8221;4.8.0&#8243; _module_preset=&#8221;default&#8221;][\/et_pb_image][\/et_pb_column][\/et_pb_row][\/et_pb_section]<\/p>\n","protected":false},"excerpt":{"rendered":"<p>IOT CLOUD DEVELOPER Dr\u00f8mmer du om at udvikle morgendagens IoT-systemer og arbejde med de nyeste cloud-teknologier? Vil du arbejde med cloud, edge computing og skabe industrielle IoT-l\u00f8sninger for de f\u00f8rende virksomheder i Danmark og Sverige? Vil du designe og implementere micro-services og serverless arkitekturer? Trives du med agile projekter og med at fordybe dig i [&hellip;]<\/p>\n","protected":false},"author":1,"featured_media":0,"parent":0,"menu_order":0,"comment_status":"closed","ping_status":"closed","template":"","meta":{"_et_pb_use_builder":"on","_et_pb_old_content":"","_et_gb_content_width":"","inline_featured_image":false,"footnotes":""},"class_list":["post-27837","page","type-page","status-publish","hentry"],"_links":{"self":[{"href":"https:\/\/glazeholding.com\/da\/wp-json\/wp\/v2\/pages\/27837","targetHints":{"allow":["GET"]}}],"collection":[{"href":"https:\/\/glazeholding.com\/da\/wp-json\/wp\/v2\/pages"}],"about":[{"href":"https:\/\/glazeholding.com\/da\/wp-json\/wp\/v2\/types\/page"}],"author":[{"embeddable":true,"href":"https:\/\/glazeholding.com\/da\/wp-json\/wp\/v2\/users\/1"}],"replies":[{"embeddable":true,"href":"https:\/\/glazeholding.com\/da\/wp-json\/wp\/v2\/comments?post=27837"}],"version-history":[{"count":20,"href":"https:\/\/glazeholding.com\/da\/wp-json\/wp\/v2\/pages\/27837\/revisions"}],"predecessor-version":[{"id":29021,"href":"https:\/\/glazeholding.com\/da\/wp-json\/wp\/v2\/pages\/27837\/revisions\/29021"}],"wp:attachment":[{"href":"https:\/\/glazeholding.com\/da\/wp-json\/wp\/v2\/media?parent=27837"}],"curies":[{"name":"wp","href":"https:\/\/api.w.org\/{rel}","templated":true}]}}