{"id":27846,"date":"2021-02-08T16:02:05","date_gmt":"2021-02-08T16:02:05","guid":{"rendered":"https:\/\/glazeholding.com\/iot-cloud-platform\/"},"modified":"2021-03-10T09:28:31","modified_gmt":"2021-03-10T09:28:31","slug":"iot-cloud-platform","status":"publish","type":"page","link":"https:\/\/glazeholding.com\/da\/iot-cloud-platform\/","title":{"rendered":"IoT cloud platform"},"content":{"rendered":"<p>[et_pb_section fb_built=&#8221;1&#8243; custom_padding_last_edited=&#8221;on|desktop&#8221; _builder_version=&#8221;4.8.0&#8243; _module_preset=&#8221;default&#8221; custom_padding=&#8221;80px||80px||false|false&#8221; custom_padding_tablet=&#8221;50px||50px||false|false&#8221; custom_padding_phone=&#8221;&#8221;][et_pb_row _builder_version=&#8221;3.25&#8243; background_size=&#8221;initial&#8221; background_position=&#8221;top_left&#8221; background_repeat=&#8221;repeat&#8221; custom_width_px=&#8221;710px&#8221;][et_pb_column type=&#8221;4_4&#8243; _builder_version=&#8221;3.25&#8243; background_position=&#8221;top_left&#8221; custom_padding=&#8221;|||&#8221; custom_padding__hover=&#8221;|||&#8221;][et_pb_divider color=&#8221;#D91F27&#8243; divider_weight=&#8221;3px&#8221; disabled_on=&#8221;off|off|off&#8221; _builder_version=&#8221;4.7.7&#8243; background_color_gradient_direction=&#8221;90deg&#8221; max_width=&#8221;100px&#8221; module_alignment=&#8221;center&#8221; height=&#8221;5px&#8221; custom_margin=&#8221;||20px|&#8221; custom_padding=&#8221;||20px|&#8221; animation_style=&#8221;slide&#8221; animation_direction=&#8221;bottom&#8221; saved_tabs=&#8221;all&#8221; locked=&#8221;off&#8221;][\/et_pb_divider][et_pb_text admin_label=&#8221;Project Section Title&#8221; _builder_version=&#8221;4.8.0&#8243; text_text_color=&#8221;#ffffff&#8221; text_font_size=&#8221;20px&#8221; header_font=&#8221;|600|||||||&#8221; header_2_font=&#8221;|600|||||||&#8221; header_2_text_align=&#8221;center&#8221; header_2_font_size=&#8221;45px&#8221; header_2_line_height=&#8221;1.2em&#8221; background_size=&#8221;initial&#8221; background_position=&#8221;top_left&#8221; background_repeat=&#8221;repeat&#8221; text_orientation=&#8221;center&#8221; custom_margin=&#8221;0px||15px||false|false&#8221; text_font_size_tablet=&#8221;17px&#8221; text_font_size_phone=&#8221;&#8221; text_font_size_last_edited=&#8221;on|desktop&#8221; header_2_font_size_tablet=&#8221;35px&#8221; header_2_font_size_phone=&#8221;24px&#8221; header_2_font_size_last_edited=&#8221;on|desktop&#8221;]<\/p>\n<h1>IoT cloud platform<\/h1>\n<p>[\/et_pb_text][\/et_pb_column][\/et_pb_row][et_pb_row _builder_version=&#8221;4.8.0&#8243; _module_preset=&#8221;default&#8221; custom_padding=&#8221;0px||0px||false|false&#8221;][et_pb_column type=&#8221;4_4&#8243; _builder_version=&#8221;4.8.0&#8243; _module_preset=&#8221;default&#8221;][et_pb_divider color=&#8221;#D91F27&#8243; divider_weight=&#8221;3px&#8221; disabled_on=&#8221;off|off|off&#8221; _builder_version=&#8221;4.7.7&#8243; background_color_gradient_direction=&#8221;90deg&#8221; max_width=&#8221;100px&#8221; module_alignment=&#8221;left&#8221; height=&#8221;5px&#8221; custom_margin=&#8221;||20px|&#8221; custom_padding=&#8221;||20px|&#8221; animation_style=&#8221;slide&#8221; animation_direction=&#8221;bottom&#8221; saved_tabs=&#8221;all&#8221; locked=&#8221;off&#8221;][\/et_pb_divider][et_pb_cta title=&#8221;Kort introduktion:&#8221; button_url=&#8221;#&#8221; admin_label=&#8221;Feature 01&#8243; _builder_version=&#8221;4.8.0&#8243; header_level=&#8221;h5&#8243; header_font=&#8221;|600|||||||&#8221; header_text_color=&#8221;#1f1f1f&#8221; header_font_size=&#8221;30px&#8221; header_line_height=&#8221;1.2em&#8221; use_background_color=&#8221;off&#8221; custom_button=&#8221;on&#8221; button_text_color=&#8221;#ffffff&#8221; button_border_width=&#8221;0px&#8221; button_letter_spacing=&#8221;2px&#8221; button_font=&#8221;|||on|||||&#8221; button_use_icon=&#8221;off&#8221; button_custom_padding=&#8221;10px|20px|10px|20px|true|true&#8221; text_orientation=&#8221;left&#8221; background_layout=&#8221;light&#8221; max_width_tablet=&#8221;&#8221; max_width_phone=&#8221;&#8221; max_width_last_edited=&#8221;on|desktop&#8221; module_alignment=&#8221;left&#8221; custom_margin=&#8221;|||&#8221; custom_padding=&#8221;|||&#8221; animation_style=&#8221;fold&#8221; animation_direction=&#8221;bottom&#8221; animation_intensity_fold=&#8221;15%&#8221; header_font_size_tablet=&#8221;&#8221; header_font_size_phone=&#8221;24px&#8221; header_font_size_last_edited=&#8221;on|desktop&#8221; button_text_color_hover=&#8221;#6eba01&#8243; button_border_color_hover=&#8221;#6eba01&#8243; button_border_radius_hover=&#8221;0&#8243; button_letter_spacing_hover=&#8221;2&#8243; button_bg_color_hover=&#8221;rgba(0,0,0,0)&#8221; saved_tabs=&#8221;all&#8221; locked=&#8221;off&#8221; button_text_size__hover_enabled=&#8221;off&#8221; button_one_text_size__hover_enabled=&#8221;off&#8221; button_two_text_size__hover_enabled=&#8221;off&#8221; button_text_color__hover_enabled=&#8221;on&#8221; button_one_text_color__hover_enabled=&#8221;off&#8221; button_two_text_color__hover_enabled=&#8221;off&#8221; button_border_width__hover_enabled=&#8221;on|desktop&#8221; button_one_border_width__hover_enabled=&#8221;off&#8221; button_two_border_width__hover_enabled=&#8221;off&#8221; button_border_color__hover_enabled=&#8221;on|hover&#8221; button_one_border_color__hover_enabled=&#8221;off&#8221; button_two_border_color__hover_enabled=&#8221;off&#8221; button_border_radius__hover_enabled=&#8221;on|desktop&#8221; button_border_radius__hover=&#8221;3px&#8221; button_one_border_radius__hover_enabled=&#8221;off&#8221; button_two_border_radius__hover_enabled=&#8221;off&#8221; button_letter_spacing__hover_enabled=&#8221;on|desktop&#8221; button_letter_spacing__hover=&#8221;2&#8243; button_one_letter_spacing__hover_enabled=&#8221;off&#8221; button_two_letter_spacing__hover_enabled=&#8221;off&#8221; button_bg_color__hover_enabled=&#8221;on|hover&#8221; button_one_bg_color__hover_enabled=&#8221;off&#8221; button_two_bg_color__hover_enabled=&#8221;off&#8221; button_bg_color__hover=&#8221;#808080&#8243; button_bg_enable_color__hover=&#8221;on&#8221;]<\/p>\n<p>Virksomheder, der \u00f8nsker at levere differentierede forbundne produkter eller transformere forretningsprocesser, st\u00e5r over for v\u00e6sentlige udfordringer, n\u00e5r de skal v\u00e6lge og designe deres IoT-l\u00f8sning. Det skal nemlig navigeres sikkert i et fragmenteret \u00f8kosystem af netv\u00e6rksteknologier, hardwareenheder, protokoller, software, applikationer og analysel\u00f8sninger. Derfor hj\u00e6lper Glaze med at designe og implementere IoT-cloud platforme og forenkle implementering, administration og drift af disse cloud platforme. Glaze kan skr\u00e6ddersy en komplet tilpasset industriel IoT-cloud platform, eller vi kan bruge <a href=\"https:\/\/beacontower.io\/da\/\">vores egen referenceplatform (Beacon Tower)<\/a> som enten et springbr\u00e6t eller som en hyldevarel\u00f8sning. Uanset om det er en brugerdefineret l\u00f8sning eller baseret p\u00e5 vores eget Beacon Tower, har vi en proces, der sp\u00e6nder fra business case-udvikling til implementering, drift og vedligeholdelse. Nedenst\u00e5ende figure illustrerer IoT cloud-delen af processen. Processen er baseret p\u00e5 erfaringer med lancering af adskillige globale IoT-cloud l\u00f8sninger til f\u00f8rende skandinaviske virksomheder.<\/p>\n<p>[\/et_pb_cta][\/et_pb_column][\/et_pb_row][et_pb_row _builder_version=&#8221;4.8.0&#8243; _module_preset=&#8221;default&#8221; custom_padding=&#8221;50px||0px||false|false&#8221;][et_pb_column type=&#8221;4_4&#8243; _builder_version=&#8221;4.8.0&#8243; _module_preset=&#8221;default&#8221;][et_pb_divider color=&#8221;#D91F27&#8243; divider_weight=&#8221;3px&#8221; disabled_on=&#8221;off|off|off&#8221; _builder_version=&#8221;4.7.7&#8243; background_color_gradient_direction=&#8221;90deg&#8221; max_width=&#8221;100px&#8221; module_alignment=&#8221;left&#8221; height=&#8221;5px&#8221; custom_margin=&#8221;||20px|&#8221; custom_padding=&#8221;||20px|&#8221; animation_style=&#8221;slide&#8221; animation_direction=&#8221;bottom&#8221; saved_tabs=&#8221;all&#8221; locked=&#8221;off&#8221;][\/et_pb_divider][et_pb_cta title=&#8221;Uddybning: &#8221; button_url=&#8221;#&#8221; admin_label=&#8221;Feature 01&#8243; _builder_version=&#8221;4.8.0&#8243; header_level=&#8221;h5&#8243; header_font=&#8221;|600|||||||&#8221; header_text_color=&#8221;#1f1f1f&#8221; header_font_size=&#8221;30px&#8221; header_line_height=&#8221;1.2em&#8221; use_background_color=&#8221;off&#8221; custom_button=&#8221;on&#8221; button_text_color=&#8221;#ffffff&#8221; button_border_width=&#8221;0px&#8221; button_letter_spacing=&#8221;2px&#8221; button_font=&#8221;|||on|||||&#8221; button_use_icon=&#8221;off&#8221; button_custom_padding=&#8221;10px|20px|10px|20px|true|true&#8221; text_orientation=&#8221;left&#8221; background_layout=&#8221;light&#8221; max_width_tablet=&#8221;&#8221; max_width_phone=&#8221;&#8221; max_width_last_edited=&#8221;on|desktop&#8221; module_alignment=&#8221;left&#8221; custom_margin=&#8221;|||&#8221; custom_padding=&#8221;|||&#8221; animation_style=&#8221;fold&#8221; animation_direction=&#8221;bottom&#8221; animation_intensity_fold=&#8221;15%&#8221; header_font_size_tablet=&#8221;&#8221; header_font_size_phone=&#8221;24px&#8221; header_font_size_last_edited=&#8221;on|desktop&#8221; button_text_color_hover=&#8221;#6eba01&#8243; button_border_color_hover=&#8221;#6eba01&#8243; button_border_radius_hover=&#8221;0&#8243; button_letter_spacing_hover=&#8221;2&#8243; button_bg_color_hover=&#8221;rgba(0,0,0,0)&#8221; saved_tabs=&#8221;all&#8221; locked=&#8221;off&#8221; button_text_size__hover_enabled=&#8221;off&#8221; button_one_text_size__hover_enabled=&#8221;off&#8221; button_two_text_size__hover_enabled=&#8221;off&#8221; button_text_color__hover_enabled=&#8221;on&#8221; button_one_text_color__hover_enabled=&#8221;off&#8221; button_two_text_color__hover_enabled=&#8221;off&#8221; button_border_width__hover_enabled=&#8221;on|desktop&#8221; button_one_border_width__hover_enabled=&#8221;off&#8221; button_two_border_width__hover_enabled=&#8221;off&#8221; button_border_color__hover_enabled=&#8221;on|hover&#8221; button_one_border_color__hover_enabled=&#8221;off&#8221; button_two_border_color__hover_enabled=&#8221;off&#8221; button_border_radius__hover_enabled=&#8221;on|desktop&#8221; button_border_radius__hover=&#8221;3px&#8221; button_one_border_radius__hover_enabled=&#8221;off&#8221; button_two_border_radius__hover_enabled=&#8221;off&#8221; button_letter_spacing__hover_enabled=&#8221;on|desktop&#8221; button_letter_spacing__hover=&#8221;2&#8243; button_one_letter_spacing__hover_enabled=&#8221;off&#8221; button_two_letter_spacing__hover_enabled=&#8221;off&#8221; button_bg_color__hover_enabled=&#8221;on|hover&#8221; button_one_bg_color__hover_enabled=&#8221;off&#8221; button_two_bg_color__hover_enabled=&#8221;off&#8221; button_bg_color__hover=&#8221;#808080&#8243; button_bg_enable_color__hover=&#8221;on&#8221;]<\/p>\n<p>I forandelige markedsforhold skal konservative industrielle giganter bev\u00e6ge sig hurtigere for at overleve. Den digitale transformation af traditionelle produktionsvirksomheder kan ikke &#8211; og m\u00e5 ikke &#8211; bare dreje sig om at g\u00f8re eksisterende industrielle processer mere effektive. Disse organisationer skal anerkende muligheden for at bruge digitale tjenester som en m\u00e5de at skabe mere b\u00e6redygtige og rentable kundeforhold, og l\u00f8bende tilpasse produktv\u00e6rdien til skiftende kundekrav. Men de fysiske produkter (og de h\u00e5rdt vundne industrielle f\u00e6rdigheder, der skabte dem) forsvinder ikke. En rig digital oplevelse erstatter f.eks. ikke en velbygget premiumbil eller p\u00e5lideligt og gennemtestet industrielt maskineri. Snarere beriger digitale tjenester produktet og g\u00f8r det muligt at designe, bygge, s\u00e6lge, bruge og v\u00e6rds\u00e6tte det p\u00e5 nye m\u00e5der. Mens de fysiske produkter naturligvis best\u00e5r, skal de virksomheder, der byggede dem, \u00e6ndre sig for at overleve, og investere i digitale tjenester og implementere dem dybt ind i alt, hvad de g\u00f8r. IoT er kernen i industrielle virksomheders bestr\u00e6belser p\u00e5 at bygge bro over kl\u00f8ften mellem det fysiske og det virtuelle. Glazes IoT Cloud Platform Services hj\u00e6lper med designet af IoT-produkter og skaber indsigt. De typiske scenarier illustreres her med vores Beacon Tower platform som Edge- og Cloud-platform:<\/p>\n<p>[\/et_pb_cta][et_pb_image src=&#8221;https:\/\/glazeholding.com\/wp-content\/uploads\/2021\/02\/IIoT_scenario.jpg&#8221; title_text=&#8221;GLAZE-FIGUR_AUG2019_OK_OUTLINE_updated&#8221; align=&#8221;center&#8221; _builder_version=&#8221;4.8.0&#8243; _module_preset=&#8221;default&#8221; max_width=&#8221;692px&#8221; module_alignment=&#8221;center&#8221; box_shadow_style=&#8221;preset1&#8243; box_shadow_color=&#8221;rgba(0,0,0,0.2)&#8221;][\/et_pb_image][et_pb_text _builder_version=&#8221;4.8.0&#8243; _module_preset=&#8221;default&#8221; custom_margin=&#8221;||0px||false|false&#8221;]<\/p>\n<p>Udfordringen er ikke at etablere en IoT-cloud platform i l\u00f8bet af f\u00e5 dage. Alle st\u00f8rre cloud-udbydere har acceleratorer og forudkonfigurerede l\u00f8sninger, der g\u00f8r dette muligt. Og de fleste sensorproducenter tilbyder en slags cloud-l\u00f8sning som en del af deres services.<\/p>\n<p>Udfordringen er at etablere en fleksibel, skal\u00e9rbar og omkostningseffektiv platform, der vil v\u00e6re en langsigtet platform til yderligere analyse og brug af data.<\/p>\n<p>Hos Glaze arbejder vi intensivt med IoT-cloud platforme, og vi kender faldgruberne &#8211; siden 2015 har vi arbejdet inden for dette omr\u00e5de. Alt for ofte implementeres IoT-dataopsamling som isolerede l\u00f8sninger, uden at have analyseret de reelle muligheder som er tilg\u00e6ngelige. Vi ved, at det er vigtigt at have realistiske forventninger til IoT-projekter. Et design, der v\u00e6lges uden ordentlig erfaring og analyse, ender ofte med at v\u00e6re for dyrt og mangelfuldt, hvilket skaber en \u00e5benbar risiko for, at projektet afbrydes af de forkerte grunde. En anden fejl, som vi ofte har set, er at v\u00e6lge en lukket platform, hvor data ender isoleret i en silo, hvilket g\u00f8r dataanalyse, forebyggende vedligehold eller fjernoverv\u00e5gning, maskinindl\u00e6ring og integration med forretnings-IT un\u00f8dig kompliceret og dyr.<\/p>\n<p>Derfor anbefaler vi at:<\/p>\n<ul>\n<li>Evaluere kravene til din IoT Cloud-platform, herunder for fuldt ud at forst\u00e5 edge- og forretnings-IT-integrationspunkter<\/li>\n<li>Minimere risikoen ved at bruge standardl\u00f8sninger<\/li>\n<li>Opretholde eget ejerskab og adgang til data<\/li>\n<\/ul>\n<p>Hos Glaze har vi etableret et udgangspunkt for en IoT cloud platform baseret p\u00e5 vores erfaringer fra de projekter, vi har v\u00e6ret involveret i. Vi tilpasser fortsat platformen baseret p\u00e5 udvikling i \u00f8kosystemerne og erfaringerne fra vores projekter. Vi kalder denne platform Beacon Tower. Den inkluderer l\u00f8sninger p\u00e5 mange af de ting, der skal overvejes &#8211; Device Provisioning, Asset Management og Multi Tenancy er de mest oplagte, men ogs\u00e5 valget af den rigtige database til styring og visualisering af tidsseriedata er meget vigtig.<\/p>\n<p>S\u00e5 lad os hj\u00e6lpe jer med:<\/p>\n<ul>\n<li>Sensor og edge (f.eks. PLC, SCADA, MES, DCS, Historians) integration<\/li>\n<li>Enhedsprovisionering<\/li>\n<li>Digital twins<\/li>\n<li>Asset management<\/li>\n<li>Multi tenancy<\/li>\n<li>Dataopsamling, strukturering og storage<\/li>\n<li>Pr\u00e6sentation af tidsserier<\/li>\n<li>Alarmer og notifikationer<\/li>\n<li>API til brugeradministration<\/li>\n<li>API til forretningsintegration<\/li>\n<\/ul>\n<p>[\/et_pb_text][\/et_pb_column][\/et_pb_row][et_pb_row _builder_version=&#8221;4.8.0&#8243; _module_preset=&#8221;default&#8221; custom_padding=&#8221;50px||0px||false|false&#8221;][et_pb_column type=&#8221;4_4&#8243; _builder_version=&#8221;4.8.0&#8243; _module_preset=&#8221;default&#8221;][et_pb_divider color=&#8221;#D91F27&#8243; divider_weight=&#8221;3px&#8221; disabled_on=&#8221;off|off|off&#8221; _builder_version=&#8221;4.7.7&#8243; background_color_gradient_direction=&#8221;90deg&#8221; max_width=&#8221;100px&#8221; module_alignment=&#8221;left&#8221; height=&#8221;5px&#8221; custom_margin=&#8221;||20px|&#8221; custom_padding=&#8221;||20px|&#8221; animation_style=&#8221;slide&#8221; animation_direction=&#8221;bottom&#8221; saved_tabs=&#8221;all&#8221; locked=&#8221;off&#8221;][\/et_pb_divider][et_pb_cta title=&#8221;For mere information&#8221; button_url=&#8221;#&#8221; admin_label=&#8221;Feature 01&#8243; _builder_version=&#8221;4.8.0&#8243; header_level=&#8221;h5&#8243; header_font=&#8221;|600|||||||&#8221; header_text_color=&#8221;#1f1f1f&#8221; header_font_size=&#8221;30px&#8221; header_line_height=&#8221;1.2em&#8221; use_background_color=&#8221;off&#8221; custom_button=&#8221;on&#8221; button_text_color=&#8221;#ffffff&#8221; button_border_width=&#8221;0px&#8221; button_letter_spacing=&#8221;2px&#8221; button_font=&#8221;|||on|||||&#8221; button_use_icon=&#8221;off&#8221; button_custom_padding=&#8221;10px|20px|10px|20px|true|true&#8221; text_orientation=&#8221;left&#8221; background_layout=&#8221;light&#8221; max_width_tablet=&#8221;&#8221; max_width_phone=&#8221;&#8221; max_width_last_edited=&#8221;on|desktop&#8221; module_alignment=&#8221;left&#8221; custom_margin=&#8221;|||&#8221; custom_padding=&#8221;|||&#8221; animation_style=&#8221;fold&#8221; animation_direction=&#8221;bottom&#8221; animation_intensity_fold=&#8221;15%&#8221; header_font_size_tablet=&#8221;&#8221; header_font_size_phone=&#8221;24px&#8221; header_font_size_last_edited=&#8221;on|desktop&#8221; button_text_color_hover=&#8221;#6eba01&#8243; button_border_color_hover=&#8221;#6eba01&#8243; button_border_radius_hover=&#8221;0&#8243; button_letter_spacing_hover=&#8221;2&#8243; button_bg_color_hover=&#8221;rgba(0,0,0,0)&#8221; saved_tabs=&#8221;all&#8221; locked=&#8221;off&#8221; button_text_size__hover_enabled=&#8221;off&#8221; button_one_text_size__hover_enabled=&#8221;off&#8221; button_two_text_size__hover_enabled=&#8221;off&#8221; button_text_color__hover_enabled=&#8221;on&#8221; button_one_text_color__hover_enabled=&#8221;off&#8221; button_two_text_color__hover_enabled=&#8221;off&#8221; button_border_width__hover_enabled=&#8221;on|desktop&#8221; button_one_border_width__hover_enabled=&#8221;off&#8221; button_two_border_width__hover_enabled=&#8221;off&#8221; button_border_color__hover_enabled=&#8221;on|hover&#8221; button_one_border_color__hover_enabled=&#8221;off&#8221; button_two_border_color__hover_enabled=&#8221;off&#8221; button_border_radius__hover_enabled=&#8221;on|desktop&#8221; button_border_radius__hover=&#8221;3px&#8221; button_one_border_radius__hover_enabled=&#8221;off&#8221; button_two_border_radius__hover_enabled=&#8221;off&#8221; button_letter_spacing__hover_enabled=&#8221;on|desktop&#8221; button_letter_spacing__hover=&#8221;2&#8243; button_one_letter_spacing__hover_enabled=&#8221;off&#8221; button_two_letter_spacing__hover_enabled=&#8221;off&#8221; button_bg_color__hover_enabled=&#8221;on|hover&#8221; button_one_bg_color__hover_enabled=&#8221;off&#8221; button_two_bg_color__hover_enabled=&#8221;off&#8221; button_bg_color__hover=&#8221;#808080&#8243; button_bg_enable_color__hover=&#8221;on&#8221;]<\/p>\n<p><span>Managing Partner, Jakob Appel, <\/span><a href=\"mailto:jakob.appel@glaze.dk\">jakob.appel@glaze.dk<\/a><span>, +45 26 17 18 58<\/span><\/p>\n<p>[\/et_pb_cta][\/et_pb_column][\/et_pb_row][\/et_pb_section]<\/p>\n","protected":false},"excerpt":{"rendered":"<p>IoT cloud platformVirksomheder, der \u00f8nsker at levere differentierede forbundne produkter eller transformere forretningsprocesser, st\u00e5r over for v\u00e6sentlige udfordringer, n\u00e5r de skal v\u00e6lge og designe deres IoT-l\u00f8sning. Det skal nemlig navigeres sikkert i et fragmenteret \u00f8kosystem af netv\u00e6rksteknologier, hardwareenheder, protokoller, software, applikationer og analysel\u00f8sninger. Derfor hj\u00e6lper Glaze med at designe og implementere IoT-cloud platforme og forenkle [&hellip;]<\/p>\n","protected":false},"author":1,"featured_media":0,"parent":0,"menu_order":0,"comment_status":"closed","ping_status":"closed","template":"","meta":{"_et_pb_use_builder":"on","_et_pb_old_content":"","_et_gb_content_width":"","inline_featured_image":false,"footnotes":""},"class_list":["post-27846","page","type-page","status-publish","hentry"],"_links":{"self":[{"href":"https:\/\/glazeholding.com\/da\/wp-json\/wp\/v2\/pages\/27846","targetHints":{"allow":["GET"]}}],"collection":[{"href":"https:\/\/glazeholding.com\/da\/wp-json\/wp\/v2\/pages"}],"about":[{"href":"https:\/\/glazeholding.com\/da\/wp-json\/wp\/v2\/types\/page"}],"author":[{"embeddable":true,"href":"https:\/\/glazeholding.com\/da\/wp-json\/wp\/v2\/users\/1"}],"replies":[{"embeddable":true,"href":"https:\/\/glazeholding.com\/da\/wp-json\/wp\/v2\/comments?post=27846"}],"version-history":[{"count":10,"href":"https:\/\/glazeholding.com\/da\/wp-json\/wp\/v2\/pages\/27846\/revisions"}],"predecessor-version":[{"id":28425,"href":"https:\/\/glazeholding.com\/da\/wp-json\/wp\/v2\/pages\/27846\/revisions\/28425"}],"wp:attachment":[{"href":"https:\/\/glazeholding.com\/da\/wp-json\/wp\/v2\/media?parent=27846"}],"curies":[{"name":"wp","href":"https:\/\/api.w.org\/{rel}","templated":true}]}}