{"id":27866,"date":"2021-02-08T16:04:14","date_gmt":"2021-02-08T16:04:14","guid":{"rendered":"https:\/\/glazeholding.com\/project-execution-and-expert-resources\/"},"modified":"2021-03-10T10:07:58","modified_gmt":"2021-03-10T10:07:58","slug":"projektudfoerelse-og-ekspertressourcer","status":"publish","type":"page","link":"https:\/\/glazeholding.com\/da\/projektudfoerelse-og-ekspertressourcer\/","title":{"rendered":"Projektudf\u00f8relse og ekspertressourcer"},"content":{"rendered":"<p>[et_pb_section fb_built=&#8221;1&#8243; custom_padding_last_edited=&#8221;on|desktop&#8221; _builder_version=&#8221;4.8.0&#8243; _module_preset=&#8221;default&#8221; custom_padding=&#8221;80px||80px||false|false&#8221; custom_padding_tablet=&#8221;50px||50px||false|false&#8221; custom_padding_phone=&#8221;&#8221;][et_pb_row _builder_version=&#8221;3.25&#8243; background_size=&#8221;initial&#8221; background_position=&#8221;top_left&#8221; background_repeat=&#8221;repeat&#8221; custom_width_px=&#8221;710px&#8221;][et_pb_column type=&#8221;4_4&#8243; _builder_version=&#8221;3.25&#8243; background_position=&#8221;top_left&#8221; custom_padding=&#8221;|||&#8221; custom_padding__hover=&#8221;|||&#8221;][et_pb_divider color=&#8221;#D91F27&#8243; divider_weight=&#8221;3px&#8221; disabled_on=&#8221;off|off|off&#8221; _builder_version=&#8221;4.7.7&#8243; background_color_gradient_direction=&#8221;90deg&#8221; max_width=&#8221;100px&#8221; module_alignment=&#8221;center&#8221; height=&#8221;5px&#8221; custom_margin=&#8221;||20px|&#8221; custom_padding=&#8221;||20px|&#8221; animation_style=&#8221;slide&#8221; animation_direction=&#8221;bottom&#8221; saved_tabs=&#8221;all&#8221; locked=&#8221;off&#8221;][\/et_pb_divider][et_pb_text admin_label=&#8221;Project Section Title&#8221; _builder_version=&#8221;4.8.0&#8243; text_text_color=&#8221;#ffffff&#8221; text_font_size=&#8221;20px&#8221; header_font=&#8221;|600|||||||&#8221; header_2_font=&#8221;|600|||||||&#8221; header_2_text_align=&#8221;center&#8221; header_2_font_size=&#8221;45px&#8221; header_2_line_height=&#8221;1.2em&#8221; background_size=&#8221;initial&#8221; background_position=&#8221;top_left&#8221; background_repeat=&#8221;repeat&#8221; text_orientation=&#8221;center&#8221; custom_margin=&#8221;0px||15px||false|false&#8221; text_font_size_tablet=&#8221;17px&#8221; text_font_size_phone=&#8221;&#8221; text_font_size_last_edited=&#8221;on|desktop&#8221; header_2_font_size_tablet=&#8221;35px&#8221; header_2_font_size_phone=&#8221;24px&#8221; header_2_font_size_last_edited=&#8221;on|desktop&#8221;]<\/p>\n<h1>Projektudf\u00f8relse og ekspertressourcer<\/h1>\n<p>[\/et_pb_text][\/et_pb_column][\/et_pb_row][et_pb_row _builder_version=&#8221;4.8.0&#8243; _module_preset=&#8221;default&#8221; custom_padding=&#8221;0px||0px||false|false&#8221;][et_pb_column type=&#8221;4_4&#8243; _builder_version=&#8221;4.8.0&#8243; _module_preset=&#8221;default&#8221;][et_pb_divider color=&#8221;#D91F27&#8243; divider_weight=&#8221;3px&#8221; disabled_on=&#8221;off|off|off&#8221; _builder_version=&#8221;4.7.7&#8243; background_color_gradient_direction=&#8221;90deg&#8221; max_width=&#8221;100px&#8221; module_alignment=&#8221;left&#8221; height=&#8221;5px&#8221; custom_margin=&#8221;||20px|&#8221; custom_padding=&#8221;||20px|&#8221; animation_style=&#8221;slide&#8221; animation_direction=&#8221;bottom&#8221; saved_tabs=&#8221;all&#8221; locked=&#8221;off&#8221;][\/et_pb_divider][et_pb_cta title=&#8221;Kort introduktion: &#8221; button_url=&#8221;#&#8221; admin_label=&#8221;Feature 01&#8243; _builder_version=&#8221;4.8.0&#8243; header_level=&#8221;h5&#8243; header_font=&#8221;|600|||||||&#8221; header_text_color=&#8221;#1f1f1f&#8221; header_font_size=&#8221;30px&#8221; header_line_height=&#8221;1.2em&#8221; use_background_color=&#8221;off&#8221; custom_button=&#8221;on&#8221; button_text_color=&#8221;#ffffff&#8221; button_border_width=&#8221;0px&#8221; button_letter_spacing=&#8221;2px&#8221; button_font=&#8221;|||on|||||&#8221; button_use_icon=&#8221;off&#8221; button_custom_padding=&#8221;10px|20px|10px|20px|true|true&#8221; text_orientation=&#8221;left&#8221; background_layout=&#8221;light&#8221; max_width_tablet=&#8221;&#8221; max_width_phone=&#8221;&#8221; max_width_last_edited=&#8221;on|desktop&#8221; module_alignment=&#8221;left&#8221; custom_margin=&#8221;|||&#8221; custom_padding=&#8221;|||&#8221; animation_style=&#8221;fold&#8221; animation_direction=&#8221;bottom&#8221; animation_intensity_fold=&#8221;15%&#8221; header_font_size_tablet=&#8221;&#8221; header_font_size_phone=&#8221;24px&#8221; header_font_size_last_edited=&#8221;on|desktop&#8221; button_text_color_hover=&#8221;#6eba01&#8243; button_border_color_hover=&#8221;#6eba01&#8243; button_border_radius_hover=&#8221;0&#8243; button_letter_spacing_hover=&#8221;2&#8243; button_bg_color_hover=&#8221;rgba(0,0,0,0)&#8221; saved_tabs=&#8221;all&#8221; locked=&#8221;off&#8221; button_text_size__hover_enabled=&#8221;off&#8221; button_one_text_size__hover_enabled=&#8221;off&#8221; button_two_text_size__hover_enabled=&#8221;off&#8221; button_text_color__hover_enabled=&#8221;on&#8221; button_one_text_color__hover_enabled=&#8221;off&#8221; button_two_text_color__hover_enabled=&#8221;off&#8221; button_border_width__hover_enabled=&#8221;on|desktop&#8221; button_one_border_width__hover_enabled=&#8221;off&#8221; button_two_border_width__hover_enabled=&#8221;off&#8221; button_border_color__hover_enabled=&#8221;on|hover&#8221; button_one_border_color__hover_enabled=&#8221;off&#8221; button_two_border_color__hover_enabled=&#8221;off&#8221; button_border_radius__hover_enabled=&#8221;on|desktop&#8221; button_border_radius__hover=&#8221;3px&#8221; button_one_border_radius__hover_enabled=&#8221;off&#8221; button_two_border_radius__hover_enabled=&#8221;off&#8221; button_letter_spacing__hover_enabled=&#8221;on|desktop&#8221; button_letter_spacing__hover=&#8221;2&#8243; button_one_letter_spacing__hover_enabled=&#8221;off&#8221; button_two_letter_spacing__hover_enabled=&#8221;off&#8221; button_bg_color__hover_enabled=&#8221;on|hover&#8221; button_one_bg_color__hover_enabled=&#8221;off&#8221; button_two_bg_color__hover_enabled=&#8221;off&#8221; button_bg_color__hover=&#8221;#808080&#8243; button_bg_enable_color__hover=&#8221;on&#8221;]<\/p>\n<p>Vi har kunder, der \u00f8nsker, at vi skal v\u00e6re deres betroede r\u00e5dgivere, mens de opbygger deres egen organisation, vi har kunder, der \u00f8nsker, at vi skal forsyne dem med en erfaren IoT-cloud udvikler, og vi har kunder, der stoler p\u00e5 os til at gennemf\u00f8re hele projektet. At have mennesker med de rigtige f\u00e6rdigheder, kompetencer og erfaringer er n\u00f8glen til implementering af IoT-projekter, uanset hvordan projektet gennemf\u00f8res.<\/p>\n<p>Vi har st\u00e6rke f\u00e6rdigheder, n\u00e5r projekterne skal udf\u00f8res. Vi har ansat projektledere, cloud-arkitekter og cloud-udviklere kombineret med et bredt netv\u00e6rk af partnere inden for f.eks. sensorer, embedded software udvikling, edge gateways, augmented reality, machine learning og alle mulige Microsoft-teknologier (f.eks. infrastruktur, .NET-applikationer, Dynamics (365), Office 365), der g\u00f8r det muligt for os at hj\u00e6lpe vores kunder uanset hvordan de vil komme videre.<\/p>\n<p>[\/et_pb_cta][\/et_pb_column][\/et_pb_row][et_pb_row _builder_version=&#8221;4.8.0&#8243; _module_preset=&#8221;default&#8221; custom_padding=&#8221;50px||0px||false|false&#8221;][et_pb_column type=&#8221;4_4&#8243; _builder_version=&#8221;4.8.0&#8243; _module_preset=&#8221;default&#8221;][et_pb_divider color=&#8221;#D91F27&#8243; divider_weight=&#8221;3px&#8221; disabled_on=&#8221;off|off|off&#8221; _builder_version=&#8221;4.7.7&#8243; background_color_gradient_direction=&#8221;90deg&#8221; max_width=&#8221;100px&#8221; module_alignment=&#8221;left&#8221; height=&#8221;5px&#8221; custom_margin=&#8221;||20px|&#8221; custom_padding=&#8221;||20px|&#8221; animation_style=&#8221;slide&#8221; animation_direction=&#8221;bottom&#8221; saved_tabs=&#8221;all&#8221; locked=&#8221;off&#8221;][\/et_pb_divider][et_pb_cta title=&#8221;Uddybning: &#8221; button_url=&#8221;#&#8221; admin_label=&#8221;Feature 01&#8243; _builder_version=&#8221;4.8.0&#8243; header_level=&#8221;h5&#8243; header_font=&#8221;|600|||||||&#8221; header_text_color=&#8221;#1f1f1f&#8221; header_font_size=&#8221;30px&#8221; header_line_height=&#8221;1.2em&#8221; use_background_color=&#8221;off&#8221; custom_button=&#8221;on&#8221; button_text_color=&#8221;#ffffff&#8221; button_border_width=&#8221;0px&#8221; button_letter_spacing=&#8221;2px&#8221; button_font=&#8221;|||on|||||&#8221; button_use_icon=&#8221;off&#8221; button_custom_padding=&#8221;10px|20px|10px|20px|true|true&#8221; text_orientation=&#8221;left&#8221; background_layout=&#8221;light&#8221; max_width_tablet=&#8221;&#8221; max_width_phone=&#8221;&#8221; max_width_last_edited=&#8221;on|desktop&#8221; module_alignment=&#8221;left&#8221; custom_margin=&#8221;|||&#8221; custom_padding=&#8221;|||&#8221; animation_style=&#8221;fold&#8221; animation_direction=&#8221;bottom&#8221; animation_intensity_fold=&#8221;15%&#8221; header_font_size_tablet=&#8221;&#8221; header_font_size_phone=&#8221;24px&#8221; header_font_size_last_edited=&#8221;on|desktop&#8221; button_text_color_hover=&#8221;#6eba01&#8243; button_border_color_hover=&#8221;#6eba01&#8243; button_border_radius_hover=&#8221;0&#8243; button_letter_spacing_hover=&#8221;2&#8243; button_bg_color_hover=&#8221;rgba(0,0,0,0)&#8221; saved_tabs=&#8221;all&#8221; locked=&#8221;off&#8221; button_text_size__hover_enabled=&#8221;off&#8221; button_one_text_size__hover_enabled=&#8221;off&#8221; button_two_text_size__hover_enabled=&#8221;off&#8221; button_text_color__hover_enabled=&#8221;on&#8221; button_one_text_color__hover_enabled=&#8221;off&#8221; button_two_text_color__hover_enabled=&#8221;off&#8221; button_border_width__hover_enabled=&#8221;on|desktop&#8221; button_one_border_width__hover_enabled=&#8221;off&#8221; button_two_border_width__hover_enabled=&#8221;off&#8221; button_border_color__hover_enabled=&#8221;on|hover&#8221; button_one_border_color__hover_enabled=&#8221;off&#8221; button_two_border_color__hover_enabled=&#8221;off&#8221; button_border_radius__hover_enabled=&#8221;on|desktop&#8221; button_border_radius__hover=&#8221;3px&#8221; button_one_border_radius__hover_enabled=&#8221;off&#8221; button_two_border_radius__hover_enabled=&#8221;off&#8221; button_letter_spacing__hover_enabled=&#8221;on|desktop&#8221; button_letter_spacing__hover=&#8221;2&#8243; button_one_letter_spacing__hover_enabled=&#8221;off&#8221; button_two_letter_spacing__hover_enabled=&#8221;off&#8221; button_bg_color__hover_enabled=&#8221;on|hover&#8221; button_one_bg_color__hover_enabled=&#8221;off&#8221; button_two_bg_color__hover_enabled=&#8221;off&#8221; button_bg_color__hover=&#8221;#808080&#8243; button_bg_enable_color__hover=&#8221;on&#8221;][\/et_pb_cta][et_pb_image src=&#8221;https:\/\/glazeholding.com\/wp-content\/uploads\/2021\/02\/pm-hires.jpg&#8221; title_text=&#8221;project-execution-and-expert-resources-e1563356404240&#8243; align=&#8221;center&#8221; _builder_version=&#8221;4.8.0&#8243; _module_preset=&#8221;default&#8221; max_width=&#8221;703px&#8221; module_alignment=&#8221;center&#8221; box_shadow_style=&#8221;preset1&#8243; box_shadow_color=&#8221;rgba(0,0,0,0.2)&#8221;][\/et_pb_image][et_pb_text _builder_version=&#8221;4.8.0&#8243; _module_preset=&#8221;default&#8221; custom_margin=&#8221;||0px||false|false&#8221;]<\/p>\n<p>Udfordringen er ikke at planl\u00e6gge et hurtigt og billigt projekt. Enhver konsulent kan lave en plan p\u00e5 ingen tid og vise pr\u00e6cis, hvad I h\u00e5ber at se.<\/p>\n<p>Selvom udviklingsomkostninger og leveringstid altid er \u00f8verst p\u00e5 prioritetslisten, er de ikke den eneste prioritet. Udfordringen er at balancere kvalitet, udviklingsomkostninger\/tid og funktionalitet. Projektet lykkes ikke, hvis I fejler p\u00e5 en af \u200b\u200bdisse parametre.<\/p>\n<p>Hvis I leder efter en specifik teknisk kompetence til jeres IT-udvikling, et bredere helhedsbillede af jeres l\u00f8sning eller en ressource, der kan styre jeres udviklingsprojekt, vil vi sandsynligvis v\u00e6re i stand til at hj\u00e6lpe jer. Med adgang til vores kvalificerede netv\u00e6rk af eksperter finder vi altid en l\u00f8sning p\u00e5 vores kunders ressourcebehov.<\/p>\n<p>Vi mener, at et vellykket projekt har brug for<\/p>\n<ul>\n<li>Det rigtige projektteam<\/li>\n<li>Afvejning af kvalitet, funktionalitet og omkostninger<\/li>\n<li>Planl\u00e6gning af udviklingsprocessen og tidsplanen i en iterativ tilgang<\/li>\n<\/ul>\n<p>Den vigtigste betingelse for et vellykket projekt er et team, der fungerer sammen. Teamet fungerer, hvis det har de rigtige kompetencer, hvis det samarbejder produktivt, og hvis de forskellige deltagere st\u00e5r til r\u00e5dighed for hinanden.<\/p>\n<p>Hos Glaze har vi et team af projektledere, der har fokuseret p\u00e5 denne disciplin i lang tid. Vi ved, at det er vigtigt at fremh\u00e6ve risici og afbalancere alle forventninger til projektets omfang. Vi ved, at dj\u00e6velen ligger i detaljerne, og at detaljeret planl\u00e6gning er vigtig, men ogs\u00e5 at planl\u00e6gning baseres p\u00e5 det ukendte. Lad os hj\u00e6lpe dig med at komme videre i dit projekt.<\/p>\n<p>[\/et_pb_text][\/et_pb_column][\/et_pb_row][et_pb_row _builder_version=&#8221;4.8.0&#8243; _module_preset=&#8221;default&#8221; custom_padding=&#8221;50px||0px||false|false&#8221;][et_pb_column type=&#8221;4_4&#8243; _builder_version=&#8221;4.8.0&#8243; _module_preset=&#8221;default&#8221;][et_pb_divider color=&#8221;#D91F27&#8243; divider_weight=&#8221;3px&#8221; disabled_on=&#8221;off|off|off&#8221; _builder_version=&#8221;4.7.7&#8243; background_color_gradient_direction=&#8221;90deg&#8221; max_width=&#8221;100px&#8221; module_alignment=&#8221;left&#8221; height=&#8221;5px&#8221; custom_margin=&#8221;||20px|&#8221; custom_padding=&#8221;||20px|&#8221; animation_style=&#8221;slide&#8221; animation_direction=&#8221;bottom&#8221; saved_tabs=&#8221;all&#8221; locked=&#8221;off&#8221;][\/et_pb_divider][et_pb_cta title=&#8221;For mere information: &#8221; button_url=&#8221;#&#8221; admin_label=&#8221;Feature 01&#8243; _builder_version=&#8221;4.8.0&#8243; header_level=&#8221;h5&#8243; header_font=&#8221;|600|||||||&#8221; header_text_color=&#8221;#1f1f1f&#8221; header_font_size=&#8221;30px&#8221; header_line_height=&#8221;1.2em&#8221; use_background_color=&#8221;off&#8221; custom_button=&#8221;on&#8221; button_text_color=&#8221;#ffffff&#8221; button_border_width=&#8221;0px&#8221; button_letter_spacing=&#8221;2px&#8221; button_font=&#8221;|||on|||||&#8221; button_use_icon=&#8221;off&#8221; button_custom_padding=&#8221;10px|20px|10px|20px|true|true&#8221; text_orientation=&#8221;left&#8221; background_layout=&#8221;light&#8221; max_width_tablet=&#8221;&#8221; max_width_phone=&#8221;&#8221; max_width_last_edited=&#8221;on|desktop&#8221; module_alignment=&#8221;left&#8221; custom_margin=&#8221;|||&#8221; custom_padding=&#8221;|||&#8221; animation_style=&#8221;fold&#8221; animation_direction=&#8221;bottom&#8221; animation_intensity_fold=&#8221;15%&#8221; header_font_size_tablet=&#8221;&#8221; header_font_size_phone=&#8221;24px&#8221; header_font_size_last_edited=&#8221;on|desktop&#8221; button_text_color_hover=&#8221;#6eba01&#8243; button_border_color_hover=&#8221;#6eba01&#8243; button_border_radius_hover=&#8221;0&#8243; button_letter_spacing_hover=&#8221;2&#8243; button_bg_color_hover=&#8221;rgba(0,0,0,0)&#8221; saved_tabs=&#8221;all&#8221; locked=&#8221;off&#8221; button_text_size__hover_enabled=&#8221;off&#8221; button_one_text_size__hover_enabled=&#8221;off&#8221; button_two_text_size__hover_enabled=&#8221;off&#8221; button_text_color__hover_enabled=&#8221;on&#8221; button_one_text_color__hover_enabled=&#8221;off&#8221; button_two_text_color__hover_enabled=&#8221;off&#8221; button_border_width__hover_enabled=&#8221;on|desktop&#8221; button_one_border_width__hover_enabled=&#8221;off&#8221; button_two_border_width__hover_enabled=&#8221;off&#8221; button_border_color__hover_enabled=&#8221;on|hover&#8221; button_one_border_color__hover_enabled=&#8221;off&#8221; button_two_border_color__hover_enabled=&#8221;off&#8221; button_border_radius__hover_enabled=&#8221;on|desktop&#8221; button_border_radius__hover=&#8221;3px&#8221; button_one_border_radius__hover_enabled=&#8221;off&#8221; button_two_border_radius__hover_enabled=&#8221;off&#8221; button_letter_spacing__hover_enabled=&#8221;on|desktop&#8221; button_letter_spacing__hover=&#8221;2&#8243; button_one_letter_spacing__hover_enabled=&#8221;off&#8221; button_two_letter_spacing__hover_enabled=&#8221;off&#8221; button_bg_color__hover_enabled=&#8221;on|hover&#8221; button_one_bg_color__hover_enabled=&#8221;off&#8221; button_two_bg_color__hover_enabled=&#8221;off&#8221; button_bg_color__hover=&#8221;#808080&#8243; button_bg_enable_color__hover=&#8221;on&#8221;]<\/p>\n<p><span>Partner, Flemming von Holck, <\/span><a href=\"mailto:flemming.von.holck@glaze.dk\">flemming.von.holck@glaze.dk<\/a><span>, +45 30 66 30 61<\/span><\/p>\n<p>[\/et_pb_cta][\/et_pb_column][\/et_pb_row][\/et_pb_section]<\/p>\n","protected":false},"excerpt":{"rendered":"<p>Projektudf\u00f8relse og ekspertressourcerVi har kunder, der \u00f8nsker, at vi skal v\u00e6re deres betroede r\u00e5dgivere, mens de opbygger deres egen organisation, vi har kunder, der \u00f8nsker, at vi skal forsyne dem med en erfaren IoT-cloud udvikler, og vi har kunder, der stoler p\u00e5 os til at gennemf\u00f8re hele projektet. At have mennesker med de rigtige f\u00e6rdigheder, [&hellip;]<\/p>\n","protected":false},"author":1,"featured_media":0,"parent":0,"menu_order":0,"comment_status":"closed","ping_status":"closed","template":"","meta":{"_et_pb_use_builder":"on","_et_pb_old_content":"","_et_gb_content_width":"","inline_featured_image":false,"footnotes":""},"class_list":["post-27866","page","type-page","status-publish","hentry"],"_links":{"self":[{"href":"https:\/\/glazeholding.com\/da\/wp-json\/wp\/v2\/pages\/27866","targetHints":{"allow":["GET"]}}],"collection":[{"href":"https:\/\/glazeholding.com\/da\/wp-json\/wp\/v2\/pages"}],"about":[{"href":"https:\/\/glazeholding.com\/da\/wp-json\/wp\/v2\/types\/page"}],"author":[{"embeddable":true,"href":"https:\/\/glazeholding.com\/da\/wp-json\/wp\/v2\/users\/1"}],"replies":[{"embeddable":true,"href":"https:\/\/glazeholding.com\/da\/wp-json\/wp\/v2\/comments?post=27866"}],"version-history":[{"count":12,"href":"https:\/\/glazeholding.com\/da\/wp-json\/wp\/v2\/pages\/27866\/revisions"}],"predecessor-version":[{"id":28438,"href":"https:\/\/glazeholding.com\/da\/wp-json\/wp\/v2\/pages\/27866\/revisions\/28438"}],"wp:attachment":[{"href":"https:\/\/glazeholding.com\/da\/wp-json\/wp\/v2\/media?parent=27866"}],"curies":[{"name":"wp","href":"https:\/\/api.w.org\/{rel}","templated":true}]}}