{"id":27877,"date":"2021-02-08T16:04:32","date_gmt":"2021-02-08T16:04:32","guid":{"rendered":"https:\/\/glazeholding.com\/senior-technology-advisor\/"},"modified":"2022-01-23T19:31:05","modified_gmt":"2022-01-23T19:31:05","slug":"managing-consultant","status":"publish","type":"page","link":"https:\/\/glazeholding.com\/da\/managing-consultant\/","title":{"rendered":"Managing Consultant"},"content":{"rendered":"<p>[et_pb_section fb_built=&#8221;1&#8243; custom_padding_last_edited=&#8221;on|desktop&#8221; _builder_version=&#8221;4.8.0&#8243; _module_preset=&#8221;default&#8221; custom_padding=&#8221;80px||80px||true|false&#8221; custom_padding_tablet=&#8221;50px||50px||true|false&#8221; custom_padding_phone=&#8221;&#8221;][et_pb_row column_structure=&#8221;3_5,2_5&#8243; use_custom_gutter=&#8221;on&#8221; gutter_width=&#8221;2&#8243; make_equal=&#8221;on&#8221; module_class=&#8221;column-reverse&#8221; _builder_version=&#8221;4.8.0&#8243; _module_preset=&#8221;default&#8221; custom_padding=&#8221;0px||0px||false|false&#8221;][et_pb_column type=&#8221;3_5&#8243; _builder_version=&#8221;4.8.0&#8243; _module_preset=&#8221;default&#8221;][et_pb_text admin_label=&#8221;About Section Title&#8221; _builder_version=&#8221;4.8.0&#8243; text_font=&#8221;||||||||&#8221; text_text_color=&#8221;#1f1f1f&#8221; header_font=&#8221;|600|||||||&#8221; header_2_font=&#8221;|600|||||||&#8221; header_2_font_size=&#8221;30px&#8221; header_2_line_height=&#8221;1.2em&#8221; background_size=&#8221;initial&#8221; background_position=&#8221;top_left&#8221; background_repeat=&#8221;repeat&#8221; custom_margin=&#8221;0px||||false|false&#8221; text_font_size_tablet=&#8221;&#8221; text_font_size_phone=&#8221;&#8221; text_font_size_last_edited=&#8221;on|desktop&#8221; header_2_font_size_tablet=&#8221;&#8221; header_2_font_size_phone=&#8221;24px&#8221; header_2_font_size_last_edited=&#8221;on|desktop&#8221;]<\/p>\n<h1>MANAGING CONSULTANT<\/h1>\n<p>Du er en &#8220;hands-on&#8221; Azure-ekspert, der udover den dybe interesse for teknologi ogs\u00e5 \u00f8nsker at vokse inden for ledelse og forretning. Du kommer til at arbejde t\u00e6t sammen med ledelsesteamet i Glaze, og du vil st\u00e5 i spidsen for vores konsulentforretning, hvor vi bygger skr\u00e6ddersyede l\u00f8sninger oven p\u00e5 vores Azure IoT cloud platform (www.beacontower.io) eller helt skr\u00e6ddersyede cloudl\u00f8sninger.<\/p>\n<p>Du bliver ansvarlig for konsulentforretningen og fungerer som den daglige leder og har ansvar for kvaliteten af \u200b\u200bleverancerne, og for at fange og modne l\u00f8sningskoncepter sammen med Beacon Tower platform teamet. Du vil referere til vores CEO og v\u00e6re n\u00f8glen til at opbygge konsulentorganisationen.<\/p>\n<p>En del af udviklingen af \u200b\u200ben succesfuld konsulentvirksomhed er at lederen l\u00f8ser konsulentopgaver. Derfor skal du forvente at arbejde som seniorkonsulent for vores kunder, prim\u00e6rt med fokus p\u00e5 arkitektur og strategi, cloud-infrastruktur og enterprise-arkitektur.<\/p>\n<p>Vi forventer, at du har st\u00e5et i spidsen for systemarkitekturdesign flere gange og arbejdet som konsulent med kunders produktejere med at indhente krav til det \u00f8nskede system. Meget af din erfaring kommer fra det daglige arbejde med teknologi og at arbejde med kunder.<\/p>\n<p>Du har ikke n\u00f8dvendigvis ledererfaringen i dag, men du har en ambition om at bev\u00e6ge dig i den retning og tilf\u00f8je en ledelsesdimension til din teknologi og forretningsekspertise.<\/p>\n<h2>Om os<\/h2>\n<p>Du vil v\u00e6re en del af et konsulentfirma, der har en virkelig unik profil. Dine kolleger er en del af det \u00f8verste niveau i branchen, og du skal \u00f8nske at blive udfordret. Vi er stolte af at arbejde sammen som et team, for at udnytte hinandens styrker og yde st\u00f8tte, n\u00e5r vi bruger vores svagere sider. For os er det vigtigt at v\u00e6re p\u00e5 forkant med teknologien og v\u00e6re i stand til at r\u00e5dgive vores kunder om, hvordan relevant teknologi kan udnyttes i deres forretning.<\/p>\n<p>Vi har et navn til vores kultur &#8211; vi kalder det Glaze United. Det opsummerer, at vi bruger den samlede tilg\u00e6ngelige viden, og vi udnytter vores kompetencer ved at t\u00e6nke og fungere som et team.<\/p>\n<p>Kontakt gerne Managing Partner Jakob Appel p\u00e5\u00a0jakob.appel@glaze.dk eller +45 2617 1858\u00a0for mere info.<\/p>\n<p>Send dit CV til <a href=\"mailto:jobs@glaze.dk\" data-tid=\"e1311972\" data-click=\"mailto:jobs@glaze.dk\"><b>jobs@glaze.dk.<\/b><\/a><\/p>\n<p>[\/et_pb_text][\/et_pb_column][et_pb_column type=&#8221;2_5&#8243; _builder_version=&#8221;4.8.0&#8243; _module_preset=&#8221;default&#8221;][et_pb_image src=&#8221;https:\/\/glazeholding.com\/wp-content\/uploads\/2021\/02\/our-commitment4.jpg&#8221; title_text=&#8221;our-commitment4&#8243; _builder_version=&#8221;4.8.0&#8243; _module_preset=&#8221;default&#8221;][\/et_pb_image][\/et_pb_column][\/et_pb_row][\/et_pb_section]<\/p>\n","protected":false},"excerpt":{"rendered":"<p>MANAGING CONSULTANT Du er en &#8220;hands-on&#8221; Azure-ekspert, der udover den dybe interesse for teknologi ogs\u00e5 \u00f8nsker at vokse inden for ledelse og forretning. Du kommer til at arbejde t\u00e6t sammen med ledelsesteamet i Glaze, og du vil st\u00e5 i spidsen for vores konsulentforretning, hvor vi bygger skr\u00e6ddersyede l\u00f8sninger oven p\u00e5 vores Azure IoT cloud platform [&hellip;]<\/p>\n","protected":false},"author":1,"featured_media":0,"parent":0,"menu_order":0,"comment_status":"closed","ping_status":"closed","template":"","meta":{"_et_pb_use_builder":"on","_et_pb_old_content":"","_et_gb_content_width":"","inline_featured_image":false,"footnotes":""},"class_list":["post-27877","page","type-page","status-publish","hentry"],"_links":{"self":[{"href":"https:\/\/glazeholding.com\/da\/wp-json\/wp\/v2\/pages\/27877","targetHints":{"allow":["GET"]}}],"collection":[{"href":"https:\/\/glazeholding.com\/da\/wp-json\/wp\/v2\/pages"}],"about":[{"href":"https:\/\/glazeholding.com\/da\/wp-json\/wp\/v2\/types\/page"}],"author":[{"embeddable":true,"href":"https:\/\/glazeholding.com\/da\/wp-json\/wp\/v2\/users\/1"}],"replies":[{"embeddable":true,"href":"https:\/\/glazeholding.com\/da\/wp-json\/wp\/v2\/comments?post=27877"}],"version-history":[{"count":20,"href":"https:\/\/glazeholding.com\/da\/wp-json\/wp\/v2\/pages\/27877\/revisions"}],"predecessor-version":[{"id":29019,"href":"https:\/\/glazeholding.com\/da\/wp-json\/wp\/v2\/pages\/27877\/revisions\/29019"}],"wp:attachment":[{"href":"https:\/\/glazeholding.com\/da\/wp-json\/wp\/v2\/media?parent=27877"}],"curies":[{"name":"wp","href":"https:\/\/api.w.org\/{rel}","templated":true}]}}