{"id":27926,"date":"2021-02-08T17:26:50","date_gmt":"2021-02-08T17:26:50","guid":{"rendered":"https:\/\/glazeholding.com\/sales-executive\/"},"modified":"2022-01-23T19:33:18","modified_gmt":"2022-01-23T19:33:18","slug":"sales-executive","status":"publish","type":"page","link":"https:\/\/glazeholding.com\/da\/sales-executive\/","title":{"rendered":"Sales Executive"},"content":{"rendered":"<p>[et_pb_section fb_built=&#8221;1&#8243; custom_padding_last_edited=&#8221;on|desktop&#8221; _builder_version=&#8221;4.8.0&#8243; _module_preset=&#8221;default&#8221; custom_padding=&#8221;80px||80px||true|false&#8221; custom_padding_tablet=&#8221;50px||50px||true|false&#8221; custom_padding_phone=&#8221;&#8221;][et_pb_row column_structure=&#8221;3_5,2_5&#8243; use_custom_gutter=&#8221;on&#8221; gutter_width=&#8221;2&#8243; make_equal=&#8221;on&#8221; module_class=&#8221;column-reverse&#8221; _builder_version=&#8221;4.8.0&#8243; _module_preset=&#8221;default&#8221; custom_padding=&#8221;0px||0px||false|false&#8221;][et_pb_column type=&#8221;3_5&#8243; _builder_version=&#8221;4.8.0&#8243; _module_preset=&#8221;default&#8221;][et_pb_text admin_label=&#8221;About Section Title&#8221; _builder_version=&#8221;4.8.0&#8243; text_font=&#8221;||||||||&#8221; text_text_color=&#8221;#1f1f1f&#8221; header_font=&#8221;|600|||||||&#8221; header_2_font=&#8221;|600|||||||&#8221; header_2_font_size=&#8221;30px&#8221; header_2_line_height=&#8221;1.2em&#8221; background_size=&#8221;initial&#8221; background_position=&#8221;top_left&#8221; background_repeat=&#8221;repeat&#8221; custom_margin=&#8221;0px||||false|false&#8221; text_font_size_tablet=&#8221;&#8221; text_font_size_phone=&#8221;&#8221; text_font_size_last_edited=&#8221;on|desktop&#8221; header_2_font_size_tablet=&#8221;&#8221; header_2_font_size_phone=&#8221;24px&#8221; header_2_font_size_last_edited=&#8221;on|desktop&#8221;]<\/p>\n<h1>SALES EXECUTIVE<\/h1>\n<p>Du trives i et forretnings- og teknologiorienteret arbejdsmilj\u00f8. De tjenester, vi leverer, er i spidsen for teknologiudvikling, men det betyder ikke, at vi ikke har en kommerciel tankegang. Du vil arbejde t\u00e6t sammen med den administrerende direkt\u00f8r, og du vil have en v\u00e6rdifuld rolle med ansvar for udvalgte segmenter.<\/p>\n<p>Denne rolle vil v\u00e6re den perfekte legeplads for den ambiti\u00f8se og energiske person, der \u00f8nsker at udm\u00e6rke sig i den kommercielle verden. Du f\u00e5r grundig opl\u00e6ring, men du f\u00e5r ogs\u00e5 dine egne kundeemner tidligt.<\/p>\n<p>Den perfekte kandidat har:<\/p>\n<ul>\n<li>Erfaring med booking og gennemf\u00f8relse af m\u00f8der<\/li>\n<li>Et kommercielt perspektiv og baggrund, men med en st\u00e6rk interesse for teknologi<\/li>\n<li>St\u00e6rk mundtlig kommunikator og gode skrivef\u00e6rdigheder, b\u00e5de p\u00e5 dansk og engelsk<\/li>\n<li>En holdspiller med en vindermentalitet og en trang til at udm\u00e6rke sig inden for teknologisalg<\/li>\n<\/ul>\n<h2>Om os<\/h2>\n<p>Du vil v\u00e6re en del af et konsulentfirma, der har en virkelig unik profil. Dine kolleger er en del af det \u00f8verste niveau i branchen, og du skal \u00f8nske at blive udfordret. Vi er stolte af at arbejde sammen som et team, for at udnytte hinandens styrker og yde st\u00f8tte, n\u00e5r vi bruger vores svagere sider. For os er det vigtigt at v\u00e6re p\u00e5 forkant med teknologien og v\u00e6re i stand til at r\u00e5dgive vores kunder om, hvordan relevant teknologi kan udnyttes i deres forretning.<\/p>\n<p>Vi har et navn til vores kultur &#8211; vi kalder det Glaze United. Det opsummerer, at vi bruger den samlede tilg\u00e6ngelige viden, og vi udnytter vores kompetencer ved at t\u00e6nke og fungere som et team.<\/p>\n<p>Du vil blive kompenseret i henhold til dine kvalifikationer.<\/p>\n<p>Kontakt gerne Managing Partner Jakob Appel p\u00e5\u00a0jakob.appel@glaze.dk eller +45 2617 1858\u00a0for mere info.<\/p>\n<p>Send dit CV til <a href=\"mailto:jobs@glaze.dk\" data-tid=\"e1311972\" data-click=\"mailto:jobs@glaze.dk\"><b>jobs@glaze.dk.<\/b><\/a><\/p>\n<p>[\/et_pb_text][\/et_pb_column][et_pb_column type=&#8221;2_5&#8243; _builder_version=&#8221;4.8.0&#8243; _module_preset=&#8221;default&#8221;][et_pb_image src=&#8221;https:\/\/glazeholding.com\/wp-content\/uploads\/2021\/02\/our-commitment4.jpg&#8221; title_text=&#8221;our-commitment4&#8243; _builder_version=&#8221;4.8.0&#8243; _module_preset=&#8221;default&#8221;][\/et_pb_image][\/et_pb_column][\/et_pb_row][\/et_pb_section]<\/p>\n","protected":false},"excerpt":{"rendered":"<p>SALES EXECUTIVE Du trives i et forretnings- og teknologiorienteret arbejdsmilj\u00f8. De tjenester, vi leverer, er i spidsen for teknologiudvikling, men det betyder ikke, at vi ikke har en kommerciel tankegang. Du vil arbejde t\u00e6t sammen med den administrerende direkt\u00f8r, og du vil have en v\u00e6rdifuld rolle med ansvar for udvalgte segmenter. Denne rolle vil v\u00e6re [&hellip;]<\/p>\n","protected":false},"author":1,"featured_media":0,"parent":0,"menu_order":0,"comment_status":"closed","ping_status":"closed","template":"","meta":{"_et_pb_use_builder":"on","_et_pb_old_content":"","_et_gb_content_width":"","inline_featured_image":false,"footnotes":""},"class_list":["post-27926","page","type-page","status-publish","hentry"],"_links":{"self":[{"href":"https:\/\/glazeholding.com\/da\/wp-json\/wp\/v2\/pages\/27926","targetHints":{"allow":["GET"]}}],"collection":[{"href":"https:\/\/glazeholding.com\/da\/wp-json\/wp\/v2\/pages"}],"about":[{"href":"https:\/\/glazeholding.com\/da\/wp-json\/wp\/v2\/types\/page"}],"author":[{"embeddable":true,"href":"https:\/\/glazeholding.com\/da\/wp-json\/wp\/v2\/users\/1"}],"replies":[{"embeddable":true,"href":"https:\/\/glazeholding.com\/da\/wp-json\/wp\/v2\/comments?post=27926"}],"version-history":[{"count":15,"href":"https:\/\/glazeholding.com\/da\/wp-json\/wp\/v2\/pages\/27926\/revisions"}],"predecessor-version":[{"id":29022,"href":"https:\/\/glazeholding.com\/da\/wp-json\/wp\/v2\/pages\/27926\/revisions\/29022"}],"wp:attachment":[{"href":"https:\/\/glazeholding.com\/da\/wp-json\/wp\/v2\/media?parent=27926"}],"curies":[{"name":"wp","href":"https:\/\/api.w.org\/{rel}","templated":true}]}}