{"id":27783,"date":"2021-02-08T15:29:20","date_gmt":"2021-02-08T15:29:20","guid":{"rendered":"https:\/\/glazeholding.com\/about\/"},"modified":"2021-12-16T21:08:12","modified_gmt":"2021-12-16T21:08:12","slug":"about","status":"publish","type":"page","link":"https:\/\/glazeholding.com\/sv\/about\/","title":{"rendered":"About"},"content":{"rendered":"<p>[et_pb_section fb_built=&#8221;1&#8243; custom_padding_last_edited=&#8221;on|desktop&#8221; _builder_version=&#8221;4.8.0&#8243; _module_preset=&#8221;default&#8221; custom_padding=&#8221;80px||80px||true|false&#8221; custom_padding_tablet=&#8221;50px||50px||true|false&#8221; custom_padding_phone=&#8221;50px||50px||true|false&#8221;][et_pb_row column_structure=&#8221;2_3,1_3&#8243; use_custom_gutter=&#8221;on&#8221; make_equal=&#8221;on&#8221; module_class=&#8221;column-reverse&#8221; _builder_version=&#8221;4.8.0&#8243; _module_preset=&#8221;default&#8221; custom_padding=&#8221;0px||0px||false|false&#8221; custom_css_main_element=&#8221;align-items:center;&#8221;][et_pb_column type=&#8221;2_3&#8243; _builder_version=&#8221;4.8.0&#8243; _module_preset=&#8221;default&#8221;][et_pb_text _builder_version=&#8221;4.8.0&#8243; _module_preset=&#8221;default&#8221; header_4_font=&#8221;|600|||||||&#8221; header_4_text_color=&#8221;#d91f27&#8243; header_4_font_size=&#8221;20px&#8221; header_4_line_height=&#8221;1.6em&#8221;]<\/p>\n<h4>VISION: EN LEDANDE AKT\u00d6R I SKAPANDET AV ETT LEVANDE SAMH\u00c4LLE SOM UTNYTTJAR RESURSERNA P\u00c5 ETT INTELLIGENT S\u00c4TT.<\/h4>\n<p>Vi \u00e4r ett f\u00f6retag som arbetar med strategisk aff\u00e4rsutveckling och IoT-l\u00f6sningar som specialiserar sig p\u00e5 att hj\u00e4lpa f\u00f6retag att skapa nya aff\u00e4rsv\u00e4rden genom att utnyttja IoT:s potential. Vi hj\u00e4lper dig att hitta dina aff\u00e4rsv\u00e4rden, integrera ett IoT-moln i dina produkter, koppla upp din fabrik och utveckla anslutna sensorl\u00f6sningar. Vi hj\u00e4lper dig att starta pilotprojekt, skala upp och implementera framtidss\u00e4kra IoT-l\u00f6sningar.<br \/>\nVi \u00e4r teknikexperter och har en samlad erfarenhet av de fem lager av IoT-teknikstacken (h\u00e5rdvara, programvara, kommunikation, molnplattformar och molntill\u00e4mpningar) och vi har lanserat flera IoT-l\u00f6sningar p\u00e5 marknaden.<\/p>\n<p>[\/et_pb_text][\/et_pb_column][et_pb_column type=&#8221;1_3&#8243; _builder_version=&#8221;4.8.0&#8243; _module_preset=&#8221;default&#8221;][et_pb_image src=&#8221;https:\/\/glazeholding.com\/wp-content\/uploads\/2021\/01\/management-dk-1050&#215;700-1.jpg&#8221; title_text=&#8221;management-dk-1050&#215;700&#8243; _builder_version=&#8221;4.8.0&#8243; _module_preset=&#8221;default&#8221; box_shadow_style=&#8221;preset3&#8243;][\/et_pb_image][\/et_pb_column][\/et_pb_row][\/et_pb_section][et_pb_section fb_built=&#8221;1&#8243; custom_padding_last_edited=&#8221;on|desktop&#8221; _builder_version=&#8221;4.8.0&#8243; _module_preset=&#8221;default&#8221; background_color=&#8221;#f4f4f4&#8243; custom_padding=&#8221;80px||80px||true|false&#8221; custom_padding_tablet=&#8221;50px||50px||true|false&#8221; custom_padding_phone=&#8221;50px||50px||true|false&#8221;][et_pb_row column_structure=&#8221;1_2,1_2&#8243; use_custom_gutter=&#8221;on&#8221; gutter_width=&#8221;2&#8243; make_equal=&#8221;on&#8221; custom_padding_last_edited=&#8221;on|desktop&#8221; _builder_version=&#8221;4.8.0&#8243; background_size=&#8221;initial&#8221; background_position=&#8221;top_left&#8221; background_repeat=&#8221;repeat&#8221; custom_padding=&#8221;50px||0px||false|false&#8221; custom_padding_tablet=&#8221;30px||||false|false&#8221; custom_padding_phone=&#8221;&#8221;][et_pb_column type=&#8221;1_2&#8243; _builder_version=&#8221;4.8.0&#8243; background_position=&#8221;top_left&#8221; custom_padding=&#8221;20px|20px|20px|20px|true|true&#8221; custom_padding__hover=&#8221;|||&#8221;][et_pb_divider color=&#8221;#D91F27&#8243; divider_weight=&#8221;3px&#8221; disabled_on=&#8221;off|off|off&#8221; _builder_version=&#8221;4.8.0&#8243; background_color_gradient_direction=&#8221;90deg&#8221; max_width=&#8221;100px&#8221; module_alignment=&#8221;left&#8221; height=&#8221;5px&#8221; custom_margin=&#8221;||20px|&#8221; custom_padding=&#8221;||20px|&#8221; animation_style=&#8221;slide&#8221; animation_direction=&#8221;bottom&#8221; saved_tabs=&#8221;all&#8221; locked=&#8221;off&#8221;][\/et_pb_divider][et_pb_text admin_label=&#8221;About Section Title&#8221; _builder_version=&#8221;4.8.0&#8243; text_text_color=&#8221;#1f1f1f&#8221; text_font_size=&#8221;36px&#8221; header_font=&#8221;|600|||||||&#8221; header_2_font=&#8221;|600|||||||&#8221; header_2_font_size=&#8221;30px&#8221; header_2_line_height=&#8221;1.2em&#8221; background_size=&#8221;initial&#8221; background_position=&#8221;top_left&#8221; background_repeat=&#8221;repeat&#8221; custom_margin=&#8221;||25px||false|false&#8221; text_font_size_tablet=&#8221;24px&#8221; text_font_size_phone=&#8221;&#8221; text_font_size_last_edited=&#8221;on|phone&#8221; header_2_font_size_tablet=&#8221;&#8221; header_2_font_size_phone=&#8221;24px&#8221; header_2_font_size_last_edited=&#8221;on|desktop&#8221;]<\/p>\n<h2>FAKTA OM GLAZE<\/h2>\n<p>[\/et_pb_text][et_pb_blurb title=&#8221;L\u00c5NG ERFARENHET&#8221; url=&#8221;#&#8221; use_icon=&#8221;on&#8221; font_icon=&#8221;%%202%%&#8221; icon_color=&#8221;#d91f27&#8243; icon_placement=&#8221;left&#8221; content_max_width=&#8221;100%&#8221; admin_label=&#8221;Service 01&#8243; _builder_version=&#8221;4.8.0&#8243; header_font=&#8221;|600|||||||&#8221; header_font_size=&#8221;17px&#8221; header_line_height=&#8221;1.3em&#8221; background_size=&#8221;initial&#8221; background_position=&#8221;top_left&#8221; background_repeat=&#8221;repeat&#8221; animation_style=&#8221;fold&#8221; animation_direction=&#8221;bottom&#8221; animation_intensity_fold=&#8221;30%&#8221; header_font_size_tablet=&#8221;&#8221; header_font_size_phone=&#8221;&#8221; header_font_size_last_edited=&#8221;on|desktop&#8221;]<\/p>\n<p>Sedan \u00e5r 2000 har teamet bakom Glaze utvecklat intelligenta<br \/>\nprodukter.<\/p>\n<p>[\/et_pb_blurb][et_pb_blurb title=&#8221;\u00d6RESUNDSREGIONEN&#8221; url=&#8221;#&#8221; use_icon=&#8221;on&#8221; font_icon=&#8221;%%202%%&#8221; icon_color=&#8221;#d91f27&#8243; icon_placement=&#8221;left&#8221; content_max_width=&#8221;100%&#8221; admin_label=&#8221;Service 01&#8243; _builder_version=&#8221;4.8.0&#8243; header_font=&#8221;|600|||||||&#8221; header_font_size=&#8221;17px&#8221; header_line_height=&#8221;1.3em&#8221; background_size=&#8221;initial&#8221; background_position=&#8221;top_left&#8221; background_repeat=&#8221;repeat&#8221; animation_style=&#8221;fold&#8221; animation_direction=&#8221;bottom&#8221; animation_intensity_fold=&#8221;30%&#8221; header_font_size_tablet=&#8221;&#8221; header_font_size_phone=&#8221;&#8221; header_font_size_last_edited=&#8221;on|desktop&#8221;]<\/p>\n<p>Vi \u00e4r en verksamhet som utnyttjar styrkorna i den svenska och den danska expertisen inom produktutveckling. Med v\u00e5r samlade expertis har vi utvecklat produkter inom medicinsk teknologi, konsumentprodukter, energi, automotive, telekom, etc.<\/p>\n<p>[\/et_pb_blurb][et_pb_blurb title=&#8221;STARK BAKGRUND&#8221; url=&#8221;#&#8221; use_icon=&#8221;on&#8221; font_icon=&#8221;%%202%%&#8221; icon_color=&#8221;#d91f27&#8243; icon_placement=&#8221;left&#8221; content_max_width=&#8221;100%&#8221; admin_label=&#8221;Service 01&#8243; _builder_version=&#8221;4.8.0&#8243; header_font=&#8221;|600|||||||&#8221; header_font_size=&#8221;17px&#8221; header_line_height=&#8221;1.3em&#8221; background_size=&#8221;initial&#8221; background_position=&#8221;top_left&#8221; background_repeat=&#8221;repeat&#8221; animation_style=&#8221;fold&#8221; animation_direction=&#8221;bottom&#8221; animation_intensity_fold=&#8221;30%&#8221; header_font_size_tablet=&#8221;&#8221; header_font_size_phone=&#8221;&#8221; header_font_size_last_edited=&#8221;on|desktop&#8221;]<\/p>\n<p>V\u00e5ra seniora r\u00e5dgivare har m\u00e5ng\u00e5rig erfarenhet av projektledning och att hantera utvecklingen av intelligenta produkter.<\/p>\n<p>[\/et_pb_blurb][et_pb_blurb title=&#8221;VI TAR HAND OM IOT FR\u00c5N ID\u00c9 TILL F\u00c4RDIG PRODUKT&#8221; url=&#8221;#&#8221; use_icon=&#8221;on&#8221; font_icon=&#8221;%%202%%&#8221; icon_color=&#8221;#d91f27&#8243; icon_placement=&#8221;left&#8221; content_max_width=&#8221;100%&#8221; admin_label=&#8221;Service 01&#8243; _builder_version=&#8221;4.8.0&#8243; header_font=&#8221;|600|||||||&#8221; header_font_size=&#8221;17px&#8221; header_line_height=&#8221;1.3em&#8221; background_size=&#8221;initial&#8221; background_position=&#8221;top_left&#8221; background_repeat=&#8221;repeat&#8221; animation_style=&#8221;fold&#8221; animation_direction=&#8221;bottom&#8221; animation_intensity_fold=&#8221;30%&#8221; header_font_size_tablet=&#8221;&#8221; header_font_size_phone=&#8221;&#8221; header_font_size_last_edited=&#8221;on|desktop&#8221;]<\/p>\n<p>Inb\u00e4ddad programvara, elektronik, IoT-moln och integreterat aff\u00e4rssystem \u00e4r komponenter i de flesta intelligenta produkter. Det som g\u00f6r oss unika \u00e4r att vi t\u00e4nker p\u00e5 hela systemet som en sammanh\u00e4ngande l\u00f6sning.<\/p>\n<p>[\/et_pb_blurb][\/et_pb_column][et_pb_column type=&#8221;1_2&#8243; _builder_version=&#8221;4.8.0&#8243; background_position=&#8221;top_left&#8221; custom_padding=&#8221;20px|20px|20px|20px|true|true&#8221; custom_padding__hover=&#8221;|||&#8221;][et_pb_divider color=&#8221;#D91F27&#8243; divider_weight=&#8221;3px&#8221; disabled_on=&#8221;off|off|off&#8221; _builder_version=&#8221;4.8.0&#8243; background_color_gradient_direction=&#8221;90deg&#8221; max_width=&#8221;100px&#8221; module_alignment=&#8221;left&#8221; height=&#8221;5px&#8221; custom_margin=&#8221;||20px|&#8221; custom_padding=&#8221;||20px|&#8221; animation_style=&#8221;slide&#8221; animation_direction=&#8221;bottom&#8221; saved_tabs=&#8221;all&#8221; locked=&#8221;off&#8221;][\/et_pb_divider][et_pb_text admin_label=&#8221;About Section Title&#8221; _builder_version=&#8221;4.8.0&#8243; text_text_color=&#8221;#1f1f1f&#8221; text_font_size=&#8221;36px&#8221; header_font=&#8221;|600|||||||&#8221; header_2_font=&#8221;|600|||||||&#8221; header_2_font_size=&#8221;30px&#8221; header_2_line_height=&#8221;1.2em&#8221; background_size=&#8221;initial&#8221; background_position=&#8221;top_left&#8221; background_repeat=&#8221;repeat&#8221; custom_margin=&#8221;||25px||false|false&#8221; text_font_size_tablet=&#8221;24px&#8221; text_font_size_phone=&#8221;&#8221; text_font_size_last_edited=&#8221;on|phone&#8221; header_2_font_size_tablet=&#8221;&#8221; header_2_font_size_phone=&#8221;24px&#8221; header_2_font_size_last_edited=&#8221;on|desktop&#8221;]<\/p>\n<h2>GLAZE UNITED<\/h2>\n<p>[\/et_pb_text][et_pb_text _builder_version=&#8221;4.8.0&#8243; _module_preset=&#8221;default&#8221;]<\/p>\n<p><strong>VI \u00c4R ETT TEAM AV ERFARNA R\u00c5DGIVARE MED EN BRED ERFARENHET AV ATT HANTERA UTVECKLINGEN AV INTELLIGENTA PRODUKTER.<\/strong><\/p>\n<p>Med en aff\u00e4rsinriktad kultur som \u00e4r genomsyrad av erfarenheter fr\u00e5n att leda utvecklingen av v\u00e4rldsledande produkter, arbetar vi med att navigera i produktutvecklingen &#8211; alltid med ett tydligt fokus p\u00e5 l\u00f6nsamhet och kundernas l\u00f6nsamhet. V\u00e5rt m\u00e5l \u00e4r att leverera verkliga produkter inom den \u00f6verenskomna tidsperioden, kvaliteten och kostnaden.<br \/>\nVi kallar v\u00e5r f\u00f6retagskultur f\u00f6r Glaze United p\u00e5 grund av v\u00e5r samlade kunskap, och att vi h\u00f6jer v\u00e5ra tj\u00e4nster genom att t\u00e4nka och agera som ett team.<br \/>\nV\u00e5r k\u00e4rna \u00e4r en positiv arbetsmilj\u00f6 som bygger p\u00e5 samarbete. Glaze United bygger p\u00e5 en stark kommunikationsf\u00f6rm\u00e5ga som st\u00e4rker verksamheten eftersom alla arbetar mot ett gemensamt m\u00e5l och k\u00e4nner en stark k\u00e4nsla av tillh\u00f6righet. En arbetsmilj\u00f6 som v\u00e4lkomnar kreativa, m\u00e5ngsidiga \u00e5sikter och fr\u00e4mjar tillv\u00e4xt, vilket i sin tur g\u00f6r arbetsplatsen till en rolig och plats att vara p\u00e5.<\/p>\n<p>[\/et_pb_text][\/et_pb_column][\/et_pb_row][\/et_pb_section][et_pb_section fb_built=&#8221;1&#8243; custom_padding_last_edited=&#8221;on|desktop&#8221; admin_label=&#8221;Our Team&#8221; _builder_version=&#8221;4.8.0&#8243; custom_padding=&#8221;80px||80px||true|false&#8221; custom_padding_tablet=&#8221;50px||50px||true|false&#8221; custom_padding_phone=&#8221;&#8221;][et_pb_row _builder_version=&#8221;3.25&#8243; background_size=&#8221;initial&#8221; background_position=&#8221;top_left&#8221; background_repeat=&#8221;repeat&#8221; custom_padding=&#8221;2px|||||&#8221; custom_width_px=&#8221;710px&#8221; locked=&#8221;off&#8221;][et_pb_column type=&#8221;4_4&#8243; _builder_version=&#8221;3.25&#8243; background_position=&#8221;top_left&#8221; custom_padding=&#8221;|||&#8221; custom_padding__hover=&#8221;|||&#8221;][et_pb_divider color=&#8221;#D91F27&#8243; divider_weight=&#8221;3px&#8221; disabled_on=&#8221;off|off|off&#8221; _builder_version=&#8221;4.7.7&#8243; background_color_gradient_direction=&#8221;90deg&#8221; max_width=&#8221;100px&#8221; module_alignment=&#8221;center&#8221; height=&#8221;5px&#8221; custom_margin=&#8221;||20px|&#8221; custom_padding=&#8221;||20px|&#8221; animation_style=&#8221;slide&#8221; animation_direction=&#8221;bottom&#8221; saved_tabs=&#8221;all&#8221; locked=&#8221;off&#8221;][\/et_pb_divider][et_pb_text admin_label=&#8221;Team Section Title&#8221; _builder_version=&#8221;4.8.0&#8243; text_text_color=&#8221;#ffffff&#8221; text_font_size=&#8221;20px&#8221; header_font=&#8221;|600|||||||&#8221; header_2_font=&#8221;|600|||||||&#8221; header_2_text_align=&#8221;center&#8221; header_2_font_size=&#8221;45px&#8221; header_2_line_height=&#8221;1.2em&#8221; background_size=&#8221;initial&#8221; background_position=&#8221;top_left&#8221; background_repeat=&#8221;repeat&#8221; text_orientation=&#8221;center&#8221; custom_margin=&#8221;0px||15px||false|false&#8221; text_font_size_tablet=&#8221;17px&#8221; text_font_size_phone=&#8221;&#8221; text_font_size_last_edited=&#8221;on|desktop&#8221; header_2_font_size_tablet=&#8221;35px&#8221; header_2_font_size_phone=&#8221;24px&#8221; header_2_font_size_last_edited=&#8221;on|desktop&#8221;]<\/p>\n<h2>LEDNINGENS PERSPEKTIV<\/h2>\n<p>[\/et_pb_text][\/et_pb_column][\/et_pb_row][et_pb_row column_structure=&#8221;1_3,1_3,1_3&#8243; use_custom_gutter=&#8221;on&#8221; gutter_width=&#8221;2&#8243; _builder_version=&#8221;3.25&#8243; background_size=&#8221;initial&#8221; background_position=&#8221;top_left&#8221; background_repeat=&#8221;repeat&#8221; custom_padding=&#8221;44px|0px|0px|0px||&#8221;][et_pb_column type=&#8221;1_3&#8243; _builder_version=&#8221;3.25&#8243; custom_padding=&#8221;|||&#8221; custom_padding__hover=&#8221;|||&#8221;][et_pb_team_member name=&#8221;FLEMMING VON HOLCK&#8221; image_url=&#8221;https:\/\/glazeholding.com\/wp-content\/uploads\/2021\/01\/flemming-about-200&#215;200-1.png&#8221; admin_label=&#8221;Member 01&#8243; module_class=&#8221;single_team&#8221; _builder_version=&#8221;4.8.0&#8243; header_font=&#8221;|600|||||||&#8221; header_font_size=&#8221;20px&#8221; header_line_height=&#8221;2em&#8221; body_text_align=&#8221;center&#8221; background_size=&#8221;initial&#8221; background_position=&#8221;top_left&#8221; background_repeat=&#8221;repeat&#8221; text_orientation=&#8221;center&#8221; custom_padding=&#8221;20px|20px|20px|20px|true|true&#8221; animation_style=&#8221;fold&#8221; animation_direction=&#8221;bottom&#8221; animation_intensity_fold=&#8221;20%&#8221; border_radii=&#8221;on|3px|3px|3px|3px&#8221; box_shadow_style=&#8221;preset3&#8243;]<\/p>\n<p>&#8221;Mitt fokus \u00e4r att utveckla produkter fr\u00e5n id\u00e9er. Att utveckla den b\u00e4sta produkten under de givna omst\u00e4ndigheterna. Att leverera fantastiska produkter till n\u00f6jda kunder. Att hitta de b\u00e4sta personerna f\u00f6r teamet. Att coacha laget att uppn\u00e5 resultat. Att prioritera r\u00e4tt och leda m\u00e4nniskor. Att ta ansvar och anpassa sig till f\u00f6r\u00e4ndringar&#8221;. Flemming har arbetat som projektledare och r\u00e5dgivare under de senaste drygt 20 \u00e5ren.<\/p>\n<p>[\/et_pb_team_member][\/et_pb_column][et_pb_column type=&#8221;1_3&#8243; _builder_version=&#8221;3.25&#8243; custom_padding=&#8221;|||&#8221; custom_padding__hover=&#8221;|||&#8221;][et_pb_team_member name=&#8221;JAKOB APPEL&#8221; image_url=&#8221;https:\/\/glazeholding.com\/wp-content\/uploads\/2021\/01\/jakob-about-200&#215;200-1.png&#8221; admin_label=&#8221;Member 01&#8243; module_class=&#8221;single_team&#8221; _builder_version=&#8221;4.8.0&#8243; header_font=&#8221;|600|||||||&#8221; header_font_size=&#8221;20px&#8221; header_line_height=&#8221;2em&#8221; body_text_align=&#8221;center&#8221; background_size=&#8221;initial&#8221; background_position=&#8221;top_left&#8221; background_repeat=&#8221;repeat&#8221; text_orientation=&#8221;center&#8221; custom_padding=&#8221;20px|20px|20px|20px|true|true&#8221; animation_style=&#8221;fold&#8221; animation_direction=&#8221;bottom&#8221; animation_intensity_fold=&#8221;20%&#8221; border_radii=&#8221;on|3px|3px|3px|3px&#8221; box_shadow_style=&#8221;preset3&#8243;]<\/p>\n<p>&#8221;Jag vill att Glaze ska bidra till ett mer levande samh\u00e4lle och intelligent anv\u00e4ndning av av resurser. Detta kommer att skapa nya och l\u00f6nsamma marknader f\u00f6r kunderna.<br \/>\nAtt samla det b\u00e4sta teamet och utveckla dess kompetens. F\u00f6r att skapa en utm\u00e4rkt arbetsplats och atmosf\u00e4r. Att alltid lyssna och vara \u00f6ppen f\u00f6r nya id\u00e9er. Att forts\u00e4tta fira&#8221;. Jakob har varit partner och grundare under de senaste 10 \u00e5ren.<\/p>\n<p>[\/et_pb_team_member][\/et_pb_column][et_pb_column type=&#8221;1_3&#8243; _builder_version=&#8221;3.25&#8243; custom_padding=&#8221;|||&#8221; custom_padding__hover=&#8221;|||&#8221;][et_pb_team_member name=&#8221;LARS ISRAELSSON&#8221; image_url=&#8221;https:\/\/glazeholding.com\/wp-content\/uploads\/2021\/01\/lars-about-200&#215;200-1.png&#8221; admin_label=&#8221;Member 01&#8243; module_class=&#8221;single_team&#8221; _builder_version=&#8221;4.8.0&#8243; header_font=&#8221;|600|||||||&#8221; header_font_size=&#8221;20px&#8221; header_line_height=&#8221;2em&#8221; body_text_align=&#8221;center&#8221; background_size=&#8221;initial&#8221; background_position=&#8221;top_left&#8221; background_repeat=&#8221;repeat&#8221; text_orientation=&#8221;center&#8221; custom_padding=&#8221;20px|20px|20px|20px|true|true&#8221; animation_style=&#8221;fold&#8221; animation_direction=&#8221;bottom&#8221; animation_intensity_fold=&#8221;20%&#8221; border_radii=&#8221;on|3px|3px|3px|3px&#8221; box_shadow_style=&#8221;preset3&#8243;]<\/p>\n<p>&#8221;Jag utvecklar framg\u00e5ngsrika f\u00f6retag \u00e4ven i sv\u00e5ra tider. Jag vill m\u00f6ta utmaningarna och skapa en smidig l\u00f6sning som alla \u00e4r n\u00f6jda med. Att inspirera till aff\u00e4rsutveckling genom att f\u00e5 m\u00e4nniskor att \u00f6ppna upp och utforska olika v\u00e4gar till framg\u00e5ng. Att se saker och ting ur ett helhetsperspektiv, samtidigt som man \u00e4r praktisk och saklig&#8221;. Lars har grundat och framg\u00e5ngsrikt drivit m\u00e5nga teknik- och marknadsf\u00f6ringsf\u00f6retag.<\/p>\n<p>[\/et_pb_team_member][\/et_pb_column][\/et_pb_row][\/et_pb_section]<\/p>\n","protected":false},"excerpt":{"rendered":"<p>VISION: EN LEDANDE AKT\u00d6R I SKAPANDET AV ETT LEVANDE SAMH\u00c4LLE SOM UTNYTTJAR RESURSERNA P\u00c5 ETT INTELLIGENT S\u00c4TT. Vi \u00e4r ett f\u00f6retag som arbetar med strategisk aff\u00e4rsutveckling och IoT-l\u00f6sningar som specialiserar sig p\u00e5 att hj\u00e4lpa f\u00f6retag att skapa nya aff\u00e4rsv\u00e4rden genom att utnyttja IoT:s potential. Vi hj\u00e4lper dig att hitta dina aff\u00e4rsv\u00e4rden, integrera ett IoT-moln i [&hellip;]<\/p>\n","protected":false},"author":1,"featured_media":0,"parent":0,"menu_order":0,"comment_status":"closed","ping_status":"closed","template":"","meta":{"_et_pb_use_builder":"on","_et_pb_old_content":"","_et_gb_content_width":"","inline_featured_image":false,"footnotes":""},"class_list":["post-27783","page","type-page","status-publish","hentry"],"_links":{"self":[{"href":"https:\/\/glazeholding.com\/sv\/wp-json\/wp\/v2\/pages\/27783","targetHints":{"allow":["GET"]}}],"collection":[{"href":"https:\/\/glazeholding.com\/sv\/wp-json\/wp\/v2\/pages"}],"about":[{"href":"https:\/\/glazeholding.com\/sv\/wp-json\/wp\/v2\/types\/page"}],"author":[{"embeddable":true,"href":"https:\/\/glazeholding.com\/sv\/wp-json\/wp\/v2\/users\/1"}],"replies":[{"embeddable":true,"href":"https:\/\/glazeholding.com\/sv\/wp-json\/wp\/v2\/comments?post=27783"}],"version-history":[{"count":28,"href":"https:\/\/glazeholding.com\/sv\/wp-json\/wp\/v2\/pages\/27783\/revisions"}],"predecessor-version":[{"id":28902,"href":"https:\/\/glazeholding.com\/sv\/wp-json\/wp\/v2\/pages\/27783\/revisions\/28902"}],"wp:attachment":[{"href":"https:\/\/glazeholding.com\/sv\/wp-json\/wp\/v2\/media?parent=27783"}],"curies":[{"name":"wp","href":"https:\/\/api.w.org\/{rel}","templated":true}]}}