{"id":27850,"date":"2021-02-08T16:02:18","date_gmt":"2021-02-08T16:02:18","guid":{"rendered":"https:\/\/glazeholding.com\/iot-cloud-platform\/"},"modified":"2021-12-16T21:07:43","modified_gmt":"2021-12-16T21:07:43","slug":"iot-cloud-platform","status":"publish","type":"page","link":"https:\/\/glazeholding.com\/sv\/iot-cloud-platform\/","title":{"rendered":"IOT-MOLNPLATTFORM"},"content":{"rendered":"<p>[et_pb_section fb_built=&#8221;1&#8243; custom_padding_last_edited=&#8221;on|desktop&#8221; _builder_version=&#8221;4.8.0&#8243; _module_preset=&#8221;default&#8221; custom_padding=&#8221;80px||80px||false|false&#8221; custom_padding_tablet=&#8221;50px||50px||false|false&#8221; custom_padding_phone=&#8221;&#8221;][et_pb_row _builder_version=&#8221;3.25&#8243; background_size=&#8221;initial&#8221; background_position=&#8221;top_left&#8221; background_repeat=&#8221;repeat&#8221; custom_width_px=&#8221;710px&#8221;][et_pb_column type=&#8221;4_4&#8243; _builder_version=&#8221;3.25&#8243; background_position=&#8221;top_left&#8221; custom_padding=&#8221;|||&#8221; custom_padding__hover=&#8221;|||&#8221;][et_pb_divider color=&#8221;#D91F27&#8243; divider_weight=&#8221;3px&#8221; disabled_on=&#8221;off|off|off&#8221; _builder_version=&#8221;4.7.7&#8243; background_color_gradient_direction=&#8221;90deg&#8221; max_width=&#8221;100px&#8221; module_alignment=&#8221;center&#8221; height=&#8221;5px&#8221; custom_margin=&#8221;||20px|&#8221; custom_padding=&#8221;||20px|&#8221; animation_style=&#8221;slide&#8221; animation_direction=&#8221;bottom&#8221; saved_tabs=&#8221;all&#8221; locked=&#8221;off&#8221;][\/et_pb_divider][et_pb_text admin_label=&#8221;Project Section Title&#8221; _builder_version=&#8221;4.8.0&#8243; text_text_color=&#8221;#ffffff&#8221; text_font_size=&#8221;20px&#8221; header_font=&#8221;|600|||||||&#8221; header_2_font=&#8221;|600|||||||&#8221; header_2_text_align=&#8221;center&#8221; header_2_font_size=&#8221;45px&#8221; header_2_line_height=&#8221;1.2em&#8221; background_size=&#8221;initial&#8221; background_position=&#8221;top_left&#8221; background_repeat=&#8221;repeat&#8221; text_orientation=&#8221;center&#8221; custom_margin=&#8221;0px||15px||false|false&#8221; text_font_size_tablet=&#8221;17px&#8221; text_font_size_phone=&#8221;&#8221; text_font_size_last_edited=&#8221;on|desktop&#8221; header_2_font_size_tablet=&#8221;35px&#8221; header_2_font_size_phone=&#8221;24px&#8221; header_2_font_size_last_edited=&#8221;on|desktop&#8221;]<\/p>\n<h1>IOT-MOLNPLATTFORM<\/h1>\n<p>[\/et_pb_text][\/et_pb_column][\/et_pb_row][et_pb_row _builder_version=&#8221;4.8.0&#8243; _module_preset=&#8221;default&#8221; custom_padding=&#8221;0px||0px||false|false&#8221;][et_pb_column type=&#8221;4_4&#8243; _builder_version=&#8221;4.8.0&#8243; _module_preset=&#8221;default&#8221;][et_pb_divider color=&#8221;#D91F27&#8243; divider_weight=&#8221;3px&#8221; disabled_on=&#8221;off|off|off&#8221; _builder_version=&#8221;4.7.7&#8243; background_color_gradient_direction=&#8221;90deg&#8221; max_width=&#8221;100px&#8221; module_alignment=&#8221;left&#8221; height=&#8221;5px&#8221; custom_margin=&#8221;||20px|&#8221; custom_padding=&#8221;||20px|&#8221; animation_style=&#8221;slide&#8221; animation_direction=&#8221;bottom&#8221; saved_tabs=&#8221;all&#8221; locked=&#8221;off&#8221;][\/et_pb_divider][et_pb_cta title=&#8221;KORTFATTAD INTRODUKTION:&#8221; button_url=&#8221;#&#8221; admin_label=&#8221;Feature 01&#8243; _builder_version=&#8221;4.8.0&#8243; header_level=&#8221;h5&#8243; header_font=&#8221;|600|||||||&#8221; header_text_color=&#8221;#1f1f1f&#8221; header_font_size=&#8221;30px&#8221; header_line_height=&#8221;1.2em&#8221; use_background_color=&#8221;off&#8221; custom_button=&#8221;on&#8221; button_text_color=&#8221;#ffffff&#8221; button_border_width=&#8221;0px&#8221; button_letter_spacing=&#8221;2px&#8221; button_font=&#8221;|||on|||||&#8221; button_use_icon=&#8221;off&#8221; button_custom_padding=&#8221;10px|20px|10px|20px|true|true&#8221; text_orientation=&#8221;left&#8221; background_layout=&#8221;light&#8221; max_width_tablet=&#8221;&#8221; max_width_phone=&#8221;&#8221; max_width_last_edited=&#8221;on|desktop&#8221; module_alignment=&#8221;left&#8221; custom_margin=&#8221;|||&#8221; custom_padding=&#8221;|||&#8221; animation_style=&#8221;fold&#8221; animation_direction=&#8221;bottom&#8221; animation_intensity_fold=&#8221;15%&#8221; header_font_size_tablet=&#8221;&#8221; header_font_size_phone=&#8221;24px&#8221; header_font_size_last_edited=&#8221;on|desktop&#8221; button_text_color_hover=&#8221;#6eba01&#8243; button_border_color_hover=&#8221;#6eba01&#8243; button_border_radius_hover=&#8221;0&#8243; button_letter_spacing_hover=&#8221;2&#8243; button_bg_color_hover=&#8221;rgba(0,0,0,0)&#8221; saved_tabs=&#8221;all&#8221; locked=&#8221;off&#8221; button_text_size__hover_enabled=&#8221;off&#8221; button_one_text_size__hover_enabled=&#8221;off&#8221; button_two_text_size__hover_enabled=&#8221;off&#8221; button_text_color__hover_enabled=&#8221;on&#8221; button_one_text_color__hover_enabled=&#8221;off&#8221; button_two_text_color__hover_enabled=&#8221;off&#8221; button_border_width__hover_enabled=&#8221;on|desktop&#8221; button_one_border_width__hover_enabled=&#8221;off&#8221; button_two_border_width__hover_enabled=&#8221;off&#8221; button_border_color__hover_enabled=&#8221;on|hover&#8221; button_one_border_color__hover_enabled=&#8221;off&#8221; button_two_border_color__hover_enabled=&#8221;off&#8221; button_border_radius__hover_enabled=&#8221;on|desktop&#8221; button_border_radius__hover=&#8221;3px&#8221; button_one_border_radius__hover_enabled=&#8221;off&#8221; button_two_border_radius__hover_enabled=&#8221;off&#8221; button_letter_spacing__hover_enabled=&#8221;on|desktop&#8221; button_letter_spacing__hover=&#8221;2&#8243; button_one_letter_spacing__hover_enabled=&#8221;off&#8221; button_two_letter_spacing__hover_enabled=&#8221;off&#8221; button_bg_color__hover_enabled=&#8221;on|hover&#8221; button_one_bg_color__hover_enabled=&#8221;off&#8221; button_two_bg_color__hover_enabled=&#8221;off&#8221; button_bg_color__hover=&#8221;#808080&#8243; button_bg_enable_color__hover=&#8221;on&#8221;]<\/p>\n<p>F\u00f6retag som vill leverera uppkopplade produkter som \u00e4r differentierade eller som vill omvandla aff\u00e4rsprocesser st\u00e5r inf\u00f6r stora utmaningar n\u00e4r de m\u00e5ste\u00a0v\u00e4lja mellan och designa utifr\u00e5n fragmenterade delar av n\u00e4tverksteknik,<br \/>h\u00e5rdvara, protokollsystem, programvara, applikationer och analysl\u00f6sningar.\u00a0Glaze hj\u00e4lper d\u00e4rf\u00f6r till med att utforma och implementera IoT-molnplattformar och\u00a0f\u00f6renkla installation, hantering och drift av dessa molnplattformar. Glaze\u00a0kan skr\u00e4ddarsy en komplett, anpassad molnplattform f\u00f6r industriell IoT eller s\u00e5 kan vi anv\u00e4nda\u00a0v\u00e5r egen referensplattform (Beakon Tower) som antingen en spr\u00e5ngbr\u00e4da\u00a0eller som en f\u00e4rdig l\u00f6sning.<\/p>\n<p style=\"text-align: left;\">Oavsett om det \u00e4r en anpassad l\u00f6sning eller om den \u00e4r baserad p\u00e5 v\u00e5rt eget Beacon Tower <br \/>har vi en process som str\u00e4cker sig fr\u00e5n utveckling av aff\u00e4rsid\u00e9 till\u00a0genomf\u00f6rande, drift och underh\u00e5ll. I den h\u00e4r figuren av Glaze IoT projektprocess har vi zoomat in p\u00e5 sj\u00e4lva delen om IoT-moln.\u00a0Processen \u00e4r baserad p\u00e5 erfarenheter fr\u00e5n flertalet lanseringar av globala IoT-molnl\u00f6sningar f\u00f6r ledande skandinaviska f\u00f6retag.<\/p>\n<p>[\/et_pb_cta][\/et_pb_column][\/et_pb_row][et_pb_row _builder_version=&#8221;4.8.0&#8243; _module_preset=&#8221;default&#8221; custom_padding=&#8221;50px||0px||false|false&#8221;][et_pb_column type=&#8221;4_4&#8243; _builder_version=&#8221;4.8.0&#8243; _module_preset=&#8221;default&#8221;][et_pb_divider color=&#8221;#D91F27&#8243; divider_weight=&#8221;3px&#8221; disabled_on=&#8221;off|off|off&#8221; _builder_version=&#8221;4.7.7&#8243; background_color_gradient_direction=&#8221;90deg&#8221; max_width=&#8221;100px&#8221; module_alignment=&#8221;left&#8221; height=&#8221;5px&#8221; custom_margin=&#8221;||20px|&#8221; custom_padding=&#8221;||20px|&#8221; animation_style=&#8221;slide&#8221; animation_direction=&#8221;bottom&#8221; saved_tabs=&#8221;all&#8221; locked=&#8221;off&#8221;][\/et_pb_divider][et_pb_cta title=&#8221;YTTERLIGARE INFORMATION:&#8221; button_url=&#8221;#&#8221; admin_label=&#8221;Feature 01&#8243; _builder_version=&#8221;4.8.0&#8243; header_level=&#8221;h5&#8243; header_font=&#8221;|600|||||||&#8221; header_text_color=&#8221;#1f1f1f&#8221; header_font_size=&#8221;30px&#8221; header_line_height=&#8221;1.2em&#8221; use_background_color=&#8221;off&#8221; custom_button=&#8221;on&#8221; button_text_color=&#8221;#ffffff&#8221; button_border_width=&#8221;0px&#8221; button_letter_spacing=&#8221;2px&#8221; button_font=&#8221;|||on|||||&#8221; button_use_icon=&#8221;off&#8221; button_custom_padding=&#8221;10px|20px|10px|20px|true|true&#8221; text_orientation=&#8221;left&#8221; background_layout=&#8221;light&#8221; max_width_tablet=&#8221;&#8221; max_width_phone=&#8221;&#8221; max_width_last_edited=&#8221;on|desktop&#8221; module_alignment=&#8221;left&#8221; custom_margin=&#8221;|||&#8221; custom_padding=&#8221;|||&#8221; animation_style=&#8221;fold&#8221; animation_direction=&#8221;bottom&#8221; animation_intensity_fold=&#8221;15%&#8221; header_font_size_tablet=&#8221;&#8221; header_font_size_phone=&#8221;24px&#8221; header_font_size_last_edited=&#8221;on|desktop&#8221; button_text_color_hover=&#8221;#6eba01&#8243; button_border_color_hover=&#8221;#6eba01&#8243; button_border_radius_hover=&#8221;0&#8243; button_letter_spacing_hover=&#8221;2&#8243; button_bg_color_hover=&#8221;rgba(0,0,0,0)&#8221; saved_tabs=&#8221;all&#8221; locked=&#8221;off&#8221; button_text_size__hover_enabled=&#8221;off&#8221; button_one_text_size__hover_enabled=&#8221;off&#8221; button_two_text_size__hover_enabled=&#8221;off&#8221; button_text_color__hover_enabled=&#8221;on&#8221; button_one_text_color__hover_enabled=&#8221;off&#8221; button_two_text_color__hover_enabled=&#8221;off&#8221; button_border_width__hover_enabled=&#8221;on|desktop&#8221; button_one_border_width__hover_enabled=&#8221;off&#8221; button_two_border_width__hover_enabled=&#8221;off&#8221; button_border_color__hover_enabled=&#8221;on|hover&#8221; button_one_border_color__hover_enabled=&#8221;off&#8221; button_two_border_color__hover_enabled=&#8221;off&#8221; button_border_radius__hover_enabled=&#8221;on|desktop&#8221; button_border_radius__hover=&#8221;3px&#8221; button_one_border_radius__hover_enabled=&#8221;off&#8221; button_two_border_radius__hover_enabled=&#8221;off&#8221; button_letter_spacing__hover_enabled=&#8221;on|desktop&#8221; button_letter_spacing__hover=&#8221;2&#8243; button_one_letter_spacing__hover_enabled=&#8221;off&#8221; button_two_letter_spacing__hover_enabled=&#8221;off&#8221; button_bg_color__hover_enabled=&#8221;on|hover&#8221; button_one_bg_color__hover_enabled=&#8221;off&#8221; button_two_bg_color__hover_enabled=&#8221;off&#8221; button_bg_color__hover=&#8221;#808080&#8243; button_bg_enable_color__hover=&#8221;on&#8221;]<\/p>\n<p>N\u00e4r marknadsf\u00f6rh\u00e5llandena \u00e4r instabila m\u00e5ste konservativa industrij\u00e4ttar agera\u00a0snabbare f\u00f6r att \u00f6verleva. Den digitala omvandlingen av traditionella\u00a0tillverkningsf\u00f6retag kan inte &#8211; och f\u00e5r inte &#8211; bara handla om att effektivisera <br \/>befintliga industriella processer. Dessa f\u00f6retag m\u00e5ste se m\u00f6jligheterna i att anv\u00e4nda digitala <br \/>tj\u00e4nster som ett s\u00e4tt att skapa mer h\u00e5llbara och l\u00f6nsamma kundrelationer och som st\u00e4ndigt kan<br \/>anpassa produktv\u00e4rdet efter kundernas f\u00f6r\u00e4ndrade krav.<\/p>\n<p>Men de fysiska produkterna (och den h\u00e5rt f\u00f6rv\u00e4rvade industriella kompetensen som<br \/>skapade dem) f\u00f6rsvinner inte. En rik digital upplevelse ers\u00e4tter inte\u00a0en v\u00e4lbyggd premiumbil eller p\u00e5litliga och robusta industriella maskiner. Digitala tj\u00e4nster kompletterar snarare produkten och g\u00f6r det m\u00f6jligt att utforma, bygga, <br \/>s\u00e4lja, anv\u00e4nda och v\u00e4rdera den p\u00e5 nya s\u00e4tt. \u00c4ven om de fysiska produkterna f\u00f6rvisso finns kvar, m\u00e5ste f\u00f6retagen som byggde dem f\u00f6r\u00e4ndras f\u00f6r att \u00f6verleva, investera i digitala tj\u00e4nster och baka in det\u00a0djupt i allt de g\u00f6r. IoT \u00e4r basen som industrif\u00f6retag m\u00e5ste anv\u00e4nda f\u00f6r att kunna \u00f6verbrygga klyftan mellan det fysiska och det virtuella. Med Glazes tj\u00e4nster f\u00f6r IoT-molnplattformar f\u00e5r du hj\u00e4lp med att ta fram uppkopplade produkter och skapa insikter om uppkoppling.<\/p>\n<p>De typiska scenarierna illustreras h\u00e4r med v\u00e5r Beacon Tower-l\u00f6sning\u00a0som edge- och molnplattform:<\/p>\n<p>[\/et_pb_cta][et_pb_image src=&#8221;https:\/\/glazeholding.com\/wp-content\/uploads\/2021\/02\/IIoT_scenario.jpg&#8221; title_text=&#8221;GLAZE-FIGUR_AUG2019_OK_OUTLINE_updated&#8221; align=&#8221;center&#8221; _builder_version=&#8221;4.8.0&#8243; _module_preset=&#8221;default&#8221; max_width=&#8221;692px&#8221; module_alignment=&#8221;center&#8221; box_shadow_style=&#8221;preset1&#8243; box_shadow_color=&#8221;rgba(0,0,0,0.2)&#8221;][\/et_pb_image][et_pb_text _builder_version=&#8221;4.8.0&#8243; _module_preset=&#8221;default&#8221; custom_margin=&#8221;||0px||false|false&#8221;]<\/p>\n<p>Utmaningen ligger inte i att skapa en IoT-molnplattform p\u00e5 n\u00e5gra\u00a0dagar. Alla st\u00f6rre molnleverant\u00f6rer har acceleratorer och f\u00f6rkonfigurerade\u00a0l\u00f6sningar som g\u00f6r detta m\u00f6jligt. Och de flesta sensortillverkare erbjuder\u00a0n\u00e5gon form av molnl\u00f6sning som en del av deras tj\u00e4nster.<\/p>\n<p>Utmaningen \u00e4r att skapa en flexibel, skalbar och kostnadseffektiv plattform som kommer att vara en bra plattform f\u00f6r framtida analys och dataanv\u00e4ndning.<\/p>\n<p>P\u00e5 Glaze arbetar vi st\u00e4ndigt med IoT-molnplattformar och har gjort det sedan 2015 &#8211; s\u00e5 vi\u00a0k\u00e4nner till fallgroparna med andra ord. Allt f\u00f6r ofta genomf\u00f6rs IoT-datainsamling utan att <br \/>man tar h\u00e4nsyn till de olika alternativ som finns tillg\u00e4ngliga. Vi vet att det \u00e4r viktigt att ha\u00a0realistiska f\u00f6rv\u00e4ntningar inf\u00f6r resan. En design som blivit vald utan tillr\u00e4cklig\u00a0erfarenhet och analys blir ofta f\u00f6r dyr, vilket skapar en uppenbar risk f\u00f6r att aff\u00e4rsid\u00e9n med IoT avbryts av fel sk\u00e4l. Ett annat misstag som vi ofta har sett \u00e4r att man v\u00e4ljer en\u00a0sluten plattform d\u00e4r all data lagras isolerat och resulterar i att dataanalys, f\u00f6rebyggande underh\u00e5ll, fj\u00e4rr\u00f6vervakning och maskininl\u00e4rning samt integrering med f\u00f6retagets IT \u00e4r praktiskt taget om\u00f6jlig.<\/p>\n<p><strong>D\u00e4rf\u00f6r rekommenderar vi att :<\/strong><\/p>\n<ul>\n<li>Utv\u00e4rdera kraven f\u00f6r din IoT-molnplattform nedan f\u00f6r att f\u00e5 ordentlig bild av hur integrationspunkterna f\u00f6r edge computing och aff\u00e4rssystem ser ut<\/li>\n<li>Minimera risken genom att anv\u00e4nda standardl\u00f6sningar<\/li>\n<li>Bevara \u00e4gander\u00e4tten och datatillg\u00e5ngen<\/li>\n<\/ul>\n<p>P\u00e5 Glaze har vi etablerat en utg\u00e5ngspunkt f\u00f6r en IoT-molnplattform baserad p\u00e5 v\u00e5ra erfarenheter <br \/>fr\u00e5n de projekt vi har varit involverade i. Vi forts\u00e4tter att justera plattformen utifr\u00e5n <br \/>utvecklingen inom ekosystemen och erfarenheterna fr\u00e5n v\u00e5ra projekt. Vi kallar plattformen f\u00f6r Beacon Tower. Den inneh\u00e5ller l\u00f6sningar p\u00e5 m\u00e5nga av de saker som m\u00e5ste beaktas \u2013 d\u00e4r provisionering av enheter, <br \/>f\u00f6rvaltning av tillg\u00e5ngar och multitenans \u00e4r de mest uppenbara \u2013 men \u00e4ven valet av r\u00e4tt databas,\u00a0hantering och visualisering av tidsseriedata \u00e4r mycket viktigt.<\/p>\n<p><strong>Med v\u00e4rdefulla erfarenheter av processer, arkitektur och<\/strong><br \/><strong>implementering kan vi hj\u00e4lpa dig med:<\/strong><\/p>\n<p>&nbsp;<\/p>\n<ul>\n<li>Integrering av sensorer och edge-utrustning (t.ex. PLC, SCADA, MES, DCS, Historians)<\/li>\n<li>Provisionering av enheter<\/li>\n<li>Digitala tvillingar<\/li>\n<li>F\u00f6rvaltning av tillg\u00e5ngar<\/li>\n<li>Multitenans<\/li>\n<li>F\u00f6rfaranden f\u00f6r lagring av uppgifter<\/li>\n<li>Databaser och presentation av tidsserier<\/li>\n<li>Larm och meddelanden<\/li>\n<li>API f\u00f6r anv\u00e4ndarhantering<\/li>\n<li>API f\u00f6r aff\u00e4rsintegration<\/li>\n<\/ul>\n<p>[\/et_pb_text][\/et_pb_column][\/et_pb_row][et_pb_row _builder_version=&#8221;4.8.0&#8243; _module_preset=&#8221;default&#8221; custom_padding=&#8221;50px||0px||false|false&#8221;][et_pb_column type=&#8221;4_4&#8243; _builder_version=&#8221;4.8.0&#8243; _module_preset=&#8221;default&#8221;][et_pb_divider color=&#8221;#D91F27&#8243; divider_weight=&#8221;3px&#8221; disabled_on=&#8221;off|off|off&#8221; _builder_version=&#8221;4.7.7&#8243; background_color_gradient_direction=&#8221;90deg&#8221; max_width=&#8221;100px&#8221; module_alignment=&#8221;left&#8221; height=&#8221;5px&#8221; custom_margin=&#8221;||20px|&#8221; custom_padding=&#8221;||20px|&#8221; animation_style=&#8221;slide&#8221; animation_direction=&#8221;bottom&#8221; saved_tabs=&#8221;all&#8221; locked=&#8221;off&#8221;][\/et_pb_divider][et_pb_cta title=&#8221;MER INFORMATION:&#8221; button_url=&#8221;#&#8221; admin_label=&#8221;Feature 01&#8243; _builder_version=&#8221;4.8.2&#8243; header_level=&#8221;h5&#8243; header_font=&#8221;|600|||||||&#8221; header_text_color=&#8221;#1f1f1f&#8221; header_font_size=&#8221;30px&#8221; header_line_height=&#8221;1.2em&#8221; use_background_color=&#8221;off&#8221; custom_button=&#8221;on&#8221; button_text_color=&#8221;#ffffff&#8221; button_border_width=&#8221;0px&#8221; button_letter_spacing=&#8221;2px&#8221; button_font=&#8221;|||on|||||&#8221; button_use_icon=&#8221;off&#8221; button_custom_padding=&#8221;10px|20px|10px|20px|true|true&#8221; text_orientation=&#8221;left&#8221; background_layout=&#8221;light&#8221; max_width_tablet=&#8221;&#8221; max_width_phone=&#8221;&#8221; max_width_last_edited=&#8221;on|desktop&#8221; module_alignment=&#8221;left&#8221; custom_margin=&#8221;|||&#8221; custom_padding=&#8221;|||&#8221; animation_style=&#8221;fold&#8221; animation_direction=&#8221;bottom&#8221; animation_intensity_fold=&#8221;15%&#8221; hover_enabled=&#8221;0&#8243; header_font_size_tablet=&#8221;&#8221; header_font_size_phone=&#8221;24px&#8221; header_font_size_last_edited=&#8221;on|desktop&#8221; button_text_color_hover=&#8221;#6eba01&#8243; button_border_color_hover=&#8221;#6eba01&#8243; button_border_radius_hover=&#8221;0&#8243; button_letter_spacing_hover=&#8221;2&#8243; button_bg_color_hover=&#8221;rgba(0,0,0,0)&#8221; saved_tabs=&#8221;all&#8221; locked=&#8221;off&#8221; button_text_size__hover_enabled=&#8221;off&#8221; button_one_text_size__hover_enabled=&#8221;off&#8221; button_two_text_size__hover_enabled=&#8221;off&#8221; button_text_color__hover_enabled=&#8221;on&#8221; button_one_text_color__hover_enabled=&#8221;off&#8221; button_two_text_color__hover_enabled=&#8221;off&#8221; button_border_width__hover_enabled=&#8221;on|desktop&#8221; button_one_border_width__hover_enabled=&#8221;off&#8221; button_two_border_width__hover_enabled=&#8221;off&#8221; button_border_color__hover_enabled=&#8221;on|hover&#8221; button_one_border_color__hover_enabled=&#8221;off&#8221; button_two_border_color__hover_enabled=&#8221;off&#8221; button_border_radius__hover_enabled=&#8221;on|desktop&#8221; button_border_radius__hover=&#8221;3px&#8221; button_one_border_radius__hover_enabled=&#8221;off&#8221; button_two_border_radius__hover_enabled=&#8221;off&#8221; button_letter_spacing__hover_enabled=&#8221;on|desktop&#8221; button_letter_spacing__hover=&#8221;2&#8243; button_one_letter_spacing__hover_enabled=&#8221;off&#8221; button_two_letter_spacing__hover_enabled=&#8221;off&#8221; button_bg_color__hover_enabled=&#8221;on|hover&#8221; button_one_bg_color__hover_enabled=&#8221;off&#8221; button_two_bg_color__hover_enabled=&#8221;off&#8221; button_bg_color__hover=&#8221;#808080&#8243; button_bg_enable_color__hover=&#8221;on&#8221; sticky_enabled=&#8221;0&#8243;]<\/p>\n<p>Managing Partner, Jakob Appel,&nbsp;<a href=\"mailto:jakob.appel@glazeholding.com\" data-mce-href=\"mailto:jakob.appel@glazeholding.com\">jakob.appel@glazeholding.com<\/a>, +45 26 17 18 58<\/p>\n<p>[\/et_pb_cta][\/et_pb_column][\/et_pb_row][\/et_pb_section]<\/p>\n","protected":false},"excerpt":{"rendered":"<p>IOT-MOLNPLATTFORMF\u00f6retag som vill leverera uppkopplade produkter som \u00e4r differentierade eller som vill omvandla aff\u00e4rsprocesser st\u00e5r inf\u00f6r stora utmaningar n\u00e4r de m\u00e5ste\u00a0v\u00e4lja mellan och designa utifr\u00e5n fragmenterade delar av n\u00e4tverksteknik,h\u00e5rdvara, protokollsystem, programvara, applikationer och analysl\u00f6sningar.\u00a0Glaze hj\u00e4lper d\u00e4rf\u00f6r till med att utforma och implementera IoT-molnplattformar och\u00a0f\u00f6renkla installation, hantering och drift av dessa molnplattformar. Glaze\u00a0kan skr\u00e4ddarsy en komplett, [&hellip;]<\/p>\n","protected":false},"author":1,"featured_media":0,"parent":0,"menu_order":0,"comment_status":"closed","ping_status":"closed","template":"","meta":{"_et_pb_use_builder":"on","_et_pb_old_content":"","_et_gb_content_width":"","inline_featured_image":false,"footnotes":""},"class_list":["post-27850","page","type-page","status-publish","hentry"],"_links":{"self":[{"href":"https:\/\/glazeholding.com\/sv\/wp-json\/wp\/v2\/pages\/27850","targetHints":{"allow":["GET"]}}],"collection":[{"href":"https:\/\/glazeholding.com\/sv\/wp-json\/wp\/v2\/pages"}],"about":[{"href":"https:\/\/glazeholding.com\/sv\/wp-json\/wp\/v2\/types\/page"}],"author":[{"embeddable":true,"href":"https:\/\/glazeholding.com\/sv\/wp-json\/wp\/v2\/users\/1"}],"replies":[{"embeddable":true,"href":"https:\/\/glazeholding.com\/sv\/wp-json\/wp\/v2\/comments?post=27850"}],"version-history":[{"count":17,"href":"https:\/\/glazeholding.com\/sv\/wp-json\/wp\/v2\/pages\/27850\/revisions"}],"predecessor-version":[{"id":28899,"href":"https:\/\/glazeholding.com\/sv\/wp-json\/wp\/v2\/pages\/27850\/revisions\/28899"}],"wp:attachment":[{"href":"https:\/\/glazeholding.com\/sv\/wp-json\/wp\/v2\/media?parent=27850"}],"curies":[{"name":"wp","href":"https:\/\/api.w.org\/{rel}","templated":true}]}}