{"id":27869,"date":"2021-02-08T16:04:15","date_gmt":"2021-02-08T16:04:15","guid":{"rendered":"https:\/\/glazeholding.com\/project-execution-and-expert-resources\/"},"modified":"2021-12-16T21:03:04","modified_gmt":"2021-12-16T21:03:04","slug":"project-execution-and-expert-resources","status":"publish","type":"page","link":"https:\/\/glazeholding.com\/sv\/project-execution-and-expert-resources\/","title":{"rendered":"PROJEKTGENOMF\u00d6RANDE OCH EXPERTRESURSER"},"content":{"rendered":"<p>[et_pb_section fb_built=&#8221;1&#8243; custom_padding_last_edited=&#8221;on|desktop&#8221; _builder_version=&#8221;4.8.0&#8243; _module_preset=&#8221;default&#8221; custom_padding=&#8221;80px||80px||false|false&#8221; custom_padding_tablet=&#8221;50px||50px||false|false&#8221; custom_padding_phone=&#8221;&#8221;][et_pb_row _builder_version=&#8221;3.25&#8243; background_size=&#8221;initial&#8221; background_position=&#8221;top_left&#8221; background_repeat=&#8221;repeat&#8221; custom_width_px=&#8221;710px&#8221;][et_pb_column type=&#8221;4_4&#8243; _builder_version=&#8221;3.25&#8243; background_position=&#8221;top_left&#8221; custom_padding=&#8221;|||&#8221; custom_padding__hover=&#8221;|||&#8221;][et_pb_divider color=&#8221;#D91F27&#8243; divider_weight=&#8221;3px&#8221; disabled_on=&#8221;off|off|off&#8221; _builder_version=&#8221;4.7.7&#8243; background_color_gradient_direction=&#8221;90deg&#8221; max_width=&#8221;100px&#8221; module_alignment=&#8221;center&#8221; height=&#8221;5px&#8221; custom_margin=&#8221;||20px|&#8221; custom_padding=&#8221;||20px|&#8221; animation_style=&#8221;slide&#8221; animation_direction=&#8221;bottom&#8221; saved_tabs=&#8221;all&#8221; locked=&#8221;off&#8221;][\/et_pb_divider][et_pb_text admin_label=&#8221;Project Section Title&#8221; _builder_version=&#8221;4.8.0&#8243; text_text_color=&#8221;#ffffff&#8221; text_font_size=&#8221;20px&#8221; header_font=&#8221;|600|||||||&#8221; header_2_font=&#8221;|600|||||||&#8221; header_2_text_align=&#8221;center&#8221; header_2_font_size=&#8221;45px&#8221; header_2_line_height=&#8221;1.2em&#8221; background_size=&#8221;initial&#8221; background_position=&#8221;top_left&#8221; background_repeat=&#8221;repeat&#8221; text_orientation=&#8221;center&#8221; custom_margin=&#8221;0px||15px||false|false&#8221; text_font_size_tablet=&#8221;17px&#8221; text_font_size_phone=&#8221;&#8221; text_font_size_last_edited=&#8221;on|desktop&#8221; header_2_font_size_tablet=&#8221;35px&#8221; header_2_font_size_phone=&#8221;24px&#8221; header_2_font_size_last_edited=&#8221;on|desktop&#8221;]<\/p>\n<h2>PROJEKTGENOMF\u00d6RANDE OCH EXPERTRESURSER<\/h2>\n<p>[\/et_pb_text][\/et_pb_column][\/et_pb_row][et_pb_row _builder_version=&#8221;4.8.0&#8243; _module_preset=&#8221;default&#8221; custom_padding=&#8221;0px||0px||false|false&#8221;][et_pb_column type=&#8221;4_4&#8243; _builder_version=&#8221;4.8.0&#8243; _module_preset=&#8221;default&#8221;][et_pb_divider color=&#8221;#D91F27&#8243; divider_weight=&#8221;3px&#8221; disabled_on=&#8221;off|off|off&#8221; _builder_version=&#8221;4.7.7&#8243; background_color_gradient_direction=&#8221;90deg&#8221; max_width=&#8221;100px&#8221; module_alignment=&#8221;left&#8221; height=&#8221;5px&#8221; custom_margin=&#8221;||20px|&#8221; custom_padding=&#8221;||20px|&#8221; animation_style=&#8221;slide&#8221; animation_direction=&#8221;bottom&#8221; saved_tabs=&#8221;all&#8221; locked=&#8221;off&#8221;][\/et_pb_divider][et_pb_cta title=&#8221;KORTFATTAD INTRODUKTION:&#8221; button_url=&#8221;#&#8221; admin_label=&#8221;Feature 01&#8243; _builder_version=&#8221;4.8.0&#8243; header_level=&#8221;h5&#8243; header_font=&#8221;|600|||||||&#8221; header_text_color=&#8221;#1f1f1f&#8221; header_font_size=&#8221;30px&#8221; header_line_height=&#8221;1.2em&#8221; use_background_color=&#8221;off&#8221; custom_button=&#8221;on&#8221; button_text_color=&#8221;#ffffff&#8221; button_border_width=&#8221;0px&#8221; button_letter_spacing=&#8221;2px&#8221; button_font=&#8221;|||on|||||&#8221; button_use_icon=&#8221;off&#8221; button_custom_padding=&#8221;10px|20px|10px|20px|true|true&#8221; text_orientation=&#8221;left&#8221; background_layout=&#8221;light&#8221; max_width_tablet=&#8221;&#8221; max_width_phone=&#8221;&#8221; max_width_last_edited=&#8221;on|desktop&#8221; module_alignment=&#8221;left&#8221; custom_margin=&#8221;|||&#8221; custom_padding=&#8221;|||&#8221; animation_style=&#8221;fold&#8221; animation_direction=&#8221;bottom&#8221; animation_intensity_fold=&#8221;15%&#8221; header_font_size_tablet=&#8221;&#8221; header_font_size_phone=&#8221;24px&#8221; header_font_size_last_edited=&#8221;on|desktop&#8221; button_text_color_hover=&#8221;#6eba01&#8243; button_border_color_hover=&#8221;#6eba01&#8243; button_border_radius_hover=&#8221;0&#8243; button_letter_spacing_hover=&#8221;2&#8243; button_bg_color_hover=&#8221;rgba(0,0,0,0)&#8221; saved_tabs=&#8221;all&#8221; locked=&#8221;off&#8221; button_text_size__hover_enabled=&#8221;off&#8221; button_one_text_size__hover_enabled=&#8221;off&#8221; button_two_text_size__hover_enabled=&#8221;off&#8221; button_text_color__hover_enabled=&#8221;on&#8221; button_one_text_color__hover_enabled=&#8221;off&#8221; button_two_text_color__hover_enabled=&#8221;off&#8221; button_border_width__hover_enabled=&#8221;on|desktop&#8221; button_one_border_width__hover_enabled=&#8221;off&#8221; button_two_border_width__hover_enabled=&#8221;off&#8221; button_border_color__hover_enabled=&#8221;on|hover&#8221; button_one_border_color__hover_enabled=&#8221;off&#8221; button_two_border_color__hover_enabled=&#8221;off&#8221; button_border_radius__hover_enabled=&#8221;on|desktop&#8221; button_border_radius__hover=&#8221;3px&#8221; button_one_border_radius__hover_enabled=&#8221;off&#8221; button_two_border_radius__hover_enabled=&#8221;off&#8221; button_letter_spacing__hover_enabled=&#8221;on|desktop&#8221; button_letter_spacing__hover=&#8221;2&#8243; button_one_letter_spacing__hover_enabled=&#8221;off&#8221; button_two_letter_spacing__hover_enabled=&#8221;off&#8221; button_bg_color__hover_enabled=&#8221;on|hover&#8221; button_one_bg_color__hover_enabled=&#8221;off&#8221; button_two_bg_color__hover_enabled=&#8221;off&#8221; button_bg_color__hover=&#8221;#808080&#8243; button_bg_enable_color__hover=&#8221;on&#8221;]<\/p>\n<p>Vi har kunder som vill att vi ska vara deras betrodda r\u00e5dgivare n\u00e4r de\u00a0startar upp sin egen verksamhet, vi har kunder som vill att vi ska<br \/>f\u00f6rse dem med en erfaren molnarkitekt och vi har kunder som\u00a0vill att vi ska genomf\u00f6ra hela projekt. Att ha personer med\u00a0r\u00e4tt f\u00e4rdigheter, kompetenser och erfarenheter \u00e4r avg\u00f6rande n\u00e4r IoT-projekt ska implementeras, oavsett hur projektet genomf\u00f6rs.<\/p>\n<p>Vi har en stark kompetens n\u00e4r projekten ska genomf\u00f6ras. Vi har\u00a0anst\u00e4llda projektledare, molnarkitekter och molnutvecklare,<br \/>men \u00e4ven ett brett n\u00e4tverk av partners inom t.ex. sensorer, inbyggda\u00a0system, Edge Gateways, Augmented Reality, maskininl\u00e4rning och alla m\u00f6jliga\u00a0typer av Microsoft-teknik (t.ex. infrastruktur, .NET-applikationer),\u00a0Dynamics (365), Office 365) som g\u00f6r det m\u00f6jligt f\u00f6r oss att hj\u00e4lpa v\u00e5ra kunder oavsett hur de vill g\u00e5 vidare.<\/p>\n<p>[\/et_pb_cta][\/et_pb_column][\/et_pb_row][et_pb_row _builder_version=&#8221;4.8.0&#8243; _module_preset=&#8221;default&#8221; custom_padding=&#8221;50px||0px||false|false&#8221;][et_pb_column type=&#8221;4_4&#8243; _builder_version=&#8221;4.8.0&#8243; _module_preset=&#8221;default&#8221;][et_pb_divider color=&#8221;#D91F27&#8243; divider_weight=&#8221;3px&#8221; disabled_on=&#8221;off|off|off&#8221; _builder_version=&#8221;4.7.7&#8243; background_color_gradient_direction=&#8221;90deg&#8221; max_width=&#8221;100px&#8221; module_alignment=&#8221;left&#8221; height=&#8221;5px&#8221; custom_margin=&#8221;||20px|&#8221; custom_padding=&#8221;||20px|&#8221; animation_style=&#8221;slide&#8221; animation_direction=&#8221;bottom&#8221; saved_tabs=&#8221;all&#8221; locked=&#8221;off&#8221;][\/et_pb_divider][et_pb_cta title=&#8221;YTTERLIGARE INFORMATION:&#8221; button_url=&#8221;#&#8221; admin_label=&#8221;Feature 01&#8243; _builder_version=&#8221;4.8.0&#8243; header_level=&#8221;h5&#8243; header_font=&#8221;|600|||||||&#8221; header_text_color=&#8221;#1f1f1f&#8221; header_font_size=&#8221;30px&#8221; header_line_height=&#8221;1.2em&#8221; use_background_color=&#8221;off&#8221; custom_button=&#8221;on&#8221; button_text_color=&#8221;#ffffff&#8221; button_border_width=&#8221;0px&#8221; button_letter_spacing=&#8221;2px&#8221; button_font=&#8221;|||on|||||&#8221; button_use_icon=&#8221;off&#8221; button_custom_padding=&#8221;10px|20px|10px|20px|true|true&#8221; text_orientation=&#8221;left&#8221; background_layout=&#8221;light&#8221; max_width_tablet=&#8221;&#8221; max_width_phone=&#8221;&#8221; max_width_last_edited=&#8221;on|desktop&#8221; module_alignment=&#8221;left&#8221; custom_margin=&#8221;|||&#8221; custom_padding=&#8221;|||&#8221; animation_style=&#8221;fold&#8221; animation_direction=&#8221;bottom&#8221; animation_intensity_fold=&#8221;15%&#8221; header_font_size_tablet=&#8221;&#8221; header_font_size_phone=&#8221;24px&#8221; header_font_size_last_edited=&#8221;on|desktop&#8221; button_text_color_hover=&#8221;#6eba01&#8243; button_border_color_hover=&#8221;#6eba01&#8243; button_border_radius_hover=&#8221;0&#8243; button_letter_spacing_hover=&#8221;2&#8243; button_bg_color_hover=&#8221;rgba(0,0,0,0)&#8221; saved_tabs=&#8221;all&#8221; locked=&#8221;off&#8221; button_text_size__hover_enabled=&#8221;off&#8221; button_one_text_size__hover_enabled=&#8221;off&#8221; button_two_text_size__hover_enabled=&#8221;off&#8221; button_text_color__hover_enabled=&#8221;on&#8221; button_one_text_color__hover_enabled=&#8221;off&#8221; button_two_text_color__hover_enabled=&#8221;off&#8221; button_border_width__hover_enabled=&#8221;on|desktop&#8221; button_one_border_width__hover_enabled=&#8221;off&#8221; button_two_border_width__hover_enabled=&#8221;off&#8221; button_border_color__hover_enabled=&#8221;on|hover&#8221; button_one_border_color__hover_enabled=&#8221;off&#8221; button_two_border_color__hover_enabled=&#8221;off&#8221; button_border_radius__hover_enabled=&#8221;on|desktop&#8221; button_border_radius__hover=&#8221;3px&#8221; button_one_border_radius__hover_enabled=&#8221;off&#8221; button_two_border_radius__hover_enabled=&#8221;off&#8221; button_letter_spacing__hover_enabled=&#8221;on|desktop&#8221; button_letter_spacing__hover=&#8221;2&#8243; button_one_letter_spacing__hover_enabled=&#8221;off&#8221; button_two_letter_spacing__hover_enabled=&#8221;off&#8221; button_bg_color__hover_enabled=&#8221;on|hover&#8221; button_one_bg_color__hover_enabled=&#8221;off&#8221; button_two_bg_color__hover_enabled=&#8221;off&#8221; button_bg_color__hover=&#8221;#808080&#8243; button_bg_enable_color__hover=&#8221;on&#8221;][\/et_pb_cta][et_pb_image src=&#8221;https:\/\/glazeholding.com\/wp-content\/uploads\/2021\/02\/pm-hires.jpg&#8221; title_text=&#8221;project-execution-and-expert-resources-e1563356404240&#8243; align=&#8221;center&#8221; _builder_version=&#8221;4.8.0&#8243; _module_preset=&#8221;default&#8221; max_width=&#8221;703px&#8221; module_alignment=&#8221;center&#8221; box_shadow_style=&#8221;preset1&#8243; box_shadow_color=&#8221;rgba(0,0,0,0.2)&#8221;][\/et_pb_image][et_pb_text _builder_version=&#8221;4.8.0&#8243; _module_preset=&#8221;default&#8221; custom_margin=&#8221;||0px||false|false&#8221;]<\/p>\n<p>Utmaningen \u00e4r inte att planera snabba projekt till ett l\u00e5gt pris.<\/p>\n<p>Utvecklingskostnader och leveranstider st\u00e5r alltid h\u00f6gst upp p\u00e5\u00a0listan, men de \u00e4r inte den enda prioriteringen. Utmaningen \u00e4r att\u00a0balansera kvalitet, utvecklingskostnad\/tid och funktionalitet. Projektet\u00a0har inte lyckats om n\u00e5gon av dessa parametrar inte uppfyllts.<\/p>\n<p>Om du letar efter en specifik teknisk kompetens f\u00f6r din IT-utveckling, en bredare helhetssyn p\u00e5 din l\u00f6sning eller en resurs som\u00a0kan sk\u00f6ta ditt utvecklingsprojekt, kan vi f\u00f6rmodligen hj\u00e4lpa dig med det. Med tillg\u00e5ng till v\u00e5rt kvalificerade n\u00e4tverk av frilansare p\u00e5 heltid och\u00a0deltidsr\u00e5dgivare hittar vi alltid en l\u00f6sning f\u00f6r v\u00e5ra kunders resursbehov.<\/p>\n<p><strong>Vi anser att ett framg\u00e5ngsrikt projekt beh\u00f6ver<\/strong><\/p>\n<ul>\n<li>R\u00e4tt projektgrupp<\/li>\n<li>Balans mellan kvalitet, funktionalitet och kostnad<\/li>\n<li>Planering av utvecklingsprocessen och en tidsplan med ett iterativt tillv\u00e4gag\u00e5ngss\u00e4tt<\/li>\n<\/ul>\n<p>Men den absolut viktigaste f\u00f6ruts\u00e4ttningen f\u00f6r ett framg\u00e5ngsrikt projekt \u00e4r ett team som<br \/>arbetar. Teamet fungerar om personerna har r\u00e4tt kompetens, samarbetar\u00a0produktivt och \u00e4r tillg\u00e4ngliga.<\/p>\n<p>P\u00e5 Glaze har vi ett team av projektledare som har fokuserat p\u00e5 detta under l\u00e5ng tid. Vi vet att det \u00e4r viktigt att syna alla risker och balansera alla f\u00f6rv\u00e4ntningar i f\u00f6rh\u00e5llande till projektets omfattning. Vi vet att det \u00e4r de sm\u00e5 detaljerna som g\u00f6r det och att noggrann planering \u00e4r viktigt, men ocks\u00e5 att planering \u00e4r att gissa sig fram om det ok\u00e4nda. L\u00e5t oss\u00a0hj\u00e4lpa dig att f\u00f6ra ditt projekt fram\u00e5t.<\/p>\n<p>[\/et_pb_text][\/et_pb_column][\/et_pb_row][et_pb_row _builder_version=&#8221;4.8.0&#8243; _module_preset=&#8221;default&#8221; custom_padding=&#8221;50px||0px||false|false&#8221;][et_pb_column type=&#8221;4_4&#8243; _builder_version=&#8221;4.8.0&#8243; _module_preset=&#8221;default&#8221;][et_pb_divider color=&#8221;#D91F27&#8243; divider_weight=&#8221;3px&#8221; disabled_on=&#8221;off|off|off&#8221; _builder_version=&#8221;4.7.7&#8243; background_color_gradient_direction=&#8221;90deg&#8221; max_width=&#8221;100px&#8221; module_alignment=&#8221;left&#8221; height=&#8221;5px&#8221; custom_margin=&#8221;||20px|&#8221; custom_padding=&#8221;||20px|&#8221; animation_style=&#8221;slide&#8221; animation_direction=&#8221;bottom&#8221; saved_tabs=&#8221;all&#8221; locked=&#8221;off&#8221;][\/et_pb_divider][et_pb_cta title=&#8221;MORE INFORMATION:&#8221; button_url=&#8221;#&#8221; admin_label=&#8221;Feature 01&#8243; _builder_version=&#8221;4.8.2&#8243; header_level=&#8221;h5&#8243; header_font=&#8221;|600|||||||&#8221; header_text_color=&#8221;#1f1f1f&#8221; header_font_size=&#8221;30px&#8221; header_line_height=&#8221;1.2em&#8221; use_background_color=&#8221;off&#8221; custom_button=&#8221;on&#8221; button_text_color=&#8221;#ffffff&#8221; button_border_width=&#8221;0px&#8221; button_letter_spacing=&#8221;2px&#8221; button_font=&#8221;|||on|||||&#8221; button_use_icon=&#8221;off&#8221; button_custom_padding=&#8221;10px|20px|10px|20px|true|true&#8221; text_orientation=&#8221;left&#8221; background_layout=&#8221;light&#8221; max_width_tablet=&#8221;&#8221; max_width_phone=&#8221;&#8221; max_width_last_edited=&#8221;on|desktop&#8221; module_alignment=&#8221;left&#8221; custom_margin=&#8221;|||&#8221; custom_padding=&#8221;|||&#8221; animation_style=&#8221;fold&#8221; animation_direction=&#8221;bottom&#8221; animation_intensity_fold=&#8221;15%&#8221; hover_enabled=&#8221;0&#8243; header_font_size_tablet=&#8221;&#8221; header_font_size_phone=&#8221;24px&#8221; header_font_size_last_edited=&#8221;on|desktop&#8221; button_text_color_hover=&#8221;#6eba01&#8243; button_border_color_hover=&#8221;#6eba01&#8243; button_border_radius_hover=&#8221;0&#8243; button_letter_spacing_hover=&#8221;2&#8243; button_bg_color_hover=&#8221;rgba(0,0,0,0)&#8221; saved_tabs=&#8221;all&#8221; locked=&#8221;off&#8221; button_text_size__hover_enabled=&#8221;off&#8221; button_one_text_size__hover_enabled=&#8221;off&#8221; button_two_text_size__hover_enabled=&#8221;off&#8221; button_text_color__hover_enabled=&#8221;on&#8221; button_one_text_color__hover_enabled=&#8221;off&#8221; button_two_text_color__hover_enabled=&#8221;off&#8221; button_border_width__hover_enabled=&#8221;on|desktop&#8221; button_one_border_width__hover_enabled=&#8221;off&#8221; button_two_border_width__hover_enabled=&#8221;off&#8221; button_border_color__hover_enabled=&#8221;on|hover&#8221; button_one_border_color__hover_enabled=&#8221;off&#8221; button_two_border_color__hover_enabled=&#8221;off&#8221; button_border_radius__hover_enabled=&#8221;on|desktop&#8221; button_border_radius__hover=&#8221;3px&#8221; button_one_border_radius__hover_enabled=&#8221;off&#8221; button_two_border_radius__hover_enabled=&#8221;off&#8221; button_letter_spacing__hover_enabled=&#8221;on|desktop&#8221; button_letter_spacing__hover=&#8221;2&#8243; button_one_letter_spacing__hover_enabled=&#8221;off&#8221; button_two_letter_spacing__hover_enabled=&#8221;off&#8221; button_bg_color__hover_enabled=&#8221;on|hover&#8221; button_one_bg_color__hover_enabled=&#8221;off&#8221; button_two_bg_color__hover_enabled=&#8221;off&#8221; button_bg_color__hover=&#8221;#808080&#8243; button_bg_enable_color__hover=&#8221;on&#8221; sticky_enabled=&#8221;0&#8243;]<\/p>\n<p><span>Partner, Flemming von Holck,\u00a0<\/span><a href=\"mailto:flemming.von.holck@glazeholding.com\">flemming.von.holck@glazeholding.com<\/a><span>, +45 30 66 30 61<\/span><\/p>\n<p>[\/et_pb_cta][\/et_pb_column][\/et_pb_row][\/et_pb_section]<\/p>\n","protected":false},"excerpt":{"rendered":"<p>PROJEKTGENOMF\u00d6RANDE OCH EXPERTRESURSERVi har kunder som vill att vi ska vara deras betrodda r\u00e5dgivare n\u00e4r de\u00a0startar upp sin egen verksamhet, vi har kunder som vill att vi skaf\u00f6rse dem med en erfaren molnarkitekt och vi har kunder som\u00a0vill att vi ska genomf\u00f6ra hela projekt. Att ha personer med\u00a0r\u00e4tt f\u00e4rdigheter, kompetenser och erfarenheter \u00e4r avg\u00f6rande n\u00e4r [&hellip;]<\/p>\n","protected":false},"author":1,"featured_media":0,"parent":0,"menu_order":0,"comment_status":"closed","ping_status":"closed","template":"","meta":{"_et_pb_use_builder":"on","_et_pb_old_content":"","_et_gb_content_width":"","inline_featured_image":false,"footnotes":""},"class_list":["post-27869","page","type-page","status-publish","hentry"],"_links":{"self":[{"href":"https:\/\/glazeholding.com\/sv\/wp-json\/wp\/v2\/pages\/27869","targetHints":{"allow":["GET"]}}],"collection":[{"href":"https:\/\/glazeholding.com\/sv\/wp-json\/wp\/v2\/pages"}],"about":[{"href":"https:\/\/glazeholding.com\/sv\/wp-json\/wp\/v2\/types\/page"}],"author":[{"embeddable":true,"href":"https:\/\/glazeholding.com\/sv\/wp-json\/wp\/v2\/users\/1"}],"replies":[{"embeddable":true,"href":"https:\/\/glazeholding.com\/sv\/wp-json\/wp\/v2\/comments?post=27869"}],"version-history":[{"count":11,"href":"https:\/\/glazeholding.com\/sv\/wp-json\/wp\/v2\/pages\/27869\/revisions"}],"predecessor-version":[{"id":28890,"href":"https:\/\/glazeholding.com\/sv\/wp-json\/wp\/v2\/pages\/27869\/revisions\/28890"}],"wp:attachment":[{"href":"https:\/\/glazeholding.com\/sv\/wp-json\/wp\/v2\/media?parent=27869"}],"curies":[{"name":"wp","href":"https:\/\/api.w.org\/{rel}","templated":true}]}}